{"id":152,"date":"2013-07-01T11:21:32","date_gmt":"2013-07-01T09:21:32","guid":{"rendered":"http:\/\/wordpress.nibis.de\/stsvergy\/?page_id=152"},"modified":"2022-05-16T14:41:31","modified_gmt":"2022-05-16T12:41:31","slug":"links","status":"publish","type":"page","link":"https:\/\/wordpress.nibis.de\/stsvergy\/links\/","title":{"rendered":""},"content":{"rendered":"<p><strong><span style=\"font-family: arial,helvetica,sans-serif;font-size: medium\">An dieser Stelle finden Sie einige f\u00fcr Ihre Ausbildung n\u00fctzliche Links zur\u00a0 eigenen Recherche:<\/span><\/strong><\/p>\n<p><a title=\"Nieders\u00e4chsisches Kultusministerium\" href=\"http:\/\/www.mk.niedersachsen.de\/portal\/live.php?navigation_id=1813&amp;_psmand=8\" target=\"_blank\" rel=\"noopener\"><span style=\"font-family: arial,helvetica,sans-serif;font-size: medium\">Nieders\u00e4chsisches Kultusministerium<\/span><\/a><\/p>\n<p><a title=\"Nieders\u00e4chsische Landesschulbeh\u00f6rde\" href=\"https:\/\/www.rlsb.de\/\" target=\"_blank\" rel=\"noopener\"><span style=\"font-family: arial,helvetica,sans-serif;font-size: medium\">Regionales Landesamt f\u00fcr Bildung<\/span><\/a><\/p>\n<p><a href=\"http:\/\/www.nibis.de\/nibis.phtml\" target=\"_blank\" rel=\"noopener\"><span style=\"font-family: arial,helvetica,sans-serif\">Nieders\u00e4chsischer Bildungsserver<\/span> <span style=\"font-family: arial,helvetica,sans-serif\">(NiBiS)<\/span><\/a><\/p>\n","protected":false},"excerpt":{"rendered":"<p>An dieser Stelle finden Sie einige f\u00fcr Ihre Ausbildung n\u00fctzliche Links zur\u00a0 eigenen Recherche: Nieders\u00e4chsisches Kultusministerium Regionales Landesamt f\u00fcr Bildung Nieders\u00e4chsischer Bildungsserver (NiBiS)<\/p>\n","protected":false},"author":184,"featured_media":0,"parent":0,"menu_order":0,"comment_status":"closed","ping_status":"closed","template":"","meta":{"footnotes":""},"class_list":["post-152","page","type-page","status-publish","hentry"],"_links":{"self":[{"href":"https:\/\/wordpress.nibis.de\/stsvergy\/wp-json\/wp\/v2\/pages\/152","targetHints":{"allow":["GET"]}}],"collection":[{"href":"https:\/\/wordpress.nibis.de\/stsvergy\/wp-json\/wp\/v2\/pages"}],"about":[{"href":"https:\/\/wordpress.nibis.de\/stsvergy\/wp-json\/wp\/v2\/types\/page"}],"author":[{"embeddable":true,"href":"https:\/\/wordpress.nibis.de\/stsvergy\/wp-json\/wp\/v2\/users\/184"}],"replies":[{"embeddable":true,"href":"https:\/\/wordpress.nibis.de\/stsvergy\/wp-json\/wp\/v2\/comments?post=152"}],"version-history":[{"count":10,"href":"https:\/\/wordpress.nibis.de\/stsvergy\/wp-json\/wp\/v2\/pages\/152\/revisions"}],"predecessor-version":[{"id":1426,"href":"https:\/\/wordpress.nibis.de\/stsvergy\/wp-json\/wp\/v2\/pages\/152\/revisions\/1426"}],"wp:attachment":[{"href":"https:\/\/wordpress.nibis.de\/stsvergy\/wp-json\/wp\/v2\/media?parent=152"}],"curies":[{"name":"wp","href":"https:\/\/api.w.org\/{rel}","templated":true}]}}