{"id":16,"date":"2013-06-27T13:04:57","date_gmt":"2013-06-27T11:04:57","guid":{"rendered":"http:\/\/wordpress.nibis.de\/stsvergy\/?page_id=16"},"modified":"2026-03-23T10:20:06","modified_gmt":"2026-03-23T09:20:06","slug":"sekretariat-bibliothek","status":"publish","type":"page","link":"https:\/\/wordpress.nibis.de\/stsvergy\/sekretariat-bibliothek\/","title":{"rendered":"Sekretariat und Bibliothek"},"content":{"rendered":"\n<p><span style=\"font-family: arial,helvetica,sans-serif;font-size: medium\">Unsere Verwaltungskr\u00e4fte &#8211; Frau Schneider und Frau Windhorst &#8211; stehen Ihnen gerne zur Seite, wenn Sie Unterst\u00fctzung hinsichtlich Formularen <\/span><span style=\"font-family: arial,helvetica,sans-serif;font-size: medium\">(z.B.&nbsp; f\u00fcr die Reisekosten), Ihren Stundenpl\u00e4nen oder der Abgabe einer Krankmeldung ben\u00f6tigen.&nbsp; <\/span><\/p>\n\n\n\n<p><strong><span style=\"font-family: arial,helvetica,sans-serif;font-size: medium\">Das<\/span><span style=\"font-family: arial,helvetica,sans-serif;font-size: medium\">&nbsp;Sekretariat befindet sich im ersten Stock des Geb\u00e4udes und hat folgende Sprechzeiten (ggf. abweichend nach Absprache):<\/span><\/strong><\/p>\n\n\n\n<p><span style=\"font-family: arial,helvetica,sans-serif;font-size: medium\">Montag \u2013 Donnerstag 08.30 &#8211; 12.30 Uhr&nbsp; und&nbsp; 13.45 &#8211; 16.00 Uhr&nbsp;&nbsp;&nbsp;&nbsp;&nbsp;&nbsp;&nbsp;&nbsp;&nbsp;&nbsp;&nbsp;&nbsp;&nbsp;&nbsp;&nbsp;&nbsp;&nbsp;&nbsp;&nbsp;&nbsp;&nbsp;&nbsp;&nbsp;&nbsp;&nbsp;&nbsp;&nbsp;&nbsp;&nbsp;&nbsp;&nbsp;&nbsp;&nbsp;&nbsp;&nbsp;&nbsp;&nbsp; Freitag 08.00 &#8211; 12.00 Uhr<\/span><\/p>\n\n\n\n<p><em><span style=\"font-family: arial,helvetica,sans-serif;font-size: medium\">In den Osterferien ist die Verwaltung des Studienseminars nur vormittags zwischen 8:30-12:30 ge\u00f6ffnet (oder ggf. nach vorheriger Terminabsprache per Mail oder telefonisch).<\/span><\/em><\/p>\n\n\n\n<p><\/p>\n\n\n\n<p><\/p>\n\n\n\n<p><strong><span style=\"font-family: arial,helvetica,sans-serif;font-size: medium\">Kontakt<\/span><\/strong><br><span style=\"font-family: arial,helvetica,sans-serif;font-size: medium\">Telefon: 04231 &#8211; 676720<\/span><br><span style=\"font-family: arial,helvetica,sans-serif;font-size: medium\"> Mail: &nbsp; &nbsp;&nbsp;poststelle(at)seminar-ver-lgym.niedersachsen.de <\/span><\/p>\n\n\n\n<p><strong><span style=\"font-family: arial,helvetica,sans-serif;font-size: medium\">Seminar-Bibliothek<\/span><\/strong><\/p>\n\n\n<div class=\"wp-block-image\">\n<figure class=\"alignright\"><img loading=\"lazy\" decoding=\"async\" width=\"300\" height=\"200\" src=\"http:\/\/wordpress.nibis.de\/stsvergy\/files\/P0002713-300x200.jpg\" alt=\"P0002713\" class=\"wp-image-164\" srcset=\"https:\/\/wordpress.nibis.de\/stsvergy\/files\/P0002713-300x200.jpg 300w, https:\/\/wordpress.nibis.de\/stsvergy\/files\/P0002713-640x426.jpg 640w, https:\/\/wordpress.nibis.de\/stsvergy\/files\/P0002713.jpg 1152w\" sizes=\"auto, (max-width: 300px) 100vw, 300px\" \/><\/figure>\n<\/div>\n\n\n<p><span style=\"font-family: arial,helvetica,sans-serif;font-size: medium\">Die Bibliothek mit profundem Fachlekt\u00fcre-Bestand k\u00f6nnen Sie nach vorheriger Terminvereinbarung im Sekretariat w\u00e4hrend der \u00d6ffnungszeiten der Verwaltung besuchen<\/span>.<span style=\"font-family: arial,helvetica,sans-serif;font-size: medium\"><\/span><\/p>\n\n\n\n<p><span style=\"font-family: arial,helvetica,sans-serif;font-size: medium\">Au\u00dferhalb der vereinbarten Zeiten k\u00f6nnen B\u00fccher in der Verwaltung zur\u00fcckgegeben, aber nicht ausgeliehen werden.<\/span><\/p>\n\n\n\n<p><span style=\"font-family: arial,helvetica,sans-serif;font-size: medium\">Sie k\u00f6nnen den Buchbestand der Bibliothek \u00fcber unseren Online-Katalog einsehen und ggf. auch Reservierungen vornehmen:<\/span><\/p>\n\n\n\n<p><a href=\"https:\/\/studienseminar-verden.web-opac.de\">Online-Katalog der Bibliothek des StS Verden<\/a><\/p>\n\n\n\n<p><\/p>\n\n\n","protected":false},"excerpt":{"rendered":"<p>Unsere Verwaltungskr\u00e4fte &#8211; Frau Schneider und Frau Windhorst &#8211; stehen Ihnen gerne zur Seite, wenn Sie Unterst\u00fctzung hinsichtlich Formularen (z.B.&nbsp; f\u00fcr die Reisekosten), Ihren Stundenpl\u00e4nen oder der Abgabe einer Krankmeldung ben\u00f6tigen.&nbsp; Das&nbsp;Sekretariat befindet sich im ersten Stock des Geb\u00e4udes und &hellip; <a href=\"https:\/\/wordpress.nibis.de\/stsvergy\/sekretariat-bibliothek\/\">Weiterlesen <span class=\"meta-nav\">&rarr;<\/span><\/a><\/p>\n","protected":false},"author":184,"featured_media":0,"parent":0,"menu_order":0,"comment_status":"closed","ping_status":"closed","template":"","meta":{"footnotes":""},"class_list":["post-16","page","type-page","status-publish","hentry"],"_links":{"self":[{"href":"https:\/\/wordpress.nibis.de\/stsvergy\/wp-json\/wp\/v2\/pages\/16","targetHints":{"allow":["GET"]}}],"collection":[{"href":"https:\/\/wordpress.nibis.de\/stsvergy\/wp-json\/wp\/v2\/pages"}],"about":[{"href":"https:\/\/wordpress.nibis.de\/stsvergy\/wp-json\/wp\/v2\/types\/page"}],"author":[{"embeddable":true,"href":"https:\/\/wordpress.nibis.de\/stsvergy\/wp-json\/wp\/v2\/users\/184"}],"replies":[{"embeddable":true,"href":"https:\/\/wordpress.nibis.de\/stsvergy\/wp-json\/wp\/v2\/comments?post=16"}],"version-history":[{"count":59,"href":"https:\/\/wordpress.nibis.de\/stsvergy\/wp-json\/wp\/v2\/pages\/16\/revisions"}],"predecessor-version":[{"id":1649,"href":"https:\/\/wordpress.nibis.de\/stsvergy\/wp-json\/wp\/v2\/pages\/16\/revisions\/1649"}],"wp:attachment":[{"href":"https:\/\/wordpress.nibis.de\/stsvergy\/wp-json\/wp\/v2\/media?parent=16"}],"curies":[{"name":"wp","href":"https:\/\/api.w.org\/{rel}","templated":true}]}}