{"id":223,"date":"2013-07-01T15:57:31","date_gmt":"2013-07-01T13:57:31","guid":{"rendered":"http:\/\/wordpress.nibis.de\/stsvergy\/?page_id=223"},"modified":"2023-05-16T11:54:24","modified_gmt":"2023-05-16T09:54:24","slug":"cato-bontjes-van-beek-gymnasium","status":"publish","type":"page","link":"https:\/\/wordpress.nibis.de\/stsvergy\/cato-bontjes-van-beek-gymnasium\/","title":{"rendered":"Cato Bontjes van Beek-Gymnasium, Achim"},"content":{"rendered":"<p><span style=\"font-family: arial,helvetica,sans-serif\">Das <b style=\"font-family: Arial,Helvetica,sans-serif;font-size: 14px;font-weight: bold;color: #000000\">Cato Bontjes van Beek \u2013 Gymnasium<\/b> (Klassen 5-12) befindet sich in der <\/span><br \/>\n<span style=\"font-family: arial,helvetica,sans-serif\">nieders\u00e4chsischen Kleinstadt <b style=\"font-family: Arial,Helvetica,sans-serif;font-size: 14px;font-style: normal;font-weight: bold;color: #000000\">Achim<\/b>, etwa 20 km s\u00fcd\u00f6stlich von Bremen. Benannt <\/span><br \/>\n<span style=\"font-family: arial,helvetica,sans-serif\">wurde es 1991 nach Cato Bontjes van Beek, einer in Fischerhude aufgewachsenen Widerstandsk\u00e4mpferin im Dritten Reich.<\/span><\/p>\n<p><span style=\"font-family: arial,helvetica,sans-serif\">Das Fremdsprachenangebot umfasst Englisch (ab Klasse 5), Franz\u00f6sisch, Latein oder Spanisch als zweite Fremdsprache (ab Klasse 6) oder als dritte Fremdsprache (Franz\u00f6sisch oder Spanisch ab Klasse 10). Ab Klasse 7 wird ein <b style=\"font-family: Arial,Helvetica,sans-serif;font-size: 14px;font-style: normal;font-weight: bold;color: #000000\">bilingualer<\/b> Zweig (mit wechselnden F\u00e4chern) auf Englisch angeboten.<\/span><\/p>\n<table style=\"background-color: #ebf2f4;border-width: 0px;border-color: #6a9df0\" border=\"0\">\n<tbody>\n<tr>\n<td><span style=\"font-family: arial,helvetica,sans-serif\">Cato Bontjes van Beek &#8211; Gymnasium<\/span><br \/>\n<span style=\"font-family: arial,helvetica,sans-serif\">Bergstr. 26<\/span><br \/>\n<span style=\"font-family: arial,helvetica,sans-serif\">28832 Achim<\/span><\/p>\n<p style=\"font-family: Arial,Helvetica,sans-serif\"><span style=\"font-family: arial,helvetica,sans-serif\">Tel: 04202 \/ 9694-0<\/span><br \/>\n<span style=\"font-family: arial,helvetica,sans-serif\">Fax: 04202 \/ 9694- 80<\/span><br \/>\n<span style=\"font-family: arial,helvetica,sans-serif\">Mail: <a href=\"&#109;&#x61;&#x69;l&#116;&#x6f;:&#118;&#x65;&#x72;w&#97;&#x6c;t&#117;&#x6e;&#x67;&#64;&#103;&#x79;m&#110;&#x61;&#x73;&#105;&#117;&#x6d;-&#97;&#x63;&#x68;&#105;&#x6d;&#x2e;d&#101;\">verwaltung(at)gymnasium-achim.de<\/a><\/span><br \/>\n<span style=\"font-family: arial,helvetica,sans-serif\">Website:<\/span><span style=\"font-family: arial,helvetica,sans-serif\"> <a href=\"http:\/\/www.gymnasium-achim.de\" target=\"_blank\" rel=\"noopener\">www.gymnasium-achim.de<\/a><\/span><\/p>\n<p><span style=\"font-family: arial,helvetica,sans-serif\">stellvertretender Schulleiter: Daniel Meyer, StD<\/span><br \/>\n<span style=\"font-family: arial,helvetica,sans-serif\">Mail: schulleitung(at)gymnasium-achim.de<\/span><\/p>\n<p><span style=\"font-family: arial,helvetica,sans-serif\">Ansprechpartnerin f\u00fcr die Referendare: Frau Fenske<\/span><br \/>\n<span style=\"font-family: arial,helvetica,sans-serif\">Mail: katrin.fenske(at)cato-achim.de<\/span><\/td>\n<td><\/td>\n<\/tr>\n<tr>\n<td><\/td>\n<td><\/td>\n<\/tr>\n<\/tbody>\n<\/table>\n","protected":false},"excerpt":{"rendered":"<p>Das Cato Bontjes van Beek \u2013 Gymnasium (Klassen 5-12) befindet sich in der nieders\u00e4chsischen Kleinstadt Achim, etwa 20 km s\u00fcd\u00f6stlich von Bremen. Benannt wurde es 1991 nach Cato Bontjes van Beek, einer in Fischerhude aufgewachsenen Widerstandsk\u00e4mpferin im Dritten Reich. Das &hellip; <a href=\"https:\/\/wordpress.nibis.de\/stsvergy\/cato-bontjes-van-beek-gymnasium\/\">Weiterlesen <span class=\"meta-nav\">&rarr;<\/span><\/a><\/p>\n","protected":false},"author":184,"featured_media":0,"parent":0,"menu_order":0,"comment_status":"closed","ping_status":"closed","template":"","meta":{"footnotes":""},"class_list":["post-223","page","type-page","status-publish","hentry"],"_links":{"self":[{"href":"https:\/\/wordpress.nibis.de\/stsvergy\/wp-json\/wp\/v2\/pages\/223","targetHints":{"allow":["GET"]}}],"collection":[{"href":"https:\/\/wordpress.nibis.de\/stsvergy\/wp-json\/wp\/v2\/pages"}],"about":[{"href":"https:\/\/wordpress.nibis.de\/stsvergy\/wp-json\/wp\/v2\/types\/page"}],"author":[{"embeddable":true,"href":"https:\/\/wordpress.nibis.de\/stsvergy\/wp-json\/wp\/v2\/users\/184"}],"replies":[{"embeddable":true,"href":"https:\/\/wordpress.nibis.de\/stsvergy\/wp-json\/wp\/v2\/comments?post=223"}],"version-history":[{"count":28,"href":"https:\/\/wordpress.nibis.de\/stsvergy\/wp-json\/wp\/v2\/pages\/223\/revisions"}],"predecessor-version":[{"id":1499,"href":"https:\/\/wordpress.nibis.de\/stsvergy\/wp-json\/wp\/v2\/pages\/223\/revisions\/1499"}],"wp:attachment":[{"href":"https:\/\/wordpress.nibis.de\/stsvergy\/wp-json\/wp\/v2\/media?parent=223"}],"curies":[{"name":"wp","href":"https:\/\/api.w.org\/{rel}","templated":true}]}}