{"id":25,"date":"2013-06-27T13:06:29","date_gmt":"2013-06-27T11:06:29","guid":{"rendered":"http:\/\/wordpress.nibis.de\/stsvergy\/?page_id=25"},"modified":"2025-02-06T10:10:50","modified_gmt":"2025-02-06T09:10:50","slug":"padagogik","status":"publish","type":"page","link":"https:\/\/wordpress.nibis.de\/stsvergy\/padagogik\/","title":{"rendered":"P\u00e4dagogik"},"content":{"rendered":"<table border=\"0\">\n<tbody>\n<tr>\n<td>Seminarleiterin<\/td>\n<td>Dr. Anna Schneider (OStD&#8216;)<\/td>\n<\/tr>\n<tr>\n<td><\/td>\n<td><\/td>\n<\/tr>\n<tr>\n<td>St\u00e4ndige Vertreterin der Seminarleiterin<\/td>\n<td>Anja Niebuhr (StD&#8216;)<\/td>\n<\/tr>\n<tr>\n<td><\/td>\n<td><\/td>\n<\/tr>\n<tr>\n<td>Fachleiterin f\u00fcr besondere Aufgaben<\/td>\n<td>Silke Vogel (StD&#8216;)<\/td>\n<\/tr>\n<tr>\n<td>Schule<\/td>\n<td>Gymnasium am Markt, Achim<\/td>\n<\/tr>\n<tr>\n<td><\/td>\n<td><\/td>\n<\/tr>\n<tr>\n<td>Fachleiterin f\u00fcr besondere Aufgaben (beauftragt)<\/td>\n<td>Tina Beermann (StR&#8216;)<\/td>\n<\/tr>\n<tr>\n<td>Schule<\/td>\n<td>Gymnasium am Markt, Achim<\/td>\n<\/tr>\n<tr>\n<td><\/td>\n<td><\/td>\n<\/tr>\n<tr>\n<td>Fachleiter f\u00fcr besondere Aufgaben (beauftragt)<\/td>\n<td>Fabian Schleupner (StR)<\/td>\n<\/tr>\n<tr>\n<td>Schule<\/td>\n<td>Ratsgymnasium Rotenburg<\/td>\n<\/tr>\n<tr>\n<td><\/td>\n<td><\/td>\n<\/tr>\n<tr>\n<td>Fachleiterin f\u00fcr besondere Aufgaben (beauftragt)<\/td>\n<td>Katrin Weiberg (StR&#8216;)<\/td>\n<\/tr>\n<tr>\n<td>Schule<\/td>\n<td>Cato Bontjes van Beek-Gymnasium<\/td>\n<\/tr>\n<tr>\n<td><\/td>\n<td><\/td>\n<\/tr>\n<tr>\n<td>Fachleiterin f\u00fcr besondere Aufgaben (beauftragt)<\/td>\n<td>Lena Wagner (StR&#8216;)<\/td>\n<\/tr>\n<tr>\n<td>Schule<\/td>\n<td>Gymnasium am Wall, Verden<\/td>\n<\/tr>\n<\/tbody>\n<\/table>\n<table border=\"0\">\n<tbody>\n<tr>\n<td>Fachseminare<\/td>\n<td>\n<ul>\n<li>14-t\u00e4glich, dienstags (s. Plan)<\/li>\n<li>Beginn 15:00 Uhr<\/li>\n<li>Ort: Studienseminar Verden<\/li>\n<\/ul>\n<\/td>\n<\/tr>\n<\/tbody>\n<\/table>\n<h2>Zur Ausbildung in den P\u00e4dagogischen Seminaren<\/h2>\n<p>Die Leiterinnen und Leiter des P\u00e4dagogischen Seminars betreuen die Referendarinnen und Referendare w\u00e4hrend des gesamten Vorbereitungsdienstes.<\/p>\n<p>Dazu geh\u00f6rt neben der Durchf\u00fchrung von Fachsitzungen des P\u00e4dagogikseminars und beratenden Unterrichtsbesuchen <i>besonders<\/i> auch die Koordinierung der gesamten Ausbildung in Verbindung mit der Vermittlung aller relevanten Informationen, die Beobachtung des Ausbildungsverlaufs und Beratung\u00a0 bei\u00a0 individuellen Problemen und Anliegen.<\/p>\n<p>In den P\u00e4dagogischen Seminaren wird in Jahrgangsgruppen ausgebildet, d.h. eine Gruppe bleibt vom Anfang bis zum Ende zusammen und stellt damit f\u00fcr die Referendarinnen und Referendare eine feste Bezugsgruppe dar.\u00a0 Aufgrund der daraus resultierenden fachlichen Durchmischung erfolgt die Arbeit in den P\u00e4dagogischen Seminaren f\u00e4cher\u00fcbergreifend und dadurch allgemeiner; hier geht es vor allem um eine \u2013 auf die Unterrichtspraxis ausgerichtete \u2013 allgemeinp\u00e4dagogische Ausbildung. Dar\u00fcber hinaus werden insbesondere auch die Kompetenzbereiche der Ausbildungsverordnung in den Blick genommen, die in der Ausbildung der Unterrichtsf\u00e4cher eine untergeordnetere Rolle spielen (2-5).<\/p>\n<p>Die Einf\u00fchrungswoche des P\u00e4dagogikseminars dient dem <i>Ankommen<\/i> der Auszubildenden im neuen Studienseminar, dem <i>Kennenlernen<\/i> der Ausbildungsgruppe und der Ausbildenden, der ersten <i>Orientierun<\/i>g innerhalb des grundlegenden schulrechtlichen Rahmens sowie der <i>\u00a0Erarbeitung<\/i> exemplarischer praxisrelevanter Themen, welche f\u00fcr die ersten Schritte an der Schule besonders wichtig sind.<\/p>\n<p>Im Sinne einer kompetenzorientierten und nachhaltigen Ausbildung werden die P\u00e4dagogischen Seminare m\u00f6glichst praxisnah und handlungsorientiert gestaltet. Hier soll ein Raum geschaffen werden, das eigene Lehrerhandeln &#8211; vor dem Hintergrund theoretischer Modelle und Ans\u00e4tze &#8211; zu reflektieren und damit die Lehrerpers\u00f6nlichkeit sowie die berufliche Handlungskompetenz kontinuierlich weiterzuentwickeln.<\/p>\n<p>Dies soll auch durch die Beratung bei Unterrichtsbesuchen gef\u00f6rdert werden, durch welche wir die Referendare bei ihrer individuellen Entwicklung anregen und unterst\u00fctzen wollen \u2013 ganz nach Erich K\u00e4stners Vorstellung:<\/p>\n<p><em>\u201eDer Lehrer ist kein Zauberk\u00fcnstler, sondern ein G\u00e4rtner. Er kann und wird euch hegen und pflegen. Wachsen m\u00fcsst ihr selber!\u201c<\/em><\/p>\n<p><a href=\"http:\/\/wordpress.nibis.de\/stsvergy\/files\/P\u00e4d-Curriculum-\u00dcbersicht-August-2018.pdf\" target=\"_blank\" rel=\"noopener noreferrer\"><strong><span style=\"font-family: arial,helvetica,sans-serif;font-size: medium\">Zum Fachkonzept P\u00e4dagogik<\/span><\/strong><\/a><\/p>\n","protected":false},"excerpt":{"rendered":"<p>Seminarleiterin Dr. Anna Schneider (OStD&#8216;) St\u00e4ndige Vertreterin der Seminarleiterin Anja Niebuhr (StD&#8216;) Fachleiterin f\u00fcr besondere Aufgaben Silke Vogel (StD&#8216;) Schule Gymnasium am Markt, Achim Fachleiterin f\u00fcr besondere Aufgaben (beauftragt) Tina Beermann (StR&#8216;) Schule Gymnasium am Markt, Achim Fachleiter f\u00fcr besondere &hellip; <a href=\"https:\/\/wordpress.nibis.de\/stsvergy\/padagogik\/\">Weiterlesen <span class=\"meta-nav\">&rarr;<\/span><\/a><\/p>\n","protected":false},"author":184,"featured_media":0,"parent":0,"menu_order":0,"comment_status":"closed","ping_status":"closed","template":"","meta":{"footnotes":""},"class_list":["post-25","page","type-page","status-publish","hentry"],"_links":{"self":[{"href":"https:\/\/wordpress.nibis.de\/stsvergy\/wp-json\/wp\/v2\/pages\/25","targetHints":{"allow":["GET"]}}],"collection":[{"href":"https:\/\/wordpress.nibis.de\/stsvergy\/wp-json\/wp\/v2\/pages"}],"about":[{"href":"https:\/\/wordpress.nibis.de\/stsvergy\/wp-json\/wp\/v2\/types\/page"}],"author":[{"embeddable":true,"href":"https:\/\/wordpress.nibis.de\/stsvergy\/wp-json\/wp\/v2\/users\/184"}],"replies":[{"embeddable":true,"href":"https:\/\/wordpress.nibis.de\/stsvergy\/wp-json\/wp\/v2\/comments?post=25"}],"version-history":[{"count":79,"href":"https:\/\/wordpress.nibis.de\/stsvergy\/wp-json\/wp\/v2\/pages\/25\/revisions"}],"predecessor-version":[{"id":1575,"href":"https:\/\/wordpress.nibis.de\/stsvergy\/wp-json\/wp\/v2\/pages\/25\/revisions\/1575"}],"wp:attachment":[{"href":"https:\/\/wordpress.nibis.de\/stsvergy\/wp-json\/wp\/v2\/media?parent=25"}],"curies":[{"name":"wp","href":"https:\/\/api.w.org\/{rel}","templated":true}]}}