{"id":26,"date":"2013-06-27T13:07:09","date_gmt":"2013-06-27T11:07:09","guid":{"rendered":"http:\/\/wordpress.nibis.de\/stsvergy\/?page_id=26"},"modified":"2019-01-21T09:44:27","modified_gmt":"2019-01-21T08:44:27","slug":"biologie","status":"publish","type":"page","link":"https:\/\/wordpress.nibis.de\/stsvergy\/biologie\/","title":{"rendered":"Biologie"},"content":{"rendered":"<table border=\"0\">\n<tbody>\n<tr valign=\"top\">\n<td><span style=\"font-family: arial,helvetica,sans-serif\">Fachleiterin<\/span><\/td>\n<td><span style=\"font-family: arial,helvetica,sans-serif\">Birgit Ambos (StD&#8216;)<\/span><\/td>\n<\/tr>\n<tr>\n<td><span style=\"font-family: arial,helvetica,sans-serif\">Schule<\/span><\/td>\n<td><span style=\"font-family: arial,helvetica,sans-serif\">Cato Bontjes van Beek-Gymnasium, Achim<br \/>\n<\/span><\/td>\n<\/tr>\n<tr>\n<td><span style=\"font-family: arial,helvetica,sans-serif\">Fachseminar<\/span><\/td>\n<td>\n<ul>\n<li><span style=\"font-family: arial,helvetica,sans-serif\">14-t\u00e4glich, mittwochs (ungerade Woche)<\/span><\/li>\n<li><span style=\"font-family: arial,helvetica,sans-serif\">Beginn 16:00 Uhr<\/span><\/li>\n<li><span style=\"font-family: arial,helvetica,sans-serif\">Ort: Studienseminar Verden<\/span><\/li>\n<\/ul>\n<\/td>\n<\/tr>\n<\/tbody>\n<\/table>\n<p><span style=\"font-size: large\"><strong><span style=\"font-family: arial,helvetica,sans-serif\">Zur Ausbildung im Fach Biologie<\/span><\/strong><\/span><\/p>\n<p><span style=\"font-family: arial,helvetica,sans-serif\"><em><strong>Man kann nicht nicht kompetenzorientiert unterrichten.<\/strong><\/em><\/span><br \/>\n<span style=\"font-family: arial,helvetica,sans-serif\"> <em><strong>Die Frage ist nur, ob es auch die intendierten Kompetenzen sind, <\/strong><\/em><\/span><br \/>\n<span style=\"font-family: arial,helvetica,sans-serif\"> <em><strong>die entwickelt und<\/strong><\/em> <em><strong>ausgebaut werden, <\/strong><\/em><\/span><br \/>\n<span style=\"font-family: arial,helvetica,sans-serif\"> <em><strong>oder ob sich diese blo\u00df zuf\u00e4llig und beil\u00e4ufig ergeben.<\/strong><\/em><\/span><br \/>\n<span style=\"font-family: arial,helvetica,sans-serif\"> <em><strong>(Leisen, 2011)<\/strong><\/em><\/span><\/p>\n<p><span style=\"font-family: arial,helvetica,sans-serif\">Wie Sie es schaffen,<\/span><br \/>\n<span style=\"font-family: arial,helvetica,sans-serif\">Ihre intendierten Kompetenzen im Biologieunterricht zu entwickeln und geeignete<\/span><br \/>\n<span style=\"font-family: arial,helvetica,sans-serif\">Lernumgebungen f\u00fcr Sch\u00fclerinnen und Sch\u00fcler in der Art zu gestalten, sodass diese<\/span><br \/>\n<span style=\"font-family: arial,helvetica,sans-serif\">sich intensiv, aktiv und kooperativ mit der Biologie auseinandersetzen k\u00f6nnen, ohne<\/span><br \/>\n<span style=\"font-family: arial,helvetica,sans-serif\">dass die Komplexit\u00e4t der Biologie verloren geht,<\/span><br \/>\n<span style=\"font-family: arial,helvetica,sans-serif\">werden Sie w\u00e4hrend der Ausbildung im Fach Biologie erfahren.<\/span><\/p>\n<p><strong><span style=\"font-family: arial,helvetica,sans-serif;font-size: medium\"><a href=\"http:\/\/wordpress.nibis.de\/stsvergy\/files\/Biologie-Curriculum-2019.pdf\" target=\"_blank\" rel=\"noopener\">Zum Fachkonzept Biologie<\/a><\/span><\/strong><strong><img loading=\"lazy\" decoding=\"async\" class=\" wp-image-530 alignright\" src=\"http:\/\/wordpress.nibis.de\/stsvergy\/files\/Biologie-2-300x225.jpg\" alt=\"Biologie-2\" width=\"350\" height=\"275\" \/><\/strong><\/p>\n","protected":false},"excerpt":{"rendered":"<p>Fachleiterin Birgit Ambos (StD&#8216;) Schule Cato Bontjes van Beek-Gymnasium, Achim Fachseminar 14-t\u00e4glich, mittwochs (ungerade Woche) Beginn 16:00 Uhr Ort: Studienseminar Verden Zur Ausbildung im Fach Biologie Man kann nicht nicht kompetenzorientiert unterrichten. Die Frage ist nur, ob es auch die &hellip; <a href=\"https:\/\/wordpress.nibis.de\/stsvergy\/biologie\/\">Weiterlesen <span class=\"meta-nav\">&rarr;<\/span><\/a><\/p>\n","protected":false},"author":184,"featured_media":0,"parent":0,"menu_order":0,"comment_status":"closed","ping_status":"closed","template":"","meta":{"footnotes":""},"class_list":["post-26","page","type-page","status-publish","hentry"],"_links":{"self":[{"href":"https:\/\/wordpress.nibis.de\/stsvergy\/wp-json\/wp\/v2\/pages\/26","targetHints":{"allow":["GET"]}}],"collection":[{"href":"https:\/\/wordpress.nibis.de\/stsvergy\/wp-json\/wp\/v2\/pages"}],"about":[{"href":"https:\/\/wordpress.nibis.de\/stsvergy\/wp-json\/wp\/v2\/types\/page"}],"author":[{"embeddable":true,"href":"https:\/\/wordpress.nibis.de\/stsvergy\/wp-json\/wp\/v2\/users\/184"}],"replies":[{"embeddable":true,"href":"https:\/\/wordpress.nibis.de\/stsvergy\/wp-json\/wp\/v2\/comments?post=26"}],"version-history":[{"count":23,"href":"https:\/\/wordpress.nibis.de\/stsvergy\/wp-json\/wp\/v2\/pages\/26\/revisions"}],"predecessor-version":[{"id":1279,"href":"https:\/\/wordpress.nibis.de\/stsvergy\/wp-json\/wp\/v2\/pages\/26\/revisions\/1279"}],"wp:attachment":[{"href":"https:\/\/wordpress.nibis.de\/stsvergy\/wp-json\/wp\/v2\/media?parent=26"}],"curies":[{"name":"wp","href":"https:\/\/api.w.org\/{rel}","templated":true}]}}