{"id":260,"date":"2013-07-01T17:59:57","date_gmt":"2013-07-01T15:59:57","guid":{"rendered":"http:\/\/wordpress.nibis.de\/stsvergy\/?page_id=260"},"modified":"2023-05-16T11:47:33","modified_gmt":"2023-05-16T09:47:33","slug":"bilinguale-zusatzqualifikation","status":"publish","type":"page","link":"https:\/\/wordpress.nibis.de\/stsvergy\/bilinguale-zusatzqualifikation\/","title":{"rendered":"Bilinguale Zusatzqualifikation"},"content":{"rendered":"<table border=\"0\">\n<tbody>\n<tr>\n<td><span style=\"font-family: arial,helvetica,sans-serif;font-size: medium\">Fachleiterinnen\u00a0 \u00a0 \u00a0 \u00a0 \u00a0 \u00a0 \u00a0 \u00a0 (beauftragt)<br \/>\n<\/span><\/td>\n<td><span style=\"font-family: arial,helvetica,sans-serif;font-size: medium\">Karla Kraefft und Katrin Weiberg<\/span><\/td>\n<td><\/td>\n<\/tr>\n<tr>\n<td><span style=\"font-family: arial,helvetica,sans-serif;font-size: medium\">\u00a0<\/span><\/td>\n<td><span style=\"font-family: arial,helvetica,sans-serif;font-size: medium\">\u00a0<\/span><\/td>\n<td><\/td>\n<\/tr>\n<tr>\n<td><span style=\"font-family: arial,helvetica,sans-serif;font-size: medium\">Seminar<\/span><\/td>\n<td>\n<ul>\n<li><span style=\"font-family: arial,helvetica,sans-serif;font-size: medium\">14-t\u00e4glich, freitags (gerade Woche)<\/span><\/li>\n<li><span style=\"font-family: arial,helvetica,sans-serif;font-size: medium\">Beginn: nach Vereinbarung<br \/>\n<\/span><\/li>\n<li><span style=\"font-family: arial,helvetica,sans-serif;font-size: medium\">Studienseminar Verden<\/span><\/li>\n<\/ul>\n<\/td>\n<td><\/td>\n<\/tr>\n<\/tbody>\n<\/table>\n<p><span style=\"font-family: Arial,Helvetica,sans-serif;font-size: 18px;font-weight: bold\">Zur Ausbildung im Rahmen der Bilingualen Zusatzqualifikation<br \/>\n<\/span><\/p>\n<p style=\"text-align: center\"><strong><span style=\"font-family: arial,helvetica,sans-serif\">Going bilingual at our Studienseminar Verden <\/span><\/strong><br \/>\n<strong> <span style=\"font-family: arial,helvetica,sans-serif\">A very warm welcome to you<\/span><\/strong><\/p>\n<p><span style=\"font-family: arial,helvetica,sans-serif\">Bilingualer Unterricht erfreut sich angesichts der multiplen Herausforderungen eines globalisierten Studien- und Arbeitsumfeldes einer wachsenden\u00a0 Popularit\u00e4t aller am Schulleben in Gymnasien und Gesamtschulen beteiligten Personen.\u00a0 Durch die Bereitstellung einer zus\u00e4tzlichen Qualifikation m\u00f6chten wir unsere Referendarinnen und Referendaren m\u00f6glichst optimal auf zuk\u00fcnftige Herausforderungen in der Schule und dar\u00fcber hinaus vorbereiten.<\/span><\/p>\n<p><span style=\"font-family: arial,helvetica,sans-serif\">Bilingualer Unterricht ist ein vorwiegend in der Fremdsprache erteilter Fachunterricht der entsprechend dem Primat des Sachfachs und analog zu den curricularen Vorgaben den jeweiligen fachdidaktischen Leitlinien und Prinzipien folgt. Im Rahmen des Bilingualen Unterrichts werden vor allem fachliche, aber auch fremdsprachliche und interkulturelle Kompetenzen gezielt vermittelt und gef\u00f6rdert.\u00a0 Dabei fungiert die Fremdsprache als Arbeits- bzw. Verkehrssprache, in der das Lernen in der Fremdsprache und nicht das Lernen der Fremdsprache im Zentrum unterrichtlicher Aktivit\u00e4ten steht.<\/span><\/p>\n<p><span style=\"font-family: arial,helvetica,sans-serif\">Mit Bezug auf die Durchf\u00fchrungsbestimmungen der APVO-Lehr \u00a76, Nr. 4 sowie in Erg\u00e4nzung dazu umfasst die bilinguale Zusatzausbildung am Studienseminar Verden:<\/span><\/p>\n<ul>\n<li><span style=\"font-family: arial,helvetica,sans-serif\">20 Stunden Fachseminarveranstaltungen<\/span><\/li>\n<\/ul>\n<ul>\n<li><span style=\"font-family: arial,helvetica,sans-serif\">\u00a0<\/span><span style=\"font-family: arial,helvetica,sans-serif\">Erprobung im Ausbildungsunterricht (wenn an der Ausbildungsschule m\u00f6glich)<\/span><\/li>\n<\/ul>\n<ul>\n<li><span style=\"font-family: arial,helvetica,sans-serif\">\u00a0<\/span><span style=\"font-family: arial,helvetica,sans-serif\">Unterrichtsbesuche durch den Ausbilder (1-2) und ein Gemeinsamer Unterrichtsbesuch vom Ausbilder und der Fachleiterin \/ dem Fachleiter des Sachfachs<\/span><\/li>\n<\/ul>\n<ul>\n<li><span style=\"font-family: arial,helvetica,sans-serif\">\u00a0<\/span><span style=\"font-family: arial,helvetica,sans-serif\">Ein erfolgreiches Kolloquium von mindestens 20 Minuten <\/span><span style=\"font-family: arial,helvetica,sans-serif\">Dauer<\/span><\/li>\n<\/ul>\n<p><span style=\"font-family: arial,helvetica,sans-serif\">Die Zusatzqualifikation kann von all denjenigen Referendarinnen und Referendaren belegt werden, die das Fach Englisch in Verbindung mit dem Sachfach Geschichte, Politik\/Wirtschaft, Kunst oder Sport unterrichten. Ebenfalls herzlich eingeladen sind diejenigen, die zwar keine Englisch-Fakultas besitzen, aber \u00fcber eine angemessene Sprachkompetenz durch einen l\u00e4ngeren Aufenthalt in einem englischsprachigen Land verf\u00fcgen.<\/span><\/p>\n<p><span style=\"font-family: arial,helvetica,sans-serif\">Die Zusatzausbildung kann nur im zweiten Ausbildungssemester belegt werden.<\/span><\/p>\n<p style=\"text-align: center\"><span style=\"font-size: medium\"><em><strong><span style=\"font-family: arial,helvetica,sans-serif\">Feel invited to accept the challenge and join us!<\/span><\/strong><\/em><\/span><\/p>\n<p style=\"text-align: left\"><a href=\"http:\/\/wordpress.nibis.de\/stsvergy\/files\/Ausbildungskonzept-CLIL_20151.pdf\"><strong><span style=\"font-family: arial,helvetica,sans-serif;font-size: medium\">Zum Fachkonzept Bilinguale Zusatzqualifikation<\/span><\/strong><\/a><\/p>\n","protected":false},"excerpt":{"rendered":"<p>Fachleiterinnen\u00a0 \u00a0 \u00a0 \u00a0 \u00a0 \u00a0 \u00a0 \u00a0 (beauftragt) Karla Kraefft und Katrin Weiberg \u00a0 \u00a0 Seminar 14-t\u00e4glich, freitags (gerade Woche) Beginn: nach Vereinbarung Studienseminar Verden Zur Ausbildung im Rahmen der Bilingualen Zusatzqualifikation Going bilingual at our Studienseminar Verden A &hellip; <a href=\"https:\/\/wordpress.nibis.de\/stsvergy\/bilinguale-zusatzqualifikation\/\">Weiterlesen <span class=\"meta-nav\">&rarr;<\/span><\/a><\/p>\n","protected":false},"author":184,"featured_media":0,"parent":0,"menu_order":0,"comment_status":"closed","ping_status":"closed","template":"","meta":{"footnotes":""},"class_list":["post-260","page","type-page","status-publish","hentry"],"_links":{"self":[{"href":"https:\/\/wordpress.nibis.de\/stsvergy\/wp-json\/wp\/v2\/pages\/260","targetHints":{"allow":["GET"]}}],"collection":[{"href":"https:\/\/wordpress.nibis.de\/stsvergy\/wp-json\/wp\/v2\/pages"}],"about":[{"href":"https:\/\/wordpress.nibis.de\/stsvergy\/wp-json\/wp\/v2\/types\/page"}],"author":[{"embeddable":true,"href":"https:\/\/wordpress.nibis.de\/stsvergy\/wp-json\/wp\/v2\/users\/184"}],"replies":[{"embeddable":true,"href":"https:\/\/wordpress.nibis.de\/stsvergy\/wp-json\/wp\/v2\/comments?post=260"}],"version-history":[{"count":29,"href":"https:\/\/wordpress.nibis.de\/stsvergy\/wp-json\/wp\/v2\/pages\/260\/revisions"}],"predecessor-version":[{"id":1496,"href":"https:\/\/wordpress.nibis.de\/stsvergy\/wp-json\/wp\/v2\/pages\/260\/revisions\/1496"}],"wp:attachment":[{"href":"https:\/\/wordpress.nibis.de\/stsvergy\/wp-json\/wp\/v2\/media?parent=260"}],"curies":[{"name":"wp","href":"https:\/\/api.w.org\/{rel}","templated":true}]}}