{"id":31,"date":"2013-06-27T13:08:01","date_gmt":"2013-06-27T11:08:01","guid":{"rendered":"http:\/\/wordpress.nibis.de\/stsvergy\/?page_id=31"},"modified":"2024-12-17T10:56:57","modified_gmt":"2024-12-17T09:56:57","slug":"deutsch","status":"publish","type":"page","link":"https:\/\/wordpress.nibis.de\/stsvergy\/deutsch\/","title":{"rendered":"Deutsch"},"content":{"rendered":"<table style=\"width: 640px;height: 423px\" border=\"0\">\n<tbody>\n<tr>\n<td><span style=\"font-family: arial,helvetica,sans-serif\">Fachleiter<\/span><\/td>\n<td><span style=\"font-family: arial,helvetica,sans-serif\">S\u00f6nke Landt\u00a0(StD)<\/span><\/td>\n<\/tr>\n<tr>\n<td><span style=\"font-family: arial,helvetica,sans-serif\">Schule<\/span><\/td>\n<td><span style=\"font-family: arial,helvetica,sans-serif\">Cato Bontjes van Beek-Gymnasium<\/span><\/td>\n<\/tr>\n<tr>\n<td><\/td>\n<td><\/td>\n<\/tr>\n<tr>\n<td><span style=\"font-family: arial,helvetica,sans-serif\">Fachleiterin\u00a0\u00a0\u00a0\u00a0\u00a0\u00a0\u00a0\u00a0\u00a0\u00a0\u00a0\u00a0\u00a0\u00a0\u00a0\u00a0 \u00a0 \u00a0\u00a0 (beauftragt)<br \/>\n<\/span><\/td>\n<td><span style=\"font-family: arial,helvetica,sans-serif\">Kerstin Lubkowitz (OStR&#8216;)<\/span><\/td>\n<\/tr>\n<tr>\n<td><span style=\"font-family: arial,helvetica,sans-serif\">Schule<\/span><\/td>\n<td><span style=\"font-family: arial,helvetica,sans-serif\">Ratsgymnasium Rotenburg<\/span><\/td>\n<\/tr>\n<tr>\n<td><\/td>\n<td><\/td>\n<\/tr>\n<tr>\n<td><span style=\"font-family: arial,helvetica,sans-serif\">Fachleiterin\u00a0\u00a0\u00a0\u00a0\u00a0\u00a0\u00a0\u00a0\u00a0\u00a0\u00a0\u00a0\u00a0\u00a0\u00a0\u00a0 \u00a0 \u00a0\u00a0 (beauftragt)<br \/>\n<\/span><\/td>\n<td><span style=\"font-family: arial,helvetica,sans-serif\">Marlene Meyer (OStR&#8216;)<\/span><\/td>\n<\/tr>\n<tr>\n<td><span style=\"font-family: arial,helvetica,sans-serif\">Schule<\/span><\/td>\n<td><span style=\"font-family: arial,helvetica,sans-serif\">Gymnasium Bruchhausen-Vilsen<\/span><\/td>\n<\/tr>\n<tr>\n<td><span style=\"font-family: arial,helvetica,sans-serif\">\u00a0<\/span><\/td>\n<td><\/td>\n<\/tr>\n<tr>\n<td><span style=\"font-family: arial,helvetica,sans-serif\">Fachseminare<\/span><\/td>\n<td>\n<ul>\n<li><span style=\"font-family: arial,helvetica,sans-serif\">14-t\u00e4glich, mittwochs (ungerade Woche)<\/span><\/li>\n<li><span style=\"font-family: arial,helvetica,sans-serif\">Beginn 14:00 Uhr<\/span><\/li>\n<li><span style=\"font-family: arial,helvetica,sans-serif\">Ort: Studienseminar Verden<\/span><\/li>\n<\/ul>\n<\/td>\n<\/tr>\n<\/tbody>\n<\/table>\n<p style=\"text-align: left\" align=\"RIGHT\"><strong><span style=\"font-family: arial,helvetica,sans-serif;font-size: large\">Zur Ausbildung im Fach Deutsch<\/span><\/strong><\/p>\n<p style=\"text-align: left\" align=\"RIGHT\"><strong><span style=\"font-family: arial,helvetica,sans-serif;font-size: medium\">Didaktische Grundlagen des Faches<\/span><\/strong><\/p>\n<ul>\n<li><em><span style=\"font-family: arial,helvetica,sans-serif\">vermittelt sprachliche und kommunikative F\u00e4higkeiten f\u00fcr das Studium und die Berufsausbildung<\/span><\/em><\/li>\n<li><em><span style=\"font-family: arial,helvetica,sans-serif\">f\u00f6rdert die Rezeption und W\u00fcrdigung k\u00fcnstlerischer Produktion<\/span><\/em><\/li>\n<li><em><span style=\"font-family: arial,helvetica,sans-serif;font-size: medium\">erweitert die \u00e4sthetische Genussf\u00e4higkeit und Urteilsbildung<\/span><\/em><\/li>\n<li><em><span style=\"font-family: arial,helvetica,sans-serif;font-size: medium\">leistet einen fachspezifischen Beitrag zum Verstehen fremder Texte und zur Ausbildung der eigenen Identit\u00e4t<\/span><\/em><\/li>\n<li><em><span style=\"font-family: arial,helvetica,sans-serif;font-size: medium\">erm\u00f6glicht die Teilhabe am kulturellen Leben<\/span><\/em><\/li>\n<li><em><span style=\"font-family: arial,helvetica,sans-serif;font-size: medium\">tr\u00e4gt zur Pers\u00f6nlichkeitsbildung bei<\/span><\/em><\/li>\n<\/ul>\n<p style=\"margin-bottom: 0cm\" align=\"JUSTIFY\"><span style=\"font-family: arial,helvetica,sans-serif\">So oder \u00e4hnlich formuliert finden Sie die Bildungsziele in den g\u00fcltigen Bildungsstandards und Kerncurricula des Faches<sup><a class=\"sdfootnoteanc\" href=\"#sdfootnote1sym\" name=\"sdfootnote1anc\"><\/a><\/sup>.<\/span><\/p>\n<p style=\"margin-bottom: 0cm\" align=\"JUSTIFY\"><span style=\"font-family: arial,helvetica,sans-serif\"><b>Unterrichten im Fach Deutsch<\/b><\/span><\/p>\n<p><span style=\"font-family: arial,helvetica,sans-serif\">Das Studienseminar vermittelt Ihnen Konzepte und Methoden zur Umsetzung der Bildungsziele des Faches Deutsch im Unterricht der vier Kompetenzbereiche: <\/span><\/p>\n<table border=\"0\">\n<tbody>\n<tr>\n<td style=\"text-align: center\" colspan=\"2\"><span style=\"font-family: arial,helvetica,sans-serif\">\u00a0<i><b>Sprechen und Zuh\u00f6ren<\/b><\/i><\/span><\/td>\n<\/tr>\n<tr>\n<td>\n<p style=\"margin-bottom: 0cm\" align=\"CENTER\"><span style=\"font-family: arial,helvetica,sans-serif\"><i><b>Lesen \u2013 Umgang mit Texten und Medien<\/b><\/i><\/span><\/p>\n<\/td>\n<td>\n<p style=\"margin-bottom: 0cm\" align=\"CENTER\"><span style=\"font-family: arial,helvetica,sans-serif\"><i><b>Sprache und Sprachgebrauch untersuchen<\/b><\/i><\/span><\/p>\n<\/td>\n<\/tr>\n<tr>\n<td colspan=\"2\">\n<p style=\"margin-bottom: 0cm\" align=\"CENTER\"><span style=\"font-family: arial,helvetica,sans-serif\"><i><b>Schreiben<\/b><\/i><\/span><\/p>\n<\/td>\n<\/tr>\n<\/tbody>\n<\/table>\n<p style=\"margin-bottom: 0cm\" align=\"JUSTIFY\"><span style=\"font-family: arial,helvetica,sans-serif\"><b>Die Ausbildung im Fach Deutsch<\/b><\/span><\/p>\n<p style=\"margin-bottom: 0cm\" align=\"JUSTIFY\"><span style=\"font-family: arial,helvetica,sans-serif\">Ihre Ausbildung als Lehrkraft im Fach Deutsch richtet sich nach den Kompetenzbeschreibungen der \u201eVerordnung \u00fcber die Ausbildung und Pr\u00fcfung von Lehrkr\u00e4ften im Vorbereitungsdienst\u201c.<sup><a class=\"sdfootnoteanc\" href=\"#sdfootnote1sym\" name=\"sdfootnote1anc\"><\/a><\/sup> In dem vierzehnt\u00e4tigen Fachseminar werden Sie zusammen mit anderen Referendarinnen und Referendaren Ihre Anliegen und Bed\u00fcrfnisse aus dem Unterricht beraten, didaktische Ans\u00e4tze er\u00f6rtern und auf ihre Hilfe zur Unterrichtsplanung einsch\u00e4tzen sowie gemeinsam Modelle von Unterrichtseinheiten entwickeln.<\/span><\/p>\n<div>\n<p style=\"margin-bottom: 0cm\" align=\"JUSTIFY\"><span style=\"font-family: arial,helvetica,sans-serif\"><b>Beratung und Selbstverantwortung<\/b><\/span><\/p>\n<\/div>\n<div>\n<p style=\"margin-bottom: 0cm\" align=\"JUSTIFY\"><span style=\"font-family: arial,helvetica,sans-serif\">Sie gestalten Ihre Ausbildung in gro\u00dfem Umfang eigenverantwortlich. Dazu geh\u00f6ren die Aufbereitung der fachwissenschaftlichen und curricularen Grundlagen, die Kl\u00e4rung der Lernvoraussetzungen Ihrer Sch\u00fclerinnen und Sch\u00fcler sowie die Gestaltung von Unterrichtskonzepten. Im Fachseminar und in den Beratungsbesuchen werden Sie hierbei unterst\u00fctzt.<\/span><\/p>\n<p style=\"margin-bottom: 0cm\" align=\"JUSTIFY\">\n<\/div>\n<p style=\"margin-bottom: 0cm\" align=\"JUSTIFY\"><span style=\"font-family: arial,helvetica,sans-serif\">Ihr pers\u00f6nlicher und beruflicher Erfolg wird ma\u00dfgeblich von Ihrem Interesse an Literatur und Sprache bestimmt.<\/span><\/p>\n<h3><\/h3>\n<h3><span style=\"font-family: arial,helvetica,sans-serif\"><a href=\"https:\/\/wordpress.nibis.de\/stsvergy\/files\/Fachkonzept-Deutsch-Feb-2019.pdf\" target=\"_blank\" rel=\"noopener noreferrer\">Zum Fachkonzept Deutsch<\/a><\/span><\/h3>\n<ul>\n<li><a href=\"http:\/\/wordpress.nibis.de\/stsvergy\/files\/Curriculum-Deutsch-Feb-2019.pdf\" target=\"_blank\" rel=\"noopener noreferrer\"><span style=\"font-family: arial,helvetica,sans-serif\">Curriculum<\/span><\/a><\/li>\n<\/ul>\n","protected":false},"excerpt":{"rendered":"<p>Fachleiter S\u00f6nke Landt\u00a0(StD) Schule Cato Bontjes van Beek-Gymnasium Fachleiterin\u00a0\u00a0\u00a0\u00a0\u00a0\u00a0\u00a0\u00a0\u00a0\u00a0\u00a0\u00a0\u00a0\u00a0\u00a0\u00a0 \u00a0 \u00a0\u00a0 (beauftragt) Kerstin Lubkowitz (OStR&#8216;) Schule Ratsgymnasium Rotenburg Fachleiterin\u00a0\u00a0\u00a0\u00a0\u00a0\u00a0\u00a0\u00a0\u00a0\u00a0\u00a0\u00a0\u00a0\u00a0\u00a0\u00a0 \u00a0 \u00a0\u00a0 (beauftragt) Marlene Meyer (OStR&#8216;) Schule Gymnasium Bruchhausen-Vilsen \u00a0 Fachseminare 14-t\u00e4glich, mittwochs (ungerade Woche) Beginn 14:00 Uhr Ort: Studienseminar Verden &hellip; <a href=\"https:\/\/wordpress.nibis.de\/stsvergy\/deutsch\/\">Weiterlesen <span class=\"meta-nav\">&rarr;<\/span><\/a><\/p>\n","protected":false},"author":184,"featured_media":0,"parent":0,"menu_order":0,"comment_status":"closed","ping_status":"closed","template":"","meta":{"footnotes":""},"class_list":["post-31","page","type-page","status-publish","hentry"],"_links":{"self":[{"href":"https:\/\/wordpress.nibis.de\/stsvergy\/wp-json\/wp\/v2\/pages\/31","targetHints":{"allow":["GET"]}}],"collection":[{"href":"https:\/\/wordpress.nibis.de\/stsvergy\/wp-json\/wp\/v2\/pages"}],"about":[{"href":"https:\/\/wordpress.nibis.de\/stsvergy\/wp-json\/wp\/v2\/types\/page"}],"author":[{"embeddable":true,"href":"https:\/\/wordpress.nibis.de\/stsvergy\/wp-json\/wp\/v2\/users\/184"}],"replies":[{"embeddable":true,"href":"https:\/\/wordpress.nibis.de\/stsvergy\/wp-json\/wp\/v2\/comments?post=31"}],"version-history":[{"count":85,"href":"https:\/\/wordpress.nibis.de\/stsvergy\/wp-json\/wp\/v2\/pages\/31\/revisions"}],"predecessor-version":[{"id":1555,"href":"https:\/\/wordpress.nibis.de\/stsvergy\/wp-json\/wp\/v2\/pages\/31\/revisions\/1555"}],"wp:attachment":[{"href":"https:\/\/wordpress.nibis.de\/stsvergy\/wp-json\/wp\/v2\/media?parent=31"}],"curies":[{"name":"wp","href":"https:\/\/api.w.org\/{rel}","templated":true}]}}