{"id":33,"date":"2013-06-27T13:09:06","date_gmt":"2013-06-27T11:09:06","guid":{"rendered":"http:\/\/wordpress.nibis.de\/stsvergy\/?page_id=33"},"modified":"2025-01-08T10:02:43","modified_gmt":"2025-01-08T09:02:43","slug":"ev-religion","status":"publish","type":"page","link":"https:\/\/wordpress.nibis.de\/stsvergy\/ev-religion\/","title":{"rendered":"Evangelische Religion"},"content":{"rendered":"<table style=\"width: 640px;height: 184px\" border=\"0\">\n<tbody>\n<tr valign=\"top\">\n<td><span style=\"font-family: arial,helvetica,sans-serif\">Fachleiterin<br \/>\n<\/span><\/td>\n<td><span style=\"font-family: arial,helvetica,sans-serif\">Ina Brandt (StD&#8216;)<\/span><\/td>\n<\/tr>\n<tr>\n<td><span style=\"font-family: arial,helvetica,sans-serif\">Schule<\/span><\/td>\n<td><span style=\"font-family: arial,helvetica,sans-serif\">Domgymnasium Verden<br \/>\n<\/span><\/td>\n<\/tr>\n<tr>\n<td><span style=\"font-family: arial,helvetica,sans-serif\">\u00a0<\/span><\/td>\n<td><\/td>\n<\/tr>\n<tr>\n<td><span style=\"font-family: arial,helvetica,sans-serif\">Fachseminar<\/span><\/td>\n<td>\n<ul>\n<li><span style=\"font-family: arial,helvetica,sans-serif\">14-t\u00e4glich, donnerstags (ungerade Woche)<br \/>\n<\/span><\/li>\n<li><span style=\"font-family: arial,helvetica,sans-serif\">Beginn 16:05 Uhr<\/span><\/li>\n<li><span style=\"font-family: arial,helvetica,sans-serif\">Ort: Studienseminar Verden<br \/>\n<\/span><\/li>\n<\/ul>\n<\/td>\n<\/tr>\n<\/tbody>\n<\/table>\n<p><span style=\"font-size: large\"><strong><span style=\"font-family: arial,helvetica,sans-serif\">Die Ausbildung im Fachseminar Evangelische Religion<\/span><\/strong><\/span><\/p>\n<p><span style=\"font-family: arial,helvetica,sans-serif\">Das Fachseminar Ev. Religion kn\u00fcpft an die p\u00e4dagogische Ausbildung des Studienseminars an, indem die im Verlauf der Ausbildung zu erwerbenden Kompetenzen vertieft und auf die spezifischen Anforderungen des Fachs bezogen werden.<\/span><\/p>\n<p><span style=\"font-family: arial,helvetica,sans-serif\">Dass dabei dem <em><strong>Religionsunterricht eine besondere Stellung <\/strong><\/em><\/span><span style=\"font-family: arial,helvetica,sans-serif\"> zukommt, liegt f\u00fcr Lehramtsstudenten dieses Fachs und Religionslehrkr\u00e4fte auf der Hand. Einerseits hat Religion den gleichen Status wie jedes andere Fach: Es tr\u00e4gt durch seinen Beitrag zur religi\u00f6sen Bildung dem Bildungsauftrag der Schule Rechnung und unterliegt wie jedes ordentliche Lehrfach den Ma\u00dfgaben der Leistungsbewertung. Andererseits liegt der Religionsunterricht im Verantwortungsbereich der Kirchen. Aus diesem Grund ist kein anderes Fach so umstritten wie Religion und keine andere Lehrkraft in dem Ma\u00dfe herausgefordert ihre F\u00e4cherwahl zu erkl\u00e4ren und das eigene Unterrichtsfach zu rechtfertigen. <\/span><em><strong><span style=\"font-family: arial,helvetica,sans-serif\">Es ist darum in unserem Fach besonders wichtig, sich auszukennen: auf fundierte Kenntnisse im fachdidaktischen und -methodischen Bereich zur\u00fcckgreifen zu k\u00f6nnen, Argumente aktueller religionsp\u00e4dagogischer <\/span><\/strong><\/em><br \/>\n<em><strong><span style=\"font-family: arial,helvetica,sans-serif\">Diskussionen zu kennen und sich positionieren zu k\u00f6nnen. <\/span><\/strong><\/em><\/p>\n<p><span style=\"font-family: arial,helvetica,sans-serif\">Neben Themen zur Planung, Durchf\u00fchrung und Reflexion eines sach- und sch\u00fclerorientierten Religionsunterrichts, ist es daher wichtiges Anliegen des <\/span><br \/>\n<span style=\"font-family: arial,helvetica,sans-serif\">Fachseminars Ev. Religion die Referendarinnen und Referendare im Finden ihrer <\/span><br \/>\n<span style=\"font-family: arial,helvetica,sans-serif\">Rolle als Religionslehrkraft zu unterst\u00fctzen. Die Ausbildung erfolgt durch regelm\u00e4\u00dfige Unterrichtsbesuche, Hospitationsangebote, 14-t\u00e4gliche Fachseminarsitzungen, individuelle Beratung und Exkursionen.<\/span><\/p>\n<p><span style=\"font-size: medium\"><strong><span style=\"font-family: arial,helvetica,sans-serif\"><a href=\"http:\/\/wordpress.nibis.de\/stsvergy\/files\/Curriculum-Ev.-Religion.pdf\" target=\"_blank\" rel=\"noopener\">Zum Fachkonzept Ev. Religion<\/a><\/span><\/strong><\/span><\/p>\n","protected":false},"excerpt":{"rendered":"<p>Fachleiterin Ina Brandt (StD&#8216;) Schule Domgymnasium Verden \u00a0 Fachseminar 14-t\u00e4glich, donnerstags (ungerade Woche) Beginn 16:05 Uhr Ort: Studienseminar Verden Die Ausbildung im Fachseminar Evangelische Religion Das Fachseminar Ev. Religion kn\u00fcpft an die p\u00e4dagogische Ausbildung des Studienseminars an, indem die im &hellip; <a href=\"https:\/\/wordpress.nibis.de\/stsvergy\/ev-religion\/\">Weiterlesen <span class=\"meta-nav\">&rarr;<\/span><\/a><\/p>\n","protected":false},"author":184,"featured_media":0,"parent":0,"menu_order":0,"comment_status":"closed","ping_status":"closed","template":"","meta":{"footnotes":""},"class_list":["post-33","page","type-page","status-publish","hentry"],"_links":{"self":[{"href":"https:\/\/wordpress.nibis.de\/stsvergy\/wp-json\/wp\/v2\/pages\/33","targetHints":{"allow":["GET"]}}],"collection":[{"href":"https:\/\/wordpress.nibis.de\/stsvergy\/wp-json\/wp\/v2\/pages"}],"about":[{"href":"https:\/\/wordpress.nibis.de\/stsvergy\/wp-json\/wp\/v2\/types\/page"}],"author":[{"embeddable":true,"href":"https:\/\/wordpress.nibis.de\/stsvergy\/wp-json\/wp\/v2\/users\/184"}],"replies":[{"embeddable":true,"href":"https:\/\/wordpress.nibis.de\/stsvergy\/wp-json\/wp\/v2\/comments?post=33"}],"version-history":[{"count":21,"href":"https:\/\/wordpress.nibis.de\/stsvergy\/wp-json\/wp\/v2\/pages\/33\/revisions"}],"predecessor-version":[{"id":1557,"href":"https:\/\/wordpress.nibis.de\/stsvergy\/wp-json\/wp\/v2\/pages\/33\/revisions\/1557"}],"wp:attachment":[{"href":"https:\/\/wordpress.nibis.de\/stsvergy\/wp-json\/wp\/v2\/media?parent=33"}],"curies":[{"name":"wp","href":"https:\/\/api.w.org\/{rel}","templated":true}]}}