{"id":35,"date":"2013-06-27T13:09:21","date_gmt":"2013-06-27T11:09:21","guid":{"rendered":"http:\/\/wordpress.nibis.de\/stsvergy\/?page_id=35"},"modified":"2023-05-16T11:45:22","modified_gmt":"2023-05-16T09:45:22","slug":"geschichte","status":"publish","type":"page","link":"https:\/\/wordpress.nibis.de\/stsvergy\/geschichte\/","title":{"rendered":"Geschichte"},"content":{"rendered":"<table border=\"0\">\n<tbody>\n<tr>\n<td><span style=\"font-family: arial,helvetica,sans-serif\">Fachleiter\u00a0\u00a0\u00a0\u00a0\u00a0\u00a0\u00a0\u00a0\u00a0\u00a0\u00a0\u00a0\u00a0\u00a0\u00a0\u00a0\u00a0\u00a0\u00a0\u00a0\u00a0\u00a0\u00a0\u00a0 <\/span><\/td>\n<td><span style=\"font-family: arial,helvetica,sans-serif\">Reinhard Prahm (StD)<\/span><\/td>\n<\/tr>\n<tr>\n<td><span style=\"font-family: arial,helvetica,sans-serif\">Schule<\/span><\/td>\n<td><span style=\"font-family: arial,helvetica,sans-serif\">Cato Bontjes van Beek-Gymnasium, Achim<br \/>\n<\/span><\/td>\n<\/tr>\n<tr>\n<td><span style=\"font-family: arial,helvetica,sans-serif\">\u00a0<\/span><\/td>\n<td><span style=\"font-family: arial,helvetica,sans-serif\">\u00a0<\/span><\/td>\n<\/tr>\n<tr>\n<td><span style=\"font-family: arial,helvetica,sans-serif\">Fachleiter \u00a0\u00a0\u00a0\u00a0\u00a0\u00a0\u00a0\u00a0\u00a0\u00a0\u00a0\u00a0\u00a0\u00a0\u00a0\u00a0\u00a0\u00a0\u00a0\u00a0\u00a0\u00a0\u00a0 (beauftragt)<br \/>\n<\/span><\/td>\n<td><span style=\"font-family: arial,helvetica,sans-serif\">Dirk Harrie (StR)<\/span><\/td>\n<\/tr>\n<tr>\n<td><span style=\"font-family: arial,helvetica,sans-serif\">Schule<\/span><\/td>\n<td><span style=\"font-family: arial,helvetica,sans-serif\">Gymnasium Osterholz-Scharmbeck<br \/>\n<\/span><\/td>\n<\/tr>\n<tr>\n<td><span style=\"font-family: arial,helvetica,sans-serif\">\u00a0<\/span><\/td>\n<td><span style=\"font-family: arial,helvetica,sans-serif\">\u00a0<\/span><\/td>\n<\/tr>\n<tr>\n<td><span style=\"font-family: arial,helvetica,sans-serif\">Fachseminare<\/span><\/td>\n<td>\n<ul>\n<li><span style=\"font-family: arial,helvetica,sans-serif\">14-t\u00e4glich, mittwochs (gerade Woche)<\/span><\/li>\n<li><span style=\"font-family: arial,helvetica,sans-serif\">Beginn 14:00 Uhr<\/span><\/li>\n<li><span style=\"font-family: arial,helvetica,sans-serif\">Ort: Studienseminar Verden<\/span><\/li>\n<\/ul>\n<\/td>\n<\/tr>\n<\/tbody>\n<\/table>\n<p><img loading=\"lazy\" decoding=\"async\" class=\"size-thumbnail wp-image-545 alignleft\" src=\"http:\/\/wordpress.nibis.de\/stsvergy\/files\/Bild1-150x150.jpg\" alt=\"Bild1\" width=\"144\" height=\"150\" \/><img loading=\"lazy\" decoding=\"async\" class=\"size-thumbnail wp-image-546 alignleft\" src=\"http:\/\/wordpress.nibis.de\/stsvergy\/files\/Bild2-150x150.jpg\" alt=\"Bild2\" width=\"126\" height=\"150\" \/><\/p>\n<p><img loading=\"lazy\" decoding=\"async\" class=\"size-thumbnail wp-image-547 alignleft\" src=\"http:\/\/wordpress.nibis.de\/stsvergy\/files\/Bild3-150x150.jpg\" alt=\"Bild3\" width=\"131\" height=\"150\" \/><\/p>\n<p><img loading=\"lazy\" decoding=\"async\" class=\"size-thumbnail wp-image-549 alignleft\" src=\"http:\/\/wordpress.nibis.de\/stsvergy\/files\/Bild5-150x150.jpg\" alt=\"Bild5\" width=\"130\" height=\"150\" \/><\/p>\n<p><span style=\"font-family: arial,helvetica,sans-serif\"><strong><span style=\"font-size: large\">Zur Ausbildung im Fach Geschichte<\/span> <\/strong><\/span><\/p>\n<p><span style=\"font-size: medium;font-family: arial,helvetica,sans-serif\">Bodo v. Borries schreibt 2001 (in GWU 5\/6):<\/span><br \/>\n<span style=\"font-family: arial,helvetica,sans-serif\"><span style=\"font-size: medium\"><strong><em>Praktis<\/em><\/strong><\/span><span style=\"font-size: medium\"><strong><em>ch <\/em><\/strong><\/span><span style=\"font-size: medium\"><strong><em>werden im Geschichtsunterricht ununterbrochen Informationen geliefert, nach denen kein Sch\u00fcler gefragt hat.<\/em><\/strong><\/span><\/span><\/p>\n<p><span style=\"font-family: arial,helvetica,sans-serif\">Wenn das so ist, hat es h\u00e4ssliche <b>Folgen<\/b> f\u00fcr den Unterricht und f\u00fcr die Zufriedenheit der Geschichtslehrerinnen und Lehrer mit ihrem Unterricht. Deshalb will das Fachseminar Geschichte am Studienseminar Verden den Referendaren und Referendarinnen dazu verhelfen, die <b>Fragen und Interessen der Sch\u00fclerinnen und Sch\u00fcler<\/b> wahrzunehmen, um die Jugendlichen f\u00fcr einen <b>gewinnbringenden Geschichtsunterricht<\/b> zu motivieren.<\/span><\/p>\n<p><span style=\"font-family: arial,helvetica,sans-serif\">Die <b>Bedeutung<\/b> des Geschichtsunterrichts liegt in der historischen Sinnbildung. Dementsprechend ist das Fachseminar Geschichte dem in den Einheitlichen Pr\u00fcfungsanforderungen festgelegten obersten Ziel des Geschichtsunterrichts verpflichtet:<\/span><\/p>\n<p><span style=\"font-family: arial,helvetica,sans-serif\"><i>Alle \u201eTeilkompetenzen zeigen sich in der F\u00e4higkeit zur sinnbildenden Darstellung von Geschichte (Narration von Geschichte), die die Pr\u00fcflinge bef\u00e4higt, am \u00f6ffentlichen Diskurs \u00fcber Geschichte teilzunehmen.\u201c<\/i><\/span><\/p>\n<p><span style=\"font-family: arial,helvetica,sans-serif\">Geschichtsunterricht orientiert sich also prinzipiell am <b>kumulativen Kompetenzaufbau<\/b>; unterschieden werden <b>inhaltsbezogene<\/b> und <b>prozessbezogene<\/b> <b>Kompetenzen<\/b>, die in Sequenzen erworben und ausgebaut werden. Kompetenzorientiertes Unterrichten bedingt einen sch\u00fclerzentrierten und handlungsorientierten Unterricht.<\/span><\/p>\n<p><a href=\"http:\/\/wordpress.nibis.de\/stsvergy\/files\/Seminarlehrplan-des-Fachseminars-Geschichte-im-Studienseminar-Verden-2018.pdf\" target=\"_blank\" rel=\"noopener\"><strong><span style=\"font-family: arial,helvetica,sans-serif;font-size: medium\">Zum Fachkonzept Geschichte<\/span><\/strong><\/a><\/p>\n","protected":false},"excerpt":{"rendered":"<p>Fachleiter\u00a0\u00a0\u00a0\u00a0\u00a0\u00a0\u00a0\u00a0\u00a0\u00a0\u00a0\u00a0\u00a0\u00a0\u00a0\u00a0\u00a0\u00a0\u00a0\u00a0\u00a0\u00a0\u00a0\u00a0 Reinhard Prahm (StD) Schule Cato Bontjes van Beek-Gymnasium, Achim \u00a0 \u00a0 Fachleiter \u00a0\u00a0\u00a0\u00a0\u00a0\u00a0\u00a0\u00a0\u00a0\u00a0\u00a0\u00a0\u00a0\u00a0\u00a0\u00a0\u00a0\u00a0\u00a0\u00a0\u00a0\u00a0\u00a0 (beauftragt) Dirk Harrie (StR) Schule Gymnasium Osterholz-Scharmbeck \u00a0 \u00a0 Fachseminare 14-t\u00e4glich, mittwochs (gerade Woche) Beginn 14:00 Uhr Ort: Studienseminar Verden Zur Ausbildung im Fach Geschichte Bodo &hellip; <a href=\"https:\/\/wordpress.nibis.de\/stsvergy\/geschichte\/\">Weiterlesen <span class=\"meta-nav\">&rarr;<\/span><\/a><\/p>\n","protected":false},"author":184,"featured_media":0,"parent":0,"menu_order":0,"comment_status":"closed","ping_status":"closed","template":"","meta":{"footnotes":""},"class_list":["post-35","page","type-page","status-publish","hentry"],"_links":{"self":[{"href":"https:\/\/wordpress.nibis.de\/stsvergy\/wp-json\/wp\/v2\/pages\/35","targetHints":{"allow":["GET"]}}],"collection":[{"href":"https:\/\/wordpress.nibis.de\/stsvergy\/wp-json\/wp\/v2\/pages"}],"about":[{"href":"https:\/\/wordpress.nibis.de\/stsvergy\/wp-json\/wp\/v2\/types\/page"}],"author":[{"embeddable":true,"href":"https:\/\/wordpress.nibis.de\/stsvergy\/wp-json\/wp\/v2\/users\/184"}],"replies":[{"embeddable":true,"href":"https:\/\/wordpress.nibis.de\/stsvergy\/wp-json\/wp\/v2\/comments?post=35"}],"version-history":[{"count":38,"href":"https:\/\/wordpress.nibis.de\/stsvergy\/wp-json\/wp\/v2\/pages\/35\/revisions"}],"predecessor-version":[{"id":1494,"href":"https:\/\/wordpress.nibis.de\/stsvergy\/wp-json\/wp\/v2\/pages\/35\/revisions\/1494"}],"wp:attachment":[{"href":"https:\/\/wordpress.nibis.de\/stsvergy\/wp-json\/wp\/v2\/media?parent=35"}],"curies":[{"name":"wp","href":"https:\/\/api.w.org\/{rel}","templated":true}]}}