{"id":38,"date":"2013-06-27T13:10:07","date_gmt":"2013-06-27T11:10:07","guid":{"rendered":"http:\/\/wordpress.nibis.de\/stsvergy\/?page_id=38"},"modified":"2025-02-06T10:11:27","modified_gmt":"2025-02-06T09:11:27","slug":"mathematik","status":"publish","type":"page","link":"https:\/\/wordpress.nibis.de\/stsvergy\/mathematik\/","title":{"rendered":"Mathematik"},"content":{"rendered":"<table border=\"0\">\n<tbody>\n<tr valign=\"top\">\n<td><span style=\"font-family: arial,helvetica,sans-serif\">Fachleiterin\u00a0<\/span><\/td>\n<td><span style=\"font-family: arial,helvetica,sans-serif\">Alexandra Marie Meier-Holst (StD&#8216;)<\/span><\/td>\n<\/tr>\n<tr>\n<td><span style=\"font-family: arial,helvetica,sans-serif\">Schule<\/span><\/td>\n<td><span style=\"font-family: arial,helvetica,sans-serif\">Ratsgymnasium Rotenburg<\/span><\/td>\n<\/tr>\n<tr>\n<td><span style=\"font-family: arial,helvetica,sans-serif\">Fachseminar<\/span><\/td>\n<td>\n<ul>\n<li><span style=\"font-family: arial,helvetica,sans-serif\">14-t\u00e4glich, mittwochs (gerade Woche)<\/span><\/li>\n<li><span style=\"font-family: arial,helvetica,sans-serif\">Beginn 16:05 Uhr<\/span><\/li>\n<li><span style=\"font-family: arial,helvetica,sans-serif\">Ort: Studienseminar Verden<\/span><\/li>\n<\/ul>\n<\/td>\n<\/tr>\n<\/tbody>\n<\/table>\n<p><strong><span style=\"font-family: arial,helvetica,sans-serif;font-size: large\">Zur Ausbildung im Fach Mathematik<\/span><\/strong><\/p>\n<p><span style=\"font-family: arial,helvetica,sans-serif\">H. Winter kennzeichnet einen <em>allgemeinbildenden <\/em><\/span><span style=\"font-family: arial,helvetica,sans-serif\"> Mathematikunterricht durch drei Grunderfahrungen, die dieser den Sch\u00fclerinnen und Sch\u00fclern erm\u00f6glichen soll:<\/span><\/p>\n<p><span style=\"font-family: arial,helvetica,sans-serif\">\u201cErscheinungen der Welt um uns, die uns alle angehen oder angehen sollten (&#8230;) in e\u00a0i\u00a0n\u00a0e\u00a0r spe\u00adzi\u00adfischen Art wahrzunehmen und zu verstehen,<\/span><br \/>\n<span style=\"font-family: arial,helvetica,sans-serif\">mathematische Gegenst\u00e4nde und Sachverhalte (&#8230;) als geistige Sch\u00f6pfungen, als eine deduktiv geordnete Welt eigener Art kennen zu lernen und zu begreifen,<\/span><span style=\"font-family: arial,helvetica,sans-serif\">(&#8230;) Probleml\u00f6sef\u00e4higkeiten, die \u00fcber die Mathematik hinaus gehen (heuristische F\u00e4higkeiten), zu erwerben.<\/span><\/p>\n<p><span style=\"font-family: arial,helvetica,sans-serif\">Das Wort <em>Erfahrung<\/em> soll zum Ausdruck bringen, dass das Lernen von Mathematik weit mehr sein muss als eine Entgegennahme und Abspeicherung von Information, dass Mathematik erlebt (m\u00f6glicherweise auch erlitten) werden muss.\u201d<\/span><\/p>\n<p><span style=\"font-family: arial,helvetica,sans-serif\"><strong>Anmerkung<\/strong><b>: <\/b>Halmos\u2019 Empfehlung<b> <\/b>f\u00fcr den Mathematikunterricht<\/span><\/p>\n<p><span style=\"font-family: times new roman,times\"><b>The best way to learn is to do &#8211; to ask, and to do.<\/b><\/span><br \/>\n<span style=\"font-family: times new roman,times\"> <b>The best way to teach ist to make students ask, and do.<\/b><\/span><br \/>\n<span style=\"font-family: times new roman,times\"> <b>Don\u2019t preach facts, stimulate acts.<\/b> <\/span><\/p>\n<p><span style=\"font-family: arial,helvetica,sans-serif\">leitet mich immer wieder auch bei der Gestaltung der Ausbildung im Fachseminar.<\/span><\/p>\n<div><a href=\"http:\/\/wordpress.nibis.de\/stsvergy\/files\/Curriculum-Mathematik.pdf\" target=\"_blank\" rel=\"noopener\"><strong><span style=\"font-family: arial,helvetica,sans-serif;font-size: medium\">Zum Fachkonzept Mathematik<\/span><\/strong><\/a><\/div>\n<div>\n<ul>\n<li><a href=\"http:\/\/wordpress.nibis.de\/stsvergy\/files\/Fachcurriculum-Mathematik-Erg\u00e4nzung-Medienkompetenzbezug-Jan-2019.pdf\" target=\"_blank\" rel=\"noopener\"><span style=\"font-family: arial,helvetica,sans-serif\">Erg\u00e4nzung: Beitrag\u00a0zur\u00a0Medienkompetenzbildung<\/span><\/a><\/li>\n<\/ul>\n<\/div>\n","protected":false},"excerpt":{"rendered":"<p>Fachleiterin\u00a0 Alexandra Marie Meier-Holst (StD&#8216;) Schule Ratsgymnasium Rotenburg Fachseminar 14-t\u00e4glich, mittwochs (gerade Woche) Beginn 16:05 Uhr Ort: Studienseminar Verden Zur Ausbildung im Fach Mathematik H. Winter kennzeichnet einen allgemeinbildenden Mathematikunterricht durch drei Grunderfahrungen, die dieser den Sch\u00fclerinnen und Sch\u00fclern erm\u00f6glichen &hellip; <a href=\"https:\/\/wordpress.nibis.de\/stsvergy\/mathematik\/\">Weiterlesen <span class=\"meta-nav\">&rarr;<\/span><\/a><\/p>\n","protected":false},"author":184,"featured_media":0,"parent":0,"menu_order":0,"comment_status":"closed","ping_status":"closed","template":"","meta":{"footnotes":""},"class_list":["post-38","page","type-page","status-publish","hentry"],"_links":{"self":[{"href":"https:\/\/wordpress.nibis.de\/stsvergy\/wp-json\/wp\/v2\/pages\/38","targetHints":{"allow":["GET"]}}],"collection":[{"href":"https:\/\/wordpress.nibis.de\/stsvergy\/wp-json\/wp\/v2\/pages"}],"about":[{"href":"https:\/\/wordpress.nibis.de\/stsvergy\/wp-json\/wp\/v2\/types\/page"}],"author":[{"embeddable":true,"href":"https:\/\/wordpress.nibis.de\/stsvergy\/wp-json\/wp\/v2\/users\/184"}],"replies":[{"embeddable":true,"href":"https:\/\/wordpress.nibis.de\/stsvergy\/wp-json\/wp\/v2\/comments?post=38"}],"version-history":[{"count":25,"href":"https:\/\/wordpress.nibis.de\/stsvergy\/wp-json\/wp\/v2\/pages\/38\/revisions"}],"predecessor-version":[{"id":1576,"href":"https:\/\/wordpress.nibis.de\/stsvergy\/wp-json\/wp\/v2\/pages\/38\/revisions\/1576"}],"wp:attachment":[{"href":"https:\/\/wordpress.nibis.de\/stsvergy\/wp-json\/wp\/v2\/media?parent=38"}],"curies":[{"name":"wp","href":"https:\/\/api.w.org\/{rel}","templated":true}]}}