{"id":40,"date":"2013-06-27T13:10:32","date_gmt":"2013-06-27T11:10:32","guid":{"rendered":"http:\/\/wordpress.nibis.de\/stsvergy\/?page_id=40"},"modified":"2018-11-01T14:12:55","modified_gmt":"2018-11-01T13:12:55","slug":"politik-wirtschaft","status":"publish","type":"page","link":"https:\/\/wordpress.nibis.de\/stsvergy\/politik-wirtschaft\/","title":{"rendered":"Politik-Wirtschaft"},"content":{"rendered":"<table border=\"0\">\n<tbody>\n<tr valign=\"top\">\n<td><span style=\"font-family: arial,helvetica,sans-serif;color: #333333\">Fachleiter<\/span><\/td>\n<td><span style=\"font-family: arial,helvetica,sans-serif;color: #333333\">Stephan Spieker (StD)<\/span><\/td>\n<\/tr>\n<tr>\n<td><span style=\"font-family: arial,helvetica,sans-serif;color: #333333\">Schule<\/span><\/td>\n<td><span style=\"font-family: arial,helvetica,sans-serif;color: #333333\">Gymnasium Lilienthal<\/span><\/td>\n<\/tr>\n<tr>\n<td><span style=\"font-family: arial,helvetica,sans-serif;color: #333333\">Fachseminar<\/span><\/td>\n<td>\n<ul>\n<li><span style=\"font-family: arial,helvetica,sans-serif;color: #333333\">14-t\u00e4glich, donnerstags (ungerade Woche)<\/span><\/li>\n<li><span style=\"font-family: arial,helvetica,sans-serif;color: #333333\">Beginn 14:00 Uhr<\/span><\/li>\n<li><span style=\"font-family: arial,helvetica,sans-serif;color: #333333\">Ort: Studienseminar Verden<\/span><\/li>\n<\/ul>\n<\/td>\n<\/tr>\n<\/tbody>\n<\/table>\n<p><strong><span style=\"font-family: arial,helvetica,sans-serif;font-size: large\">Zur Ausbildung im Fach Politik-Wirtschaft<\/span><\/strong><\/p>\n<p><span style=\"font-family: arial,helvetica,sans-serif;font-size: medium\">Willkommen im Fachseminar Politik-Wirtschaft! Kaum ein Fach bietet so gro\u00dfe Chancen auf einen packenden Unterricht: In Politik-Wirtschaft k\u00f6nnen aktuelle sowie konflikthafte und damit spannende Themen kontrovers und lebendig behandelt werden.<\/span><\/p>\n<p><span style=\"font-family: arial,helvetica,sans-serif;font-size: medium\">Dabei lauern allerdings auch Gefahren: Einiges hat nur eine geringe Halbwertzeit. Zudem sind viele Themen \u00e4u\u00dferst komplex und bergen die Gefahr der \u00dcberforderung der Sch\u00fclerinnen und Sch\u00fcler.<\/span><\/p>\n<p><span style=\"font-family: arial,helvetica,sans-serif;font-size: medium\">Im Fachseminar Politik-Wirtschaft suchen wir daher nach Wegen, ausgehend von aktuellen, beispielhaften Themen altersangemessen zu grundlegenden, strukturierten Erkenntnissen kommen zu k\u00f6nnen.<\/span><\/p>\n<p><span style=\"font-family: arial,helvetica,sans-serif;font-size: medium\">Dadurch sollen die Lernenden dazu bef\u00e4higt werden, sich in \u00f6ffentlichen Angelegenheiten und \u00f6konomischen Situationen verantwortungsbewusst einzubringen.\u00a0\u00a0<\/span><\/p>\n<p><span style=\"font-size: medium\"><strong><span style=\"font-family: arial,helvetica,sans-serif\"><a href=\"http:\/\/wordpress.nibis.de\/stsvergy\/files\/Fachcurriculum-Politik-Wirtschaft-2018.pdf\" target=\"_blank\" rel=\"noopener\">Zum Fachkonzept Politik-Wirtschaft<\/a><\/span><\/strong><\/span><\/p>\n","protected":false},"excerpt":{"rendered":"<p>Fachleiter Stephan Spieker (StD) Schule Gymnasium Lilienthal Fachseminar 14-t\u00e4glich, donnerstags (ungerade Woche) Beginn 14:00 Uhr Ort: Studienseminar Verden Zur Ausbildung im Fach Politik-Wirtschaft Willkommen im Fachseminar Politik-Wirtschaft! Kaum ein Fach bietet so gro\u00dfe Chancen auf einen packenden Unterricht: In Politik-Wirtschaft &hellip; <a href=\"https:\/\/wordpress.nibis.de\/stsvergy\/politik-wirtschaft\/\">Weiterlesen <span class=\"meta-nav\">&rarr;<\/span><\/a><\/p>\n","protected":false},"author":184,"featured_media":0,"parent":0,"menu_order":0,"comment_status":"closed","ping_status":"closed","template":"","meta":{"footnotes":""},"class_list":["post-40","page","type-page","status-publish","hentry"],"_links":{"self":[{"href":"https:\/\/wordpress.nibis.de\/stsvergy\/wp-json\/wp\/v2\/pages\/40","targetHints":{"allow":["GET"]}}],"collection":[{"href":"https:\/\/wordpress.nibis.de\/stsvergy\/wp-json\/wp\/v2\/pages"}],"about":[{"href":"https:\/\/wordpress.nibis.de\/stsvergy\/wp-json\/wp\/v2\/types\/page"}],"author":[{"embeddable":true,"href":"https:\/\/wordpress.nibis.de\/stsvergy\/wp-json\/wp\/v2\/users\/184"}],"replies":[{"embeddable":true,"href":"https:\/\/wordpress.nibis.de\/stsvergy\/wp-json\/wp\/v2\/comments?post=40"}],"version-history":[{"count":17,"href":"https:\/\/wordpress.nibis.de\/stsvergy\/wp-json\/wp\/v2\/pages\/40\/revisions"}],"predecessor-version":[{"id":1264,"href":"https:\/\/wordpress.nibis.de\/stsvergy\/wp-json\/wp\/v2\/pages\/40\/revisions\/1264"}],"wp:attachment":[{"href":"https:\/\/wordpress.nibis.de\/stsvergy\/wp-json\/wp\/v2\/media?parent=40"}],"curies":[{"name":"wp","href":"https:\/\/api.w.org\/{rel}","templated":true}]}}