{"id":412,"date":"2013-08-09T14:56:51","date_gmt":"2013-08-09T12:56:51","guid":{"rendered":"http:\/\/wordpress.nibis.de\/stsvergy\/?page_id=412"},"modified":"2017-09-28T18:19:18","modified_gmt":"2017-09-28T16:19:18","slug":"kgs-waldschule-schwanewede","status":"publish","type":"page","link":"https:\/\/wordpress.nibis.de\/stsvergy\/kgs-waldschule-schwanewede\/","title":{"rendered":"KGS Waldschule Schwanewede"},"content":{"rendered":"<h4><span style=\"font-family: arial,helvetica,sans-serif;font-size: medium\">Die Gemeinde<\/span><\/h4>\n<p><span style=\"font-family: arial,helvetica,sans-serif\">Schwanewede liegt n\u00f6rdlich von Bremen. Die Gemeinde hat mit ihren 12 Ortschaften eine Gr\u00f6\u00dfe von 132 qkm und ca. 19.880 Einwohner. Im Jahre 2003 wurde die Ortschaft Schwanewede 800 Jahre alt. Innerhalb der Gemeindegrenzen findet man Moore, Marschen, W\u00e4lder sowie die gr\u00f6\u00dfte Flussinsel Europas, den Harriersand. Informationen zur Gemeinde finden sich unter <a href=\"http:\/\/www.schwanewede.de\/\" target=\"_blank\" rel=\"noopener\">www.schwanewede.de<\/a>.<\/span><\/p>\n<h4><span style=\"font-family: arial,helvetica,sans-serif;font-size: medium\">Die Schule<\/span><\/h4>\n<p><span style=\"font-family: arial,helvetica,sans-serif\">Die Schule ist im Jahre 1962 gegr\u00fcndet worden und seit ihrer Neugestaltung 1975 als Kooperative Gesamtschule (KGS) organisiert. Mit durchschnittlich 160 Schulabg\u00e4ngerinnen und -abg\u00e4ngern j\u00e4hrlich hat sie in der Zeit ihres Bestehens als KGS in Zusammenarbeit mit den Grundschulen mehr als 4500 jungen Menschen der Gemeinde die Schulbildung vermittelt, die eine der Voraussetzungen f\u00fcr einen erfolgreichen Lebensweg ist. Zur Zeit besuchen etwa 1500 Sch\u00fclerinnen und Sch\u00fcler die Waldschule. Sie werden unterrichtet von 110 Lehrerinnen und Lehrern.<\/span><\/p>\n<h4><span style=\"font-family: arial,helvetica,sans-serif;font-size: medium\">Die Organisation der Schule<\/span><\/h4>\n<p><span style=\"font-family: arial,helvetica,sans-serif\">Die Waldschule Schwanewede ist eine kooperative Gesamtschule. Das bedeutet, dass die Schulformen des 3-gliedrigen Schulsystems der Sekundarstufe I sowie die Sekundarstufe II unter einem Dach unterrichtet werden. Im Sekundarbereich I geschieht das in den meisten F\u00e4chern in Klassen in einem der drei Zweige (<i>Hauptschule, Realschule, Gymnasium<\/i>), in einigen F\u00e4chern in Kursen mit Sch\u00fclerinnen und Sch\u00fclern aller Zweige im so genannten\u00a0<i>integrierten Bereich<\/i>. Die integriert unterrichteten F\u00e4cher sind Kunst, Musik, Werken, Sport sowie der Bereich der Arbeitsgemeinschaften.<\/span><\/p>\n<h4><span style=\"font-family: arial,helvetica,sans-serif;font-size: medium\">Die Schulleitung<\/span><\/h4>\n<p><span style=\"font-family: arial,helvetica,sans-serif\">Die Schulleitung besteht aus dem Schulleiter, der Stellvertreterin, den Zweigleitern f\u00fcr den Hauptschul-, den Realschul- und den Gymnasialzweig sowie der didaktischen Leiterin, deren Aufgaben das p\u00e4dagogische Konzept der Schule und den integrierten Bereich umfassen.<\/span><br \/>\n<span style=\"font-family: arial,helvetica,sans-serif\"> Die Schulleitung wird unterst\u00fctzt durch die Koordinatoren f\u00fcr den Gymnasialzweig und die Fachbereichsleiter f\u00fcr die Bereiche Deutsch, Fremdsprachen, Gesellschaftswissenschaften, Arbeit-Wirtschaft-Technik, Kunst-Musik-Darstellendes Spiel, Sport, Mathematik-Physik, Naturwissenschaften und Neue Technologien.<\/span><\/p>\n<table style=\"border-color: #6a9df0;border-width: 0px;background-color: #ebf2f4\" border=\"0\">\n<tbody>\n<tr>\n<td><span style=\"font-family: arial,helvetica,sans-serif\">KGS Waldschule Schwanewede<\/span><br \/>\n<span style=\"font-family: arial,helvetica,sans-serif\">Waldweg 2<\/span><br \/>\n<span style=\"font-family: arial,helvetica,sans-serif\">28790 Schwanewede<\/span><span style=\"font-family: arial,helvetica,sans-serif\">Tel : 04209 &#8211; 750<\/span><br \/>\n<span style=\"font-family: arial,helvetica,sans-serif\"> Fax: 04209 &#8211; 7533<\/span><br \/>\n<span style=\"font-family: arial,helvetica,sans-serif\"> Mail: <a href=\"m&#97;&#x69;&#x6c;t&#111;&#x3a;&#x76;e&#114;&#119;&#x61;&#x6c;t&#117;&#x6e;&#x67;&#64;&#119;&#x61;&#x6c;d&#115;&#99;&#x68;&#x75;l&#101;&#x2d;&#x73;c&#104;&#x77;&#x61;n&#101;&#119;&#x65;&#x64;e&#46;&#x64;&#x65;\">verwaltung(at)waldschule-schwanewede.de<\/a><\/span><br \/>\n<span style=\"font-family: arial,helvetica,sans-serif\"> Website: <a href=\"http:\/\/www.waldschule-schwanewede.dehttp:\/\/\" target=\"_blank\" rel=\"noopener\">www.waldschule-schwanewede.de<\/a><\/span><\/p>\n<p><span style=\"font-family: arial,helvetica,sans-serif\">Schulleiter: Eugen Kolodziej, GSD<br \/>\n<\/span><\/td>\n<td><\/td>\n<\/tr>\n<\/tbody>\n<\/table>\n<p>&nbsp;<\/p>\n","protected":false},"excerpt":{"rendered":"<p>Die Gemeinde Schwanewede liegt n\u00f6rdlich von Bremen. Die Gemeinde hat mit ihren 12 Ortschaften eine Gr\u00f6\u00dfe von 132 qkm und ca. 19.880 Einwohner. Im Jahre 2003 wurde die Ortschaft Schwanewede 800 Jahre alt. Innerhalb der Gemeindegrenzen findet man Moore, Marschen, &hellip; <a href=\"https:\/\/wordpress.nibis.de\/stsvergy\/kgs-waldschule-schwanewede\/\">Weiterlesen <span class=\"meta-nav\">&rarr;<\/span><\/a><\/p>\n","protected":false},"author":184,"featured_media":0,"parent":0,"menu_order":0,"comment_status":"closed","ping_status":"closed","template":"","meta":{"footnotes":""},"class_list":["post-412","page","type-page","status-publish","hentry"],"_links":{"self":[{"href":"https:\/\/wordpress.nibis.de\/stsvergy\/wp-json\/wp\/v2\/pages\/412","targetHints":{"allow":["GET"]}}],"collection":[{"href":"https:\/\/wordpress.nibis.de\/stsvergy\/wp-json\/wp\/v2\/pages"}],"about":[{"href":"https:\/\/wordpress.nibis.de\/stsvergy\/wp-json\/wp\/v2\/types\/page"}],"author":[{"embeddable":true,"href":"https:\/\/wordpress.nibis.de\/stsvergy\/wp-json\/wp\/v2\/users\/184"}],"replies":[{"embeddable":true,"href":"https:\/\/wordpress.nibis.de\/stsvergy\/wp-json\/wp\/v2\/comments?post=412"}],"version-history":[{"count":37,"href":"https:\/\/wordpress.nibis.de\/stsvergy\/wp-json\/wp\/v2\/pages\/412\/revisions"}],"predecessor-version":[{"id":1199,"href":"https:\/\/wordpress.nibis.de\/stsvergy\/wp-json\/wp\/v2\/pages\/412\/revisions\/1199"}],"wp:attachment":[{"href":"https:\/\/wordpress.nibis.de\/stsvergy\/wp-json\/wp\/v2\/media?parent=412"}],"curies":[{"name":"wp","href":"https:\/\/api.w.org\/{rel}","templated":true}]}}