{"id":42,"date":"2013-06-27T13:11:07","date_gmt":"2013-06-27T11:11:07","guid":{"rendered":"http:\/\/wordpress.nibis.de\/stsvergy\/?page_id=42"},"modified":"2023-04-26T12:28:31","modified_gmt":"2023-04-26T10:28:31","slug":"ausbildungsschulen","status":"publish","type":"page","link":"https:\/\/wordpress.nibis.de\/stsvergy\/ausbildungsschulen\/","title":{"rendered":"Ausbildungsschulen"},"content":{"rendered":"\n\n\n<figure class=\"wp-block-image size-large\"><img loading=\"lazy\" decoding=\"async\" width=\"634\" height=\"480\" src=\"https:\/\/wordpress.nibis.de\/stsvergy\/files\/Karte-Seminar-634x480.jpg\" alt=\"\" class=\"wp-image-1478\" srcset=\"https:\/\/wordpress.nibis.de\/stsvergy\/files\/Karte-Seminar-634x480.jpg 634w, https:\/\/wordpress.nibis.de\/stsvergy\/files\/Karte-Seminar-300x227.jpg 300w, https:\/\/wordpress.nibis.de\/stsvergy\/files\/Karte-Seminar.jpg 763w\" sizes=\"auto, (max-width: 634px) 100vw, 634px\" \/><figcaption>Quelle: https:\/\/www.openstreetmap.de\/ (Zugriff am 26.4.2023)<\/figcaption><\/figure>\n\n\n<p><span style=\"font-family: arial,helvetica,sans-serif;font-size: medium\">Wenn Sie sich f\u00fcr Verden als \u201eIhrem\u201c Studienseminar bewerben, wird es f\u00fcr Sie aus planerischen Gr\u00fcnden wichtig sein, welcher Ausbildungsschule sie zugewiesen werden, h\u00e4ngt doch davon ab, ob Sie und wohin Sie ggf. umziehen m\u00fcssen oder wollen. <\/span><\/p>\n<p><span style=\"font-family: arial,helvetica,sans-serif;font-size: medium\">Die Zuweisung an die Schulen erfolgt durch die zust\u00e4ndige Beh\u00f6rde, die in der Praxis die Vorschl\u00e4ge des Seminars ber\u00fccksichtigt,\u00a0die wiederum aus dem Zusammenspiel schulischer und ausbildungsrelevanter Notwendigkeiten und \u2013 wenn m\u00f6glich \u2013 auch Ihrer pers\u00f6nlichen W\u00fcnsche erwachsen.\u00a0<\/span><\/p>\n<p><span style=\"font-family: arial,helvetica,sans-serif;font-size: medium\">\u00dcber die Men\u00fcpunkte k\u00f6nnen Sie schon einmal erste Informationen zu unseren Ausbildungsschulen erhalten.<\/span><\/p>","protected":false},"excerpt":{"rendered":"<p>Wenn Sie sich f\u00fcr Verden als \u201eIhrem\u201c Studienseminar bewerben, wird es f\u00fcr Sie aus planerischen Gr\u00fcnden wichtig sein, welcher Ausbildungsschule sie zugewiesen werden, h\u00e4ngt doch davon ab, ob Sie und wohin Sie ggf. umziehen m\u00fcssen oder wollen. Die Zuweisung an &hellip; <a href=\"https:\/\/wordpress.nibis.de\/stsvergy\/ausbildungsschulen\/\">Weiterlesen <span class=\"meta-nav\">&rarr;<\/span><\/a><\/p>\n","protected":false},"author":184,"featured_media":0,"parent":0,"menu_order":0,"comment_status":"closed","ping_status":"closed","template":"","meta":{"footnotes":""},"class_list":["post-42","page","type-page","status-publish","hentry"],"_links":{"self":[{"href":"https:\/\/wordpress.nibis.de\/stsvergy\/wp-json\/wp\/v2\/pages\/42","targetHints":{"allow":["GET"]}}],"collection":[{"href":"https:\/\/wordpress.nibis.de\/stsvergy\/wp-json\/wp\/v2\/pages"}],"about":[{"href":"https:\/\/wordpress.nibis.de\/stsvergy\/wp-json\/wp\/v2\/types\/page"}],"author":[{"embeddable":true,"href":"https:\/\/wordpress.nibis.de\/stsvergy\/wp-json\/wp\/v2\/users\/184"}],"replies":[{"embeddable":true,"href":"https:\/\/wordpress.nibis.de\/stsvergy\/wp-json\/wp\/v2\/comments?post=42"}],"version-history":[{"count":10,"href":"https:\/\/wordpress.nibis.de\/stsvergy\/wp-json\/wp\/v2\/pages\/42\/revisions"}],"predecessor-version":[{"id":1480,"href":"https:\/\/wordpress.nibis.de\/stsvergy\/wp-json\/wp\/v2\/pages\/42\/revisions\/1480"}],"wp:attachment":[{"href":"https:\/\/wordpress.nibis.de\/stsvergy\/wp-json\/wp\/v2\/media?parent=42"}],"curies":[{"name":"wp","href":"https:\/\/api.w.org\/{rel}","templated":true}]}}