{"id":457,"date":"2013-10-10T11:42:46","date_gmt":"2013-10-10T09:42:46","guid":{"rendered":"http:\/\/wordpress.nibis.de\/stsvergy\/?page_id=457"},"modified":"2023-05-16T12:11:31","modified_gmt":"2023-05-16T10:11:31","slug":"integrierte-gesamtschule-osterholz-scharmbeck","status":"publish","type":"page","link":"https:\/\/wordpress.nibis.de\/stsvergy\/integrierte-gesamtschule-osterholz-scharmbeck\/","title":{"rendered":"Integrierte Gesamtschule Osterholz-Scharmbeck"},"content":{"rendered":"<p><span style=\"font-family: arial,helvetica\"><span style=\"color: #000000\">Die IGS Osterholz-Scharmbeck ist eine nach Jahrg\u00e4ngen strukturierte Schule mit den Jahrg\u00e4ngen 5-13. Seit Februar 2012 sind wir Ausbildungsschule des Seminars Verden f\u00fcr alle Lehr\u00e4mter. Warum sind wir f\u00fcr Sie interessant?<\/span><\/span><\/p>\n<p><span style=\"font-family: arial,helvetica,sans-serif\"><span style=\"color: #000000\">Wir begleiten unsere Klassen im Team und geben in den Jahrg\u00e4ngen 5-7 unsere Leistungsr\u00fcckmeldungen \u00fcber Lernentwicklungsberichte. <\/span><\/span><\/p>\n<p><span style=\"font-family: arial,helvetica,sans-serif\"><span style=\"color: #000000\">Wir sind ein junges, teamorientiert arbeitendes Kollegium, das paralleles Arbeiten mit den FachkollegInnen im Jahrgang praktiziert. Wir begleiten jede Sch\u00fclerin und jeden Sch\u00fcler auf dem Weg zum individuell h\u00f6chstm\u00f6glichen Bildungsabschluss, indem wir das eigenverantwortliche Arbeiten unserer Sch\u00fclerInnen und Sch\u00fcler durch f\u00e4cher\u00fcbergreifende Projekt- und Wochenplanarbeit f\u00f6rdern. Dazu geh\u00f6rt ebenfalls, dass wir au\u00dferschulische Lernstandorte aufsuchen und \u00fcber Arbeitsgemeinschaften und Wahlpflichtkurse die Sch\u00fclerInnen und Sch\u00fcler auffordern, eigene Schwerpunkte in ihrem Lernprozess zu setzen. Ab der 6. Klasse bieten wir Franz\u00f6sisch und Spanisch als 2. Fremdsprache an und f\u00fchren diese auch in der SEK II fort.<\/span><\/span><\/p>\n<p><span style=\"font-family: arial,helvetica,sans-serif\"><span style=\"color: #000000\">Unsere au\u00dferschulischen Partner sind neben Werder Bremen, in dessen Fan Projekt wir Mitglied sind, auch das Fraunhofer Institut, unter dessen Federf\u00fchrung wir in der SEK II bereits vier Theo-Prax-Projekte durchgef\u00fchrt haben. Seit 2010 sind wir Mitglied im Arbeitskreis 10 des &#8222;Blick \u00fcber den Zaun&#8220;, einem B\u00fcndnis von circa 120 Reformschulen in Deutschland.<\/span><\/span><\/p>\n<p><span style=\"font-family: arial,helvetica,sans-serif\"><span style=\"color: #000000\">Wir sind eine Schule in Bewegung, die sich den st\u00e4ndig wechselnden und spannenden Herausforderungen der Zeit stellt: wir unterrichten mit modernen Unterrichtsmaterialien wie Smartboards, und im Fachbereich musisch-kulturelle Bildung k\u00f6nnen die Sch\u00fclerinnen und Sch\u00fcler auf schuleigenen Instrumente \u00fcben, Film- und Tonschnitte an Computern bearbeiten und im Rahmen einer j\u00e4hrlichen, schul\u00fcbergreifenden Probenwoche ihre St\u00e4rken zeigen. <\/span><\/span><\/p>\n<p><span style=\"font-family: arial,helvetica,sans-serif\"><span style=\"color: #000000\">Gerne d\u00fcrfen Sie w\u00e4hrend eines Besuches die Schule &#8222;live&#8220; betrachten und die besondere Atmosph\u00e4re erleben. Ansprechpartner f\u00fcr den Bereich Ausbildung ist Herr Dr. Eiben (&#x6a;&#x6f;&#x65;&#114;&#110;&#46;e&#x69;&#x62;&#x65;&#x6e;&#64;&#105;gs&#x63;&#x68;&#x75;&#108;&#101;&#45;oh&#x7a;&#x2e;&#x64;&#101;).<\/span><\/span><\/p>\n<p><span style=\"font-family: arial,helvetica,sans-serif\"><span style=\"color: #000000\">Kollegiale Schulleitung<\/span><\/span><br \/>\n<span style=\"font-family: arial,helvetica,sans-serif\"><span style=\"color: #000000\">IGS Osterholz-Scharmbeck<\/span><\/span><br \/>\n<span style=\"font-family: arial,helvetica,sans-serif\"><span style=\"color: #000000\">Februar 2018<\/span><\/span><\/p>\n<table style=\"background-color: #ebf2f4;border-width: 0px;border-color: #6a9df0\" border=\"0\">\n<tbody>\n<tr>\n<td><span style=\"font-family: arial,helvetica,sans-serif\">Integrierte Gesamtschule Osterholz-Scharmbeck<\/span><br \/>\n<span style=\"font-family: arial,helvetica,sans-serif\">Mensingstra\u00dfe 56<\/span><br \/>\n<span style=\"font-family: arial,helvetica,sans-serif\">27711 Osterholz-Scharmbeck<\/span><span style=\"font-family: arial,helvetica,sans-serif\">Tel : 04791\/9615-151<\/span><br \/>\n<span style=\"font-family: arial,helvetica,sans-serif\">Fax: 04791\/9615-119<\/span><br \/>\n<span style=\"font-family: arial,helvetica,sans-serif\">Mail: <a href=\"&#109;a&#105;l&#116;o&#x3a;s&#x65;k&#x72;e&#x74;a&#x72;i&#x61;t&#x40;i&#x67;s&#x2d;o&#x68;&#122;&#x2e;&#100;&#x65;\">sekretariat(at)igs-ohz.de<\/a><\/span><br \/>\n<span style=\"font-family: arial,helvetica,sans-serif\">Website:\u00a0<a href=\"http:\/\/www.igs-ohz.de\" target=\"_blank\" rel=\"noopener\">www.igs-ohz.de <\/a><\/span><\/p>\n<p><span style=\"font-family: arial,helvetica,sans-serif\">Schulleiterin: Margarete Kloppenborg, GSD&#8216;<\/span><\/td>\n<\/tr>\n<\/tbody>\n<\/table>\n","protected":false},"excerpt":{"rendered":"<p>Die IGS Osterholz-Scharmbeck ist eine nach Jahrg\u00e4ngen strukturierte Schule mit den Jahrg\u00e4ngen 5-13. Seit Februar 2012 sind wir Ausbildungsschule des Seminars Verden f\u00fcr alle Lehr\u00e4mter. Warum sind wir f\u00fcr Sie interessant? Wir begleiten unsere Klassen im Team und geben in &hellip; <a href=\"https:\/\/wordpress.nibis.de\/stsvergy\/integrierte-gesamtschule-osterholz-scharmbeck\/\">Weiterlesen <span class=\"meta-nav\">&rarr;<\/span><\/a><\/p>\n","protected":false},"author":184,"featured_media":0,"parent":0,"menu_order":0,"comment_status":"closed","ping_status":"closed","template":"","meta":{"footnotes":""},"class_list":["post-457","page","type-page","status-publish","hentry"],"_links":{"self":[{"href":"https:\/\/wordpress.nibis.de\/stsvergy\/wp-json\/wp\/v2\/pages\/457","targetHints":{"allow":["GET"]}}],"collection":[{"href":"https:\/\/wordpress.nibis.de\/stsvergy\/wp-json\/wp\/v2\/pages"}],"about":[{"href":"https:\/\/wordpress.nibis.de\/stsvergy\/wp-json\/wp\/v2\/types\/page"}],"author":[{"embeddable":true,"href":"https:\/\/wordpress.nibis.de\/stsvergy\/wp-json\/wp\/v2\/users\/184"}],"replies":[{"embeddable":true,"href":"https:\/\/wordpress.nibis.de\/stsvergy\/wp-json\/wp\/v2\/comments?post=457"}],"version-history":[{"count":19,"href":"https:\/\/wordpress.nibis.de\/stsvergy\/wp-json\/wp\/v2\/pages\/457\/revisions"}],"predecessor-version":[{"id":1515,"href":"https:\/\/wordpress.nibis.de\/stsvergy\/wp-json\/wp\/v2\/pages\/457\/revisions\/1515"}],"wp:attachment":[{"href":"https:\/\/wordpress.nibis.de\/stsvergy\/wp-json\/wp\/v2\/media?parent=457"}],"curies":[{"name":"wp","href":"https:\/\/api.w.org\/{rel}","templated":true}]}}