{"id":7,"date":"2013-06-27T12:59:04","date_gmt":"2013-06-27T10:59:04","guid":{"rendered":"http:\/\/wordpress.nibis.de\/stsvergy\/?page_id=7"},"modified":"2025-02-06T10:13:37","modified_gmt":"2025-02-06T09:13:37","slug":"herzlich-willkommen","status":"publish","type":"page","link":"https:\/\/wordpress.nibis.de\/stsvergy\/","title":{"rendered":"Herzlich Willkommen"},"content":{"rendered":"\n<div class=\"wp-block-image\"><figure class=\"alignright\"><img loading=\"lazy\" decoding=\"async\" width=\"300\" height=\"225\" src=\"http:\/\/wordpress.nibis.de\/stsvergy\/files\/IMG_16101-300x225.jpg\" alt=\"IMG_1610\" class=\"wp-image-279\" srcset=\"https:\/\/wordpress.nibis.de\/stsvergy\/files\/IMG_16101-300x225.jpg 300w, https:\/\/wordpress.nibis.de\/stsvergy\/files\/IMG_16101.jpg 640w\" sizes=\"auto, (max-width: 300px) 100vw, 300px\" \/><\/figure><\/div>\n\n\n\n<p><strong><span style=\"font-family: arial,helvetica,sans-serif;font-size: medium\"> auf den Se<\/span><\/strong><strong><span style=\"font-family: arial,helvetica,sans-serif;font-size: medium\"><\/span><\/strong><strong><span style=\"font-family: arial,helvetica,sans-serif;font-size: medium\">iten des Studienseminars Verden f\u00fcr das Lehramt an Gymnasien!<\/span><\/strong><\/p>\n\n\n\n<p><span style=\"font-family: arial,helvetica,sans-serif;font-size: medium\">Wenn es nach dem Abschluss<\/span><span style=\"font-family: arial,helvetica,sans-serif;font-size: medium\"> Ihres Studiums Ihr Ziel ist, zur Lehrerin bzw. zum Lehrer an einem Gymnasium ausgebildet zu werden, k\u00f6nnen Sie bei uns Ihren Vorbereitungsdienst absolvieren. <\/span><\/p>\n\n\n\n<p><span style=\"font-family: arial,helvetica,sans-serif;font-size: medium\">Am Studienseminar werden zur Zeit etwa 70 Referendar*innen und Quereinsteiger*innen von 22 Fachleitern und Fachleiterinnen ausgebildet \u2013 in den F\u00e4chern Deutsch, Englisch, Spanisch, Sport, Kunst, Mathematik, Biologie, Physik, Geschichte, Politik-Wirtschaft, Evangelische Religion und Erdkunde. Zudem k\u00f6nnen Sie verschiedene Zusatzqualifikationen erwerben. <\/span><\/p>\n\n\n\n<p><span style=\"font-family: arial,helvetica,sans-serif;font-size: medium\">Die Ausbildung im Seminar findet in einem besonderen r\u00e4umlichen Ambiente statt:<\/span><span style=\"font-family: arial,helvetica,sans-serif;font-size: medium\"> Unser Sitz ist ein charmantes Fachwerkgeb\u00e4ude<\/span><span style=\"font-family: arial,helvetica,sans-serif;font-size: medium\"> aus dem 18. Jahrhundert. Die zentrale Ortslage bei gleichzeitiger <\/span><span style=\"font-family: arial,helvetica,sans-serif;font-size: medium\">park\u00e4hnlicher Umgebung <\/span><span style=\"font-family: arial,helvetica,sans-serif;font-size: medium\">erm\u00f6glicht eine Arbeitsatmosph\u00e4re, in der es sich konzentriert und entspannt arbeiten <\/span><span style=\"font-family: arial,helvetica,sans-serif;font-size: medium\">l\u00e4sst.<\/span><\/p>\n\n\n\n<p><span style=\"font-family: arial,helvetica,sans-serif;font-size: medium\">Zum Studienseminar geh\u00f6ren 19 Ausbildungsschulen, die sich auf folgend<\/span><span style=\"font-family: arial,helvetica,sans-serif;font-size: medium\">e Orte ve<\/span><span style=\"font-family: arial,helvetica,sans-serif;font-size: medium\">rteilen: Verden, Achim, Lilienthal, Osterholz-Scharmbeck, Ritterhude, Schwanewede, Ottersberg, Oyten, Schee\u00dfel, Tarmstedt, Syke, Sottrum, Hoya, Bruchhausen-Vilsen und Rotenburg. Hier werden Sie im schulischen Alltag in Kooperation zwischen Schule und Studienseminar ausgebildet.<\/span><\/p>\n\n\n\n<p><strong><span style=\"font-family: arial,helvetica,sans-serif\">Bei Ihrer Ausbildung begleitet Sie das Studienseminar-Team:<\/span><\/strong><\/p>\n\n\n\n<p><span style=\"font-family: arial,helvetica,sans-serif\"><span style=\"font-size: small\"><span style=\"font-size: medium\"><span style=\"font-family: arial,helvetica,sans-serif\">Dr. Anna Schneider (Seminarleiterin), Anja Niebuhr (St\u00e4ndige Vertreterin der Seminarleitung) sowie die Fachleiterinnen und Fachleiter der Unterrichtsf\u00e4cher und der P\u00e4dagogischen Seminare.<br><\/span><\/span><\/span><\/span><\/p>\n\n\n\n<div class=\"wp-block-image\"><figure class=\"aligncenter\"><img decoding=\"async\" src=\"http:\/\/wordpress.nibis.de\/stsvergy\/files\/IMG_1607-300x225.jpg\" alt=\"IMG_1607\" \/><\/figure><\/div>\n","protected":false},"excerpt":{"rendered":"<p>auf den Seiten des Studienseminars Verden f\u00fcr das Lehramt an Gymnasien! Wenn es nach dem Abschluss Ihres Studiums Ihr Ziel ist, zur Lehrerin bzw. zum Lehrer an einem Gymnasium ausgebildet zu werden, k\u00f6nnen Sie bei uns Ihren Vorbereitungsdienst absolvieren. Am &hellip; <a href=\"https:\/\/wordpress.nibis.de\/stsvergy\/\">Weiterlesen <span class=\"meta-nav\">&rarr;<\/span><\/a><\/p>\n","protected":false},"author":184,"featured_media":0,"parent":0,"menu_order":0,"comment_status":"closed","ping_status":"closed","template":"","meta":{"footnotes":""},"class_list":["post-7","page","type-page","status-publish","hentry"],"_links":{"self":[{"href":"https:\/\/wordpress.nibis.de\/stsvergy\/wp-json\/wp\/v2\/pages\/7","targetHints":{"allow":["GET"]}}],"collection":[{"href":"https:\/\/wordpress.nibis.de\/stsvergy\/wp-json\/wp\/v2\/pages"}],"about":[{"href":"https:\/\/wordpress.nibis.de\/stsvergy\/wp-json\/wp\/v2\/types\/page"}],"author":[{"embeddable":true,"href":"https:\/\/wordpress.nibis.de\/stsvergy\/wp-json\/wp\/v2\/users\/184"}],"replies":[{"embeddable":true,"href":"https:\/\/wordpress.nibis.de\/stsvergy\/wp-json\/wp\/v2\/comments?post=7"}],"version-history":[{"count":38,"href":"https:\/\/wordpress.nibis.de\/stsvergy\/wp-json\/wp\/v2\/pages\/7\/revisions"}],"predecessor-version":[{"id":1578,"href":"https:\/\/wordpress.nibis.de\/stsvergy\/wp-json\/wp\/v2\/pages\/7\/revisions\/1578"}],"wp:attachment":[{"href":"https:\/\/wordpress.nibis.de\/stsvergy\/wp-json\/wp\/v2\/media?parent=7"}],"curies":[{"name":"wp","href":"https:\/\/api.w.org\/{rel}","templated":true}]}}