{"id":758,"date":"2014-03-06T13:40:24","date_gmt":"2014-03-06T12:40:24","guid":{"rendered":"http:\/\/wordpress.nibis.de\/stsvergy\/?page_id=758"},"modified":"2023-05-16T12:04:43","modified_gmt":"2023-05-16T10:04:43","slug":"gymnasium-eichenschule-scheessel","status":"publish","type":"page","link":"https:\/\/wordpress.nibis.de\/stsvergy\/gymnasium-eichenschule-scheessel\/","title":{"rendered":"Gymnasium Eichenschule Schee\u00dfel"},"content":{"rendered":"<table style=\"border-color: #6a9df0;border-width: 0px;background-color: #ebf2f4\" border=\"0\">\n<tbody>\n<tr>\n<td><span style=\"font-family: arial,helvetica,sans-serif\">Gymnasium Eichenschule Schee\u00dfel<\/span><br \/>\n<span style=\"font-family: arial,helvetica,sans-serif\">K\u00f6nigsberger Str. 15<\/span><br \/>\n<span style=\"font-family: arial,helvetica,sans-serif\"> 27383 Schee\u00dfel<\/span><\/p>\n<p><span style=\"font-family: arial,helvetica,sans-serif\">Tel: 04263 \/ 98560<\/span><br \/>\n<span style=\"font-family: arial,helvetica,sans-serif\"> Fax: 0<\/span><span style=\"font-size: medium\">4263<\/span><span style=\"font-family: arial,helvetica,sans-serif\"> \/ 985699<\/span><br \/>\n<span style=\"font-family: arial,helvetica,sans-serif\"> Mail: <span style=\"font-size: medium\"><a href=\"&#109;a&#105;l&#116;o&#x3a;v&#x65;r&#x77;a&#x6c;t&#x75;n&#x67;&#64;&#x65;i&#x63;h&#x65;n&#x73;&#99;&#x68;&#117;&#x6c;&#101;&#x2e;&#100;&#x65;\">verwaltung(at)eichenschule.de<\/a><\/span><\/span><br \/>\n<span style=\"font-family: arial,helvetica,sans-serif\"> Website: <span style=\"font-size: medium\"><a href=\"http:\/\/www.eichenschule.de\" target=\"_blank\" rel=\"noopener\">www.eichenschule.de<\/a><\/span><\/span><\/p>\n<p><span style=\"font-family: arial,helvetica,sans-serif\">Schulleiter: Christian Birnbaum, OStD<\/span><\/p>\n<p>Ansprechpartnerin f\u00fcr die Referendar*innen: Frau Vollmer-Eicken<\/td>\n<\/tr>\n<\/tbody>\n<\/table>\n","protected":false},"excerpt":{"rendered":"<p>Gymnasium Eichenschule Schee\u00dfel K\u00f6nigsberger Str. 15 27383 Schee\u00dfel Tel: 04263 \/ 98560 Fax: 04263 \/ 985699 Mail: verwaltung(at)eichenschule.de Website: www.eichenschule.de Schulleiter: Christian Birnbaum, OStD Ansprechpartnerin f\u00fcr die Referendar*innen: Frau Vollmer-Eicken<\/p>\n","protected":false},"author":184,"featured_media":0,"parent":0,"menu_order":0,"comment_status":"closed","ping_status":"closed","template":"","meta":{"footnotes":""},"class_list":["post-758","page","type-page","status-publish","hentry"],"_links":{"self":[{"href":"https:\/\/wordpress.nibis.de\/stsvergy\/wp-json\/wp\/v2\/pages\/758","targetHints":{"allow":["GET"]}}],"collection":[{"href":"https:\/\/wordpress.nibis.de\/stsvergy\/wp-json\/wp\/v2\/pages"}],"about":[{"href":"https:\/\/wordpress.nibis.de\/stsvergy\/wp-json\/wp\/v2\/types\/page"}],"author":[{"embeddable":true,"href":"https:\/\/wordpress.nibis.de\/stsvergy\/wp-json\/wp\/v2\/users\/184"}],"replies":[{"embeddable":true,"href":"https:\/\/wordpress.nibis.de\/stsvergy\/wp-json\/wp\/v2\/comments?post=758"}],"version-history":[{"count":12,"href":"https:\/\/wordpress.nibis.de\/stsvergy\/wp-json\/wp\/v2\/pages\/758\/revisions"}],"predecessor-version":[{"id":1509,"href":"https:\/\/wordpress.nibis.de\/stsvergy\/wp-json\/wp\/v2\/pages\/758\/revisions\/1509"}],"wp:attachment":[{"href":"https:\/\/wordpress.nibis.de\/stsvergy\/wp-json\/wp\/v2\/media?parent=758"}],"curies":[{"name":"wp","href":"https:\/\/api.w.org\/{rel}","templated":true}]}}