{"id":167,"date":"2025-04-24T18:40:54","date_gmt":"2025-04-24T16:40:54","guid":{"rendered":"https:\/\/wordpress.nibis.de\/stueve\/?page_id=167"},"modified":"2025-04-24T18:53:17","modified_gmt":"2025-04-24T16:53:17","slug":"foerderverein","status":"publish","type":"page","link":"https:\/\/wordpress.nibis.de\/stueve\/foerderverein\/","title":{"rendered":"F\u00f6rderverein"},"content":{"rendered":"\n<p>Wir freuen uns jederzeit \u00fcber neue Mitglieder f\u00fcr unseren F\u00f6rderverein!<\/p>\n\n\n\n<p>Der F\u00f6rderverein der St\u00fcveschule ist ein gemeinn\u00fctziger Verein, der die p\u00e4dagogische Arbeit der Schule vielseitig unterst\u00fctzt. Ob durch finanzielle, materielle oder personelle Unterst\u00fctzung &#8211; als aktives Mitglied des F\u00f6rdervereins helfen Sie nachhaltig bei der Gestaltung des Schulalltags mit!<\/p>\n\n\n\n<p> <\/p>\n\n\n\n<div data-wp-interactive=\"core\/file\" class=\"wp-block-file\"><object data-wp-bind--hidden=\"!state.hasPdfPreview\" hidden class=\"wp-block-file__embed\" data=\"https:\/\/wordpress.nibis.de\/stueve\/files\/2025\/04\/Foerderverein.pdf\" type=\"application\/pdf\" style=\"width:100%;height:600px\" aria-label=\"Einbettung von Einbettung von F\u00f6rderverein..\"><\/object><a id=\"wp-block-file--media-24305a88-3e4d-4f43-b7ee-b2ae0c140f4e\" href=\"https:\/\/wordpress.nibis.de\/stueve\/files\/2025\/04\/Foerderverein.pdf\">F\u00f6rderverein<\/a><a href=\"https:\/\/wordpress.nibis.de\/stueve\/files\/2025\/04\/Foerderverein.pdf\" class=\"wp-block-file__button\" download aria-describedby=\"wp-block-file--media-24305a88-3e4d-4f43-b7ee-b2ae0c140f4e\">Herunterladen<\/a><\/div>\n","protected":false},"excerpt":{"rendered":"<p>Wir freuen uns jederzeit \u00fcber neue Mitglieder f\u00fcr unseren F\u00f6rderverein! Der F\u00f6rderverein der St\u00fcveschule ist ein gemeinn\u00fctziger Verein, der die p\u00e4dagogische Arbeit der Schule vielseitig unterst\u00fctzt. Ob durch finanzielle, materielle oder personelle Unterst\u00fctzung &#8211; als aktives Mitglied des F\u00f6rdervereins helfen Sie nachhaltig bei der Gestaltung des Schulalltags mit!<\/p>\n","protected":false},"author":9194546,"featured_media":0,"parent":0,"menu_order":0,"comment_status":"closed","ping_status":"closed","template":"","meta":{"footnotes":""},"class_list":["post-167","page","type-page","status-publish","hentry"],"_links":{"self":[{"href":"https:\/\/wordpress.nibis.de\/stueve\/wp-json\/wp\/v2\/pages\/167","targetHints":{"allow":["GET"]}}],"collection":[{"href":"https:\/\/wordpress.nibis.de\/stueve\/wp-json\/wp\/v2\/pages"}],"about":[{"href":"https:\/\/wordpress.nibis.de\/stueve\/wp-json\/wp\/v2\/types\/page"}],"author":[{"embeddable":true,"href":"https:\/\/wordpress.nibis.de\/stueve\/wp-json\/wp\/v2\/users\/9194546"}],"replies":[{"embeddable":true,"href":"https:\/\/wordpress.nibis.de\/stueve\/wp-json\/wp\/v2\/comments?post=167"}],"version-history":[{"count":2,"href":"https:\/\/wordpress.nibis.de\/stueve\/wp-json\/wp\/v2\/pages\/167\/revisions"}],"predecessor-version":[{"id":170,"href":"https:\/\/wordpress.nibis.de\/stueve\/wp-json\/wp\/v2\/pages\/167\/revisions\/170"}],"wp:attachment":[{"href":"https:\/\/wordpress.nibis.de\/stueve\/wp-json\/wp\/v2\/media?parent=167"}],"curies":[{"name":"wp","href":"https:\/\/api.w.org\/{rel}","templated":true}]}}