{"id":191,"date":"2025-04-28T17:08:44","date_gmt":"2025-04-28T15:08:44","guid":{"rendered":"https:\/\/wordpress.nibis.de\/stueve\/?page_id=191"},"modified":"2025-05-26T14:32:44","modified_gmt":"2025-05-26T12:32:44","slug":"zeiten-kosten-und-anmeldung","status":"publish","type":"page","link":"https:\/\/wordpress.nibis.de\/stueve\/zeiten-kosten-und-anmeldung\/","title":{"rendered":"Zeiten, Kosten und Anmeldung"},"content":{"rendered":"\n<p>Auf dieser Seite finden Sie Informationen zu dem Ganztag der St\u00fcveschule, den Zeiten sowie den Kosten.<\/p>\n\n\n\n<p><\/p>\n\n\n\n<h2 class=\"wp-block-heading\">Ganztag<\/h2>\n\n\n\n<p><strong>1 und 2 Klasse:<\/strong>&nbsp;Montag \u2013 Donnerstag 12.30&nbsp; \u2013 15.00 Uhr<\/p>\n\n\n\n<p><strong>3 und 4 Klasse:&nbsp;<\/strong>Montag \u2013 Donnerstag 13.15 \u2013 15.00 Uhr<\/p>\n\n\n\n<p>Sie erhalten im Mai einen Anmeldebogen von der St\u00fcveschule.<\/p>\n\n\n\n<p>Die&nbsp;<strong>Ganztagsbetreuung<\/strong>&nbsp; ist&nbsp;<strong>kostenlos<\/strong>.<\/p>\n\n\n\n<p>Um Ihr Kind bei der Ganztagsbetreuung anzumelden, holen Sie sich bitte einen aktuellen Antrag im Sekretariat der St\u00fcveschule ab.<\/p>\n\n\n\n<p><\/p>\n\n\n\n<h2 class=\"wp-block-heading\">Nachmittagsbetreuung f\u00fcr Schulkindergartenkinder<\/h2>\n\n\n\n<p>Montag \u2013 Donnerstag bis 15.00 Uhr sowie Freitag bis 12.30 Uhr<\/p>\n\n\n\n<p>F\u00fcr eine Anmeldung rufen Sie uns gerne an oder schicken uns eine E-Mail.<\/p>\n\n\n\n<p><strong>Wichtiger Hinweis:&nbsp;<\/strong>Die Betreuung ist auf&nbsp;<strong>10 Pl\u00e4tze<\/strong>&nbsp;begrenzt.<\/p>\n\n\n\n<p>Die&nbsp;<strong>Nachmittagsbetreuung der Schulkindergartenkinder<\/strong>&nbsp;ist&nbsp;<strong>kostenlos<\/strong>.<\/p>\n\n\n\n<p><\/p>\n\n\n\n<h2 class=\"wp-block-heading\">Hort<\/h2>\n\n\n\n<p>Montag bis Donnerstag von 15.00 bis 17.00 Uhr, freitags von 12.30 Uhr bis 17 Uhr<\/p>\n\n\n\n<p>Ferien von 8.00 bis 17.00 Uhr<\/p>\n\n\n\n<p>F\u00fcr eine Anmeldung rufen Sie gerne den VPAK an an oder schicken eine E-Mail.<\/p>\n\n\n\n<p><strong>Wichtiger Hinweis:&nbsp;<\/strong>Die Hortbetreuung ist auf&nbsp;<strong>60 Pl\u00e4tze<\/strong>&nbsp;begrenzt.<\/p>\n\n\n\n<p>Die<strong>&nbsp;Hortbetreuung<\/strong><strong>&nbsp;<\/strong>kostet zurzeit&nbsp;<strong>108,33 Euro\/Monat.<\/strong>&nbsp;<\/p>\n\n\n\n<p><strong>Anmerkung:&nbsp;<\/strong>In bestimmten F\u00e4llen (Geschwisterregelung, Bezug von Sozialleistungen) fallen keine Kosten f\u00fcr die Hortbetreuung an. Ausk\u00fcnfte hierzu erhalten Sie bei der Anmeldung.<\/p>\n\n\n\n<h2 class=\"wp-block-heading\">Mittagessen<\/h2>\n\n\n\n<p>Sie haben die M\u00f6glichkeit ihre Kinder beim warmen Mittagessen anzumelden. Ein Formular geht Ihnen automatisch zu.<\/p>\n\n\n\n<p><strong>Montag bis Donnerstag bzw. am Freitag f\u00fcr Hortkinder<\/strong>&nbsp; &#8211; Kosten&nbsp;<strong>3,70\u20ac pro Essen<\/strong>&nbsp;(wird \u00fcber die Schule abgerechnet)<\/p>\n\n\n\n<p><strong>Ferienbetreuung<\/strong>&nbsp;&#8211; Kosten&nbsp;<strong>3\u20ac pro Essen<\/strong>&nbsp;(wird \u00fcber die Verpflegungspauschale von 10\u20ac mtl. abgerechnet)<\/p>\n\n\n\n<p>F\u00fcr einkommensschwache Familien besteht die M\u00f6glichkeit der Kosten\u00fcbernahme. Ausk\u00fcnfte erhalten Sie bei der Anmeldung.<\/p>\n","protected":false},"excerpt":{"rendered":"<p>Auf dieser Seite finden Sie Informationen zu dem Ganztag der St\u00fcveschule, den Zeiten sowie den Kosten. Ganztag 1 und 2 Klasse:&nbsp;Montag \u2013 Donnerstag 12.30&nbsp; \u2013 15.00 Uhr 3 und 4 Klasse:&nbsp;Montag \u2013 Donnerstag 13.15 \u2013 15.00 Uhr Sie erhalten im Mai einen Anmeldebogen von der St\u00fcveschule. Die&nbsp;Ganztagsbetreuung&nbsp; ist&nbsp;kostenlos. Um Ihr Kind bei der Ganztagsbetreuung anzumelden, holen Sie sich bitte einen aktuellen Antrag im Sekretariat der St\u00fcveschule ab. Nachmittagsbetreuung f\u00fcr Schulkindergartenkinder Montag \u2013 Donnerstag bis 15.00 Uhr sowie Freitag bis 12.30 Uhr F\u00fcr eine Anmeldung rufen Sie uns gerne an oder schicken uns eine E-Mail. Wichtiger Hinweis:&nbsp;Die Betreuung ist auf&nbsp;10 Pl\u00e4tze&nbsp;begrenzt. Die&nbsp;Nachmittagsbetreuung der Schulkindergartenkinder&nbsp;ist&nbsp;kostenlos. Hort Montag bis Donnerstag von 15.00 bis 17.00 Uhr, freitags von 12.30 Uhr bis 17 Uhr Ferien von 8.00 bis 17.00 Uhr F\u00fcr eine Anmeldung rufen Sie gerne den VPAK an an oder schicken eine E-Mail. Wichtiger Hinweis:&nbsp;Die Hortbetreuung ist auf&nbsp;60 Pl\u00e4tze&nbsp;begrenzt. Die&nbsp;Hortbetreuung&nbsp;kostet zurzeit&nbsp;108,33 Euro\/Monat.&nbsp; Anmerkung:&nbsp;In bestimmten F\u00e4llen (Geschwisterregelung, Bezug von Sozialleistungen) fallen keine Kosten f\u00fcr die Hortbetreuung an. Ausk\u00fcnfte hierzu erhalten Sie bei der Anmeldung. Mittagessen Sie haben die M\u00f6glichkeit ihre Kinder beim warmen Mittagessen anzumelden. Ein Formular geht Ihnen automatisch zu. Montag bis Donnerstag bzw. am Freitag f\u00fcr Hortkinder&nbsp; &#8211; Kosten&nbsp;3,70\u20ac pro Essen&nbsp;(wird \u00fcber die Schule abgerechnet) Ferienbetreuung&nbsp;&#8211; Kosten&nbsp;3\u20ac pro Essen&nbsp;(wird \u00fcber die Verpflegungspauschale von 10\u20ac mtl. abgerechnet) F\u00fcr einkommensschwache Familien besteht die M\u00f6glichkeit der Kosten\u00fcbernahme. Ausk\u00fcnfte erhalten Sie bei der Anmeldung.<\/p>\n","protected":false},"author":9194546,"featured_media":0,"parent":0,"menu_order":0,"comment_status":"closed","ping_status":"closed","template":"","meta":{"footnotes":""},"class_list":["post-191","page","type-page","status-publish","hentry"],"_links":{"self":[{"href":"https:\/\/wordpress.nibis.de\/stueve\/wp-json\/wp\/v2\/pages\/191","targetHints":{"allow":["GET"]}}],"collection":[{"href":"https:\/\/wordpress.nibis.de\/stueve\/wp-json\/wp\/v2\/pages"}],"about":[{"href":"https:\/\/wordpress.nibis.de\/stueve\/wp-json\/wp\/v2\/types\/page"}],"author":[{"embeddable":true,"href":"https:\/\/wordpress.nibis.de\/stueve\/wp-json\/wp\/v2\/users\/9194546"}],"replies":[{"embeddable":true,"href":"https:\/\/wordpress.nibis.de\/stueve\/wp-json\/wp\/v2\/comments?post=191"}],"version-history":[{"count":5,"href":"https:\/\/wordpress.nibis.de\/stueve\/wp-json\/wp\/v2\/pages\/191\/revisions"}],"predecessor-version":[{"id":362,"href":"https:\/\/wordpress.nibis.de\/stueve\/wp-json\/wp\/v2\/pages\/191\/revisions\/362"}],"wp:attachment":[{"href":"https:\/\/wordpress.nibis.de\/stueve\/wp-json\/wp\/v2\/media?parent=191"}],"curies":[{"name":"wp","href":"https:\/\/api.w.org\/{rel}","templated":true}]}}