{"id":203,"date":"2025-04-28T17:27:50","date_gmt":"2025-04-28T15:27:50","guid":{"rendered":"https:\/\/wordpress.nibis.de\/stueve\/?page_id=203"},"modified":"2025-06-02T16:23:32","modified_gmt":"2025-06-02T14:23:32","slug":"die-pausenhoefe","status":"publish","type":"page","link":"https:\/\/wordpress.nibis.de\/stueve\/die-pausenhoefe\/","title":{"rendered":"Die Pausenh\u00f6fe"},"content":{"rendered":"\n<p>Die St\u00fcveschule bietet ihren mehr als 300 Sch\u00fcler:innen auf zwei gro\u00dfen Schulh\u00f6fen (genannt Ahornseite und Kastanienseite) ausreichend Spiel-, Kletter- und auch Turnm\u00f6glichkeiten, um die Bewegungs- und Spielfreude der Kinder zu unterst\u00fctzen.<\/p>\n\n\n\n<p>Au\u00dferdem bereiten die zwei Fu\u00dfball-Bereiche auf der Ahornseite der St\u00fcveschule den Sch\u00fcler:innen gro\u00dfe Freude in den Pausen:<\/p>\n\n\n\n<p>In jeder Pause sind abwechselnd andere Klasse dran; Pausen, in denen nur M\u00e4dchen spielen d\u00fcrfen, gibt es bei uns auch. <\/p>\n\n\n\n<figure class=\"wp-block-image size-large is-style-rounded\"><img loading=\"lazy\" decoding=\"async\" width=\"1024\" height=\"683\" src=\"https:\/\/wordpress.nibis.de\/stueve\/files\/2025\/04\/DSC08258-1024x683.jpg\" alt=\"\" class=\"wp-image-211\" srcset=\"https:\/\/wordpress.nibis.de\/stueve\/files\/2025\/04\/DSC08258-1024x683.jpg 1024w, https:\/\/wordpress.nibis.de\/stueve\/files\/2025\/04\/DSC08258-300x200.jpg 300w, https:\/\/wordpress.nibis.de\/stueve\/files\/2025\/04\/DSC08258-768x512.jpg 768w, https:\/\/wordpress.nibis.de\/stueve\/files\/2025\/04\/DSC08258-1536x1024.jpg 1536w, https:\/\/wordpress.nibis.de\/stueve\/files\/2025\/04\/DSC08258-2048x1365.jpg 2048w, https:\/\/wordpress.nibis.de\/stueve\/files\/2025\/04\/DSC08258-120x80.jpg 120w\" sizes=\"auto, (max-width: 1024px) 100vw, 1024px\" \/><\/figure>\n\n\n\n<figure class=\"wp-block-gallery has-nested-images columns-default is-cropped wp-block-gallery-1 is-layout-flex wp-block-gallery-is-layout-flex\">\n<figure class=\"wp-block-image size-large is-style-rounded\"><img loading=\"lazy\" decoding=\"async\" width=\"1928\" height=\"2560\" data-id=\"405\" src=\"https:\/\/wordpress.nibis.de\/stueve\/files\/2025\/06\/PXL_20250602_081311997-scaled.jpg\" alt=\"\" class=\"wp-image-405\" srcset=\"https:\/\/wordpress.nibis.de\/stueve\/files\/2025\/06\/PXL_20250602_081311997-scaled.jpg 1928w, https:\/\/wordpress.nibis.de\/stueve\/files\/2025\/06\/PXL_20250602_081311997-226x300.jpg 226w, https:\/\/wordpress.nibis.de\/stueve\/files\/2025\/06\/PXL_20250602_081311997-771x1024.jpg 771w, https:\/\/wordpress.nibis.de\/stueve\/files\/2025\/06\/PXL_20250602_081311997-768x1020.jpg 768w, https:\/\/wordpress.nibis.de\/stueve\/files\/2025\/06\/PXL_20250602_081311997-1157x1536.jpg 1157w, https:\/\/wordpress.nibis.de\/stueve\/files\/2025\/06\/PXL_20250602_081311997-1542x2048.jpg 1542w\" sizes=\"auto, (max-width: 1928px) 100vw, 1928px\" \/><\/figure>\n\n\n\n<figure class=\"wp-block-image size-large is-style-rounded\"><img loading=\"lazy\" decoding=\"async\" width=\"1928\" height=\"2560\" data-id=\"409\" src=\"https:\/\/wordpress.nibis.de\/stueve\/files\/2025\/06\/PXL_20250602_081557836-scaled.jpg\" alt=\"\" class=\"wp-image-409\" srcset=\"https:\/\/wordpress.nibis.de\/stueve\/files\/2025\/06\/PXL_20250602_081557836-scaled.jpg 1928w, https:\/\/wordpress.nibis.de\/stueve\/files\/2025\/06\/PXL_20250602_081557836-226x300.jpg 226w, https:\/\/wordpress.nibis.de\/stueve\/files\/2025\/06\/PXL_20250602_081557836-771x1024.jpg 771w, https:\/\/wordpress.nibis.de\/stueve\/files\/2025\/06\/PXL_20250602_081557836-768x1020.jpg 768w, https:\/\/wordpress.nibis.de\/stueve\/files\/2025\/06\/PXL_20250602_081557836-1157x1536.jpg 1157w, https:\/\/wordpress.nibis.de\/stueve\/files\/2025\/06\/PXL_20250602_081557836-1542x2048.jpg 1542w\" sizes=\"auto, (max-width: 1928px) 100vw, 1928px\" \/><\/figure>\n\n\n\n<figure class=\"wp-block-image size-large is-style-rounded\"><img loading=\"lazy\" decoding=\"async\" width=\"1928\" height=\"2560\" data-id=\"406\" src=\"https:\/\/wordpress.nibis.de\/stueve\/files\/2025\/06\/PXL_20250602_081339852-scaled.jpg\" alt=\"\" class=\"wp-image-406\" srcset=\"https:\/\/wordpress.nibis.de\/stueve\/files\/2025\/06\/PXL_20250602_081339852-scaled.jpg 1928w, https:\/\/wordpress.nibis.de\/stueve\/files\/2025\/06\/PXL_20250602_081339852-226x300.jpg 226w, https:\/\/wordpress.nibis.de\/stueve\/files\/2025\/06\/PXL_20250602_081339852-771x1024.jpg 771w, https:\/\/wordpress.nibis.de\/stueve\/files\/2025\/06\/PXL_20250602_081339852-768x1020.jpg 768w, https:\/\/wordpress.nibis.de\/stueve\/files\/2025\/06\/PXL_20250602_081339852-1157x1536.jpg 1157w, https:\/\/wordpress.nibis.de\/stueve\/files\/2025\/06\/PXL_20250602_081339852-1542x2048.jpg 1542w\" sizes=\"auto, (max-width: 1928px) 100vw, 1928px\" \/><\/figure>\n\n\n\n<figure class=\"wp-block-image size-large is-style-rounded\"><img loading=\"lazy\" decoding=\"async\" width=\"1928\" height=\"2560\" data-id=\"404\" src=\"https:\/\/wordpress.nibis.de\/stueve\/files\/2025\/06\/PXL_20250602_081132669-scaled.jpg\" alt=\"\" class=\"wp-image-404\" srcset=\"https:\/\/wordpress.nibis.de\/stueve\/files\/2025\/06\/PXL_20250602_081132669-scaled.jpg 1928w, https:\/\/wordpress.nibis.de\/stueve\/files\/2025\/06\/PXL_20250602_081132669-226x300.jpg 226w, https:\/\/wordpress.nibis.de\/stueve\/files\/2025\/06\/PXL_20250602_081132669-771x1024.jpg 771w, https:\/\/wordpress.nibis.de\/stueve\/files\/2025\/06\/PXL_20250602_081132669-768x1020.jpg 768w, https:\/\/wordpress.nibis.de\/stueve\/files\/2025\/06\/PXL_20250602_081132669-1157x1536.jpg 1157w, https:\/\/wordpress.nibis.de\/stueve\/files\/2025\/06\/PXL_20250602_081132669-1542x2048.jpg 1542w\" sizes=\"auto, (max-width: 1928px) 100vw, 1928px\" \/><\/figure>\n\n\n\n<figure class=\"wp-block-image size-large is-style-rounded\"><img loading=\"lazy\" decoding=\"async\" width=\"1928\" height=\"2560\" data-id=\"407\" src=\"https:\/\/wordpress.nibis.de\/stueve\/files\/2025\/06\/PXL_20250602_081412298-scaled.jpg\" alt=\"\" class=\"wp-image-407\" srcset=\"https:\/\/wordpress.nibis.de\/stueve\/files\/2025\/06\/PXL_20250602_081412298-scaled.jpg 1928w, https:\/\/wordpress.nibis.de\/stueve\/files\/2025\/06\/PXL_20250602_081412298-226x300.jpg 226w, https:\/\/wordpress.nibis.de\/stueve\/files\/2025\/06\/PXL_20250602_081412298-771x1024.jpg 771w, https:\/\/wordpress.nibis.de\/stueve\/files\/2025\/06\/PXL_20250602_081412298-768x1020.jpg 768w, https:\/\/wordpress.nibis.de\/stueve\/files\/2025\/06\/PXL_20250602_081412298-1157x1536.jpg 1157w, https:\/\/wordpress.nibis.de\/stueve\/files\/2025\/06\/PXL_20250602_081412298-1542x2048.jpg 1542w\" sizes=\"auto, (max-width: 1928px) 100vw, 1928px\" \/><\/figure>\n<\/figure>\n","protected":false},"excerpt":{"rendered":"<p>Die St\u00fcveschule bietet ihren mehr als 300 Sch\u00fcler:innen auf zwei gro\u00dfen Schulh\u00f6fen (genannt Ahornseite und Kastanienseite) ausreichend Spiel-, Kletter- und auch Turnm\u00f6glichkeiten, um die Bewegungs- und Spielfreude der Kinder zu unterst\u00fctzen. Au\u00dferdem bereiten die zwei Fu\u00dfball-Bereiche auf der Ahornseite der St\u00fcveschule den Sch\u00fcler:innen gro\u00dfe Freude in den Pausen: In jeder Pause sind abwechselnd andere Klasse dran; Pausen, in denen nur M\u00e4dchen spielen d\u00fcrfen, gibt es bei uns auch.<\/p>\n","protected":false},"author":9194546,"featured_media":0,"parent":0,"menu_order":0,"comment_status":"closed","ping_status":"closed","template":"","meta":{"footnotes":""},"class_list":["post-203","page","type-page","status-publish","hentry"],"_links":{"self":[{"href":"https:\/\/wordpress.nibis.de\/stueve\/wp-json\/wp\/v2\/pages\/203","targetHints":{"allow":["GET"]}}],"collection":[{"href":"https:\/\/wordpress.nibis.de\/stueve\/wp-json\/wp\/v2\/pages"}],"about":[{"href":"https:\/\/wordpress.nibis.de\/stueve\/wp-json\/wp\/v2\/types\/page"}],"author":[{"embeddable":true,"href":"https:\/\/wordpress.nibis.de\/stueve\/wp-json\/wp\/v2\/users\/9194546"}],"replies":[{"embeddable":true,"href":"https:\/\/wordpress.nibis.de\/stueve\/wp-json\/wp\/v2\/comments?post=203"}],"version-history":[{"count":4,"href":"https:\/\/wordpress.nibis.de\/stueve\/wp-json\/wp\/v2\/pages\/203\/revisions"}],"predecessor-version":[{"id":412,"href":"https:\/\/wordpress.nibis.de\/stueve\/wp-json\/wp\/v2\/pages\/203\/revisions\/412"}],"wp:attachment":[{"href":"https:\/\/wordpress.nibis.de\/stueve\/wp-json\/wp\/v2\/media?parent=203"}],"curies":[{"name":"wp","href":"https:\/\/api.w.org\/{rel}","templated":true}]}}