{"id":215,"date":"2025-04-28T17:42:16","date_gmt":"2025-04-28T15:42:16","guid":{"rendered":"https:\/\/wordpress.nibis.de\/stueve\/?page_id=215"},"modified":"2025-04-28T18:05:40","modified_gmt":"2025-04-28T16:05:40","slug":"der-schulgarten","status":"publish","type":"page","link":"https:\/\/wordpress.nibis.de\/stueve\/der-schulgarten\/","title":{"rendered":"Der Schulgarten &#8211; unser gr\u00fcnes Klassenzimmer"},"content":{"rendered":"\n<p>Die St\u00fcveschule hat auf der Kastanienhofseite einen kleinen Schulgarten angelegt. <br>Unser Schulgarten dient den Sch\u00fcler:innen als praktischer Lernort, um nicht nur Wissen \u00fcber die Natur zu erhalten, sondern auch, um dort praktische Erfahrungen zu sammeln:<\/p>\n\n\n\n<p>Jedes Jahr werden dort u.a. Blumezwiebeln oder Beerenpflanzen wie Himbeer- oder Johannispflanzen eingesetzt. Auch in den Hochbeeten werden regelm\u00e4\u00dfig Kr\u00e4uter- und Gem\u00fcsearten angelegt sowie geernet. Auch ein kleiner Kartoffelacker entstand bereits unter der Leitung der Organisation &#8222;Help Age&#8220;.<\/p>\n\n\n\n<p>Der Schulgarten der St\u00fcveschule wird durch das sogenannte <strong>&#8222;Gr\u00fcne Klassenzimmer&#8220;<\/strong> erg\u00e4nzt:<\/p>\n\n\n\n<p>Ein fester Pavillon erm\u00f6glicht den Sch\u00fcler:innen nicht nur das naturnahe Lernen, sondern bietet ihnen auch einen gr\u00fcnen Lernort fernab von ihrem Klassenzimmer an. <\/p>\n\n\n\n<p>Als Sitzm\u00f6glichkeiten gibt es 20 Holzhocker, die aus alten Baumst\u00e4mmen ges\u00e4gt wurden. Insbesondere ab Fr\u00fchling bis in den Sp\u00e4tsommer hinein wird dieser Ort oft genutzt von allen Klassenstufen.<\/p>\n\n\n\n<p><\/p>\n\n\n\n<p><\/p>\n\n\n\n<figure class=\"wp-block-image size-large is-style-rounded\"><img loading=\"lazy\" decoding=\"async\" width=\"1024\" height=\"683\" src=\"https:\/\/wordpress.nibis.de\/stueve\/files\/2025\/04\/DSC08287-1024x683.jpg\" alt=\"\" class=\"wp-image-210\" srcset=\"https:\/\/wordpress.nibis.de\/stueve\/files\/2025\/04\/DSC08287-1024x683.jpg 1024w, https:\/\/wordpress.nibis.de\/stueve\/files\/2025\/04\/DSC08287-300x200.jpg 300w, https:\/\/wordpress.nibis.de\/stueve\/files\/2025\/04\/DSC08287-768x512.jpg 768w, https:\/\/wordpress.nibis.de\/stueve\/files\/2025\/04\/DSC08287-1536x1024.jpg 1536w, https:\/\/wordpress.nibis.de\/stueve\/files\/2025\/04\/DSC08287-2048x1365.jpg 2048w, https:\/\/wordpress.nibis.de\/stueve\/files\/2025\/04\/DSC08287-120x80.jpg 120w\" sizes=\"auto, (max-width: 1024px) 100vw, 1024px\" \/><figcaption>Ein Blick auf unseren Schulgarten &#8211; inklusive unseres &#8222;Gr\u00fcnen Klassenzimmers&#8220;<\/figcaption><\/figure>\n\n\n\n<figure class=\"wp-block-image size-large is-style-rounded\"><img loading=\"lazy\" decoding=\"async\" width=\"1024\" height=\"683\" src=\"https:\/\/wordpress.nibis.de\/stueve\/files\/2025\/04\/DSC08285-1-1024x683.jpg\" alt=\"\" class=\"wp-image-208\" srcset=\"https:\/\/wordpress.nibis.de\/stueve\/files\/2025\/04\/DSC08285-1-1024x683.jpg 1024w, https:\/\/wordpress.nibis.de\/stueve\/files\/2025\/04\/DSC08285-1-300x200.jpg 300w, https:\/\/wordpress.nibis.de\/stueve\/files\/2025\/04\/DSC08285-1-768x512.jpg 768w, https:\/\/wordpress.nibis.de\/stueve\/files\/2025\/04\/DSC08285-1-1536x1024.jpg 1536w, https:\/\/wordpress.nibis.de\/stueve\/files\/2025\/04\/DSC08285-1-2048x1365.jpg 2048w, https:\/\/wordpress.nibis.de\/stueve\/files\/2025\/04\/DSC08285-1-120x80.jpg 120w\" sizes=\"auto, (max-width: 1024px) 100vw, 1024px\" \/><figcaption>Ein Blick auf unseren Schulgarten &#8211; inklusive unseres &#8222;Gr\u00fcnen Klassenzimmers&#8220;<\/figcaption><\/figure>\n","protected":false},"excerpt":{"rendered":"<p>Die St\u00fcveschule hat auf der Kastanienhofseite einen kleinen Schulgarten angelegt. Unser Schulgarten dient den Sch\u00fcler:innen als praktischer Lernort, um nicht nur Wissen \u00fcber die Natur zu erhalten, sondern auch, um dort praktische Erfahrungen zu sammeln: Jedes Jahr werden dort u.a. Blumezwiebeln oder Beerenpflanzen wie Himbeer- oder Johannispflanzen eingesetzt. Auch in den Hochbeeten werden regelm\u00e4\u00dfig Kr\u00e4uter- und Gem\u00fcsearten angelegt sowie geernet. Auch ein kleiner Kartoffelacker entstand bereits unter der Leitung der Organisation &#8222;Help Age&#8220;. Der Schulgarten der St\u00fcveschule wird durch das sogenannte &#8222;Gr\u00fcne Klassenzimmer&#8220; erg\u00e4nzt: Ein fester Pavillon erm\u00f6glicht den Sch\u00fcler:innen nicht nur das naturnahe Lernen, sondern bietet ihnen auch einen gr\u00fcnen Lernort fernab von ihrem Klassenzimmer an. Als Sitzm\u00f6glichkeiten gibt es 20 Holzhocker, die aus alten Baumst\u00e4mmen ges\u00e4gt wurden. Insbesondere ab Fr\u00fchling bis in den Sp\u00e4tsommer hinein wird dieser Ort oft genutzt von allen Klassenstufen.<\/p>\n","protected":false},"author":9194546,"featured_media":0,"parent":0,"menu_order":0,"comment_status":"closed","ping_status":"closed","template":"","meta":{"footnotes":""},"class_list":["post-215","page","type-page","status-publish","hentry"],"_links":{"self":[{"href":"https:\/\/wordpress.nibis.de\/stueve\/wp-json\/wp\/v2\/pages\/215","targetHints":{"allow":["GET"]}}],"collection":[{"href":"https:\/\/wordpress.nibis.de\/stueve\/wp-json\/wp\/v2\/pages"}],"about":[{"href":"https:\/\/wordpress.nibis.de\/stueve\/wp-json\/wp\/v2\/types\/page"}],"author":[{"embeddable":true,"href":"https:\/\/wordpress.nibis.de\/stueve\/wp-json\/wp\/v2\/users\/9194546"}],"replies":[{"embeddable":true,"href":"https:\/\/wordpress.nibis.de\/stueve\/wp-json\/wp\/v2\/comments?post=215"}],"version-history":[{"count":7,"href":"https:\/\/wordpress.nibis.de\/stueve\/wp-json\/wp\/v2\/pages\/215\/revisions"}],"predecessor-version":[{"id":224,"href":"https:\/\/wordpress.nibis.de\/stueve\/wp-json\/wp\/v2\/pages\/215\/revisions\/224"}],"wp:attachment":[{"href":"https:\/\/wordpress.nibis.de\/stueve\/wp-json\/wp\/v2\/media?parent=215"}],"curies":[{"name":"wp","href":"https:\/\/api.w.org\/{rel}","templated":true}]}}