{"id":234,"date":"2025-04-28T18:18:45","date_gmt":"2025-04-28T16:18:45","guid":{"rendered":"https:\/\/wordpress.nibis.de\/stueve\/?page_id=234"},"modified":"2025-06-02T16:26:57","modified_gmt":"2025-06-02T14:26:57","slug":"schulsozialarbeit","status":"publish","type":"page","link":"https:\/\/wordpress.nibis.de\/stueve\/schulsozialarbeit\/","title":{"rendered":"Schulsozialarbeit"},"content":{"rendered":"\n<p>Liebe Eltern der St\u00fcveschule,<\/p>\n\n\n\n<p>mein Name ist <strong>Britta Szypulski<\/strong> und ich bin Schulsozialarbeiterin hier an der St\u00fcveschule.<\/p>\n\n\n\n<p>Ich bin Ansprechpartnerin f\u00fcr ihre Kinder, wenn sie Rat und Unterst\u00fctzung eines Erwachsenen brauchen. Dieses Gespr\u00e4chsangebot richtet sich aber auch an sie als Eltern.<\/p>\n\n\n\n<p>Bei Fragen oder Problemen &#8211; Sprechen Sie mich gerne an!<br>Sie finden mich morgens vor Schulbeginn in der Ahornaula oder Sie rufen mich unter der Nummer 0178 655 1011 an.<\/p>\n\n\n\n<p>Eine kurze <strong>Beschreibung meines Aufgabenfeldes<\/strong> ist:<\/p>\n\n\n\n<ul class=\"wp-block-list\"><li>Beratung und Vermittlung bei Konflikten in der Schule<\/li><li>Beratung in Erziehungsfragen<\/li><li>Fragen zu Konflikten innerhalb der Familie<\/li><li>Beratung und Vermittlung zu au\u00dferschulischen Hilfeangeboten<\/li><\/ul>\n\n\n\n<p>Zus\u00e4tzlich biete ich Pr\u00e4ventionsangebote in den Klassen an, die das Soziale Lernen f\u00f6rdern und ihre Kinder im Umgang mit anderen Kindern st\u00e4rken.<\/p>\n\n\n\n<p>Herzliche Gr\u00fc\u00dfe<br>Britta Szypulski<\/p>\n\n\n\n<p><strong>Tel.: <\/strong>0178 655 1011<strong><br>E-Mail: <\/strong>britta.szypulski@stueve<\/p>\n\n\n\n<div class=\"wp-block-image is-style-rounded\"><figure class=\"aligncenter size-large\"><img loading=\"lazy\" decoding=\"async\" width=\"679\" height=\"1024\" src=\"https:\/\/wordpress.nibis.de\/stueve\/files\/2025\/06\/Britta1-679x1024.jpg\" alt=\"\" class=\"wp-image-415\" srcset=\"https:\/\/wordpress.nibis.de\/stueve\/files\/2025\/06\/Britta1-679x1024.jpg 679w, https:\/\/wordpress.nibis.de\/stueve\/files\/2025\/06\/Britta1-199x300.jpg 199w, https:\/\/wordpress.nibis.de\/stueve\/files\/2025\/06\/Britta1-768x1158.jpg 768w, https:\/\/wordpress.nibis.de\/stueve\/files\/2025\/06\/Britta1-1019x1536.jpg 1019w, https:\/\/wordpress.nibis.de\/stueve\/files\/2025\/06\/Britta1.jpg 1071w\" sizes=\"auto, (max-width: 679px) 100vw, 679px\" \/><\/figure><\/div>\n","protected":false},"excerpt":{"rendered":"<p>Liebe Eltern der St\u00fcveschule, mein Name ist Britta Szypulski und ich bin Schulsozialarbeiterin hier an der St\u00fcveschule. Ich bin Ansprechpartnerin f\u00fcr ihre Kinder, wenn sie Rat und Unterst\u00fctzung eines Erwachsenen brauchen. Dieses Gespr\u00e4chsangebot richtet sich aber auch an sie als Eltern. Bei Fragen oder Problemen &#8211; Sprechen Sie mich gerne an!Sie finden mich morgens vor Schulbeginn in der Ahornaula oder Sie rufen mich unter der Nummer 0178 655 1011 an. Eine kurze Beschreibung meines Aufgabenfeldes ist: Beratung und Vermittlung bei Konflikten in der Schule Beratung in Erziehungsfragen Fragen zu Konflikten innerhalb der Familie Beratung und Vermittlung zu au\u00dferschulischen Hilfeangeboten Zus\u00e4tzlich biete ich Pr\u00e4ventionsangebote in den Klassen an, die das Soziale Lernen f\u00f6rdern und ihre Kinder im Umgang mit anderen Kindern st\u00e4rken. Herzliche Gr\u00fc\u00dfeBritta Szypulski Tel.: 0178 655 1011E-Mail: britta.szypulski@stueve<\/p>\n","protected":false},"author":9194546,"featured_media":0,"parent":0,"menu_order":0,"comment_status":"closed","ping_status":"closed","template":"","meta":{"footnotes":""},"class_list":["post-234","page","type-page","status-publish","hentry"],"_links":{"self":[{"href":"https:\/\/wordpress.nibis.de\/stueve\/wp-json\/wp\/v2\/pages\/234","targetHints":{"allow":["GET"]}}],"collection":[{"href":"https:\/\/wordpress.nibis.de\/stueve\/wp-json\/wp\/v2\/pages"}],"about":[{"href":"https:\/\/wordpress.nibis.de\/stueve\/wp-json\/wp\/v2\/types\/page"}],"author":[{"embeddable":true,"href":"https:\/\/wordpress.nibis.de\/stueve\/wp-json\/wp\/v2\/users\/9194546"}],"replies":[{"embeddable":true,"href":"https:\/\/wordpress.nibis.de\/stueve\/wp-json\/wp\/v2\/comments?post=234"}],"version-history":[{"count":5,"href":"https:\/\/wordpress.nibis.de\/stueve\/wp-json\/wp\/v2\/pages\/234\/revisions"}],"predecessor-version":[{"id":416,"href":"https:\/\/wordpress.nibis.de\/stueve\/wp-json\/wp\/v2\/pages\/234\/revisions\/416"}],"wp:attachment":[{"href":"https:\/\/wordpress.nibis.de\/stueve\/wp-json\/wp\/v2\/media?parent=234"}],"curies":[{"name":"wp","href":"https:\/\/api.w.org\/{rel}","templated":true}]}}