{"id":237,"date":"2025-04-28T18:21:52","date_gmt":"2025-04-28T16:21:52","guid":{"rendered":"https:\/\/wordpress.nibis.de\/stueve\/?page_id=237"},"modified":"2025-05-27T22:03:48","modified_gmt":"2025-05-27T20:03:48","slug":"das-sekretariat","status":"publish","type":"page","link":"https:\/\/wordpress.nibis.de\/stueve\/das-sekretariat\/","title":{"rendered":"Das Sekretariat"},"content":{"rendered":"\n<p>Frau Gebel sowie Frau M\u00f6rking sind die Sekret\u00e4rinnen an der St\u00fcveschule.<\/p>\n\n\n\n<p><strong>Kontakt:<\/strong><\/p>\n\n\n\n<p><strong>Telefon<\/strong>: 0541 \/ 323-83300<br><strong>Telefax<\/strong>: 0541 \/ 322-83399&nbsp; <br><strong>E-Mail:<\/strong>&nbsp; &nbsp; s&#101;&#x6b;&#x72;e&#116;&#x61;&#x72;i&#97;&#116;&#x40;&#x73;t&#117;&#x65;&#x76;e&#115;&#x63;&#x68;u&#108;&#101;&#x2e;&#x64;e<\/p>\n\n\n\n<p><strong>B\u00fcrozeiten Frau Gebel:<\/strong><\/p>\n\n\n\n<ul class=\"wp-block-list\"><li>Montag: 8.00 \u2013 11.30 Uhr<\/li><li>Dienstag: 08.00 \u2013 11.30 Uhr<\/li><li>Mittwoch: 8.00 \u2013 11.30 Uhr<\/li><li>Donnerstag: 8.00 \u2013 11.30 Uhr<\/li><\/ul>\n\n\n\n<p><strong>B\u00fcrozeiten Frau M\u00f6rking (Mittagessens-Angelegenheiten):<\/strong><\/p>\n\n\n\n<ul class=\"wp-block-list\"><li>Montag: (nicht anwesend)<\/li><li>Dienstag: 12.00 \u2013 15.00 Uhr<\/li><li>Mittwoch: 14.00 \u2013 15.30 Uhr<\/li><li>Donnerstag: 14.00 \u2013 15.30 Uhr<\/li><li>Freitag: 07.30 &#8211; 12.30 Uhr<\/li><\/ul>\n","protected":false},"excerpt":{"rendered":"<p>Frau Gebel sowie Frau M\u00f6rking sind die Sekret\u00e4rinnen an der St\u00fcveschule. Kontakt: Telefon: 0541 \/ 323-83300Telefax: 0541 \/ 322-83399&nbsp; E-Mail:&nbsp; &nbsp; &#x73;&#101;k&#x72;&#101;t&#x61;&#114;i&#x61;&#116;&#64;&#x73;&#116;u&#x65;&#x76;e&#x73;&#x63;&#104;&#x75;&#x6c;&#101;&#x2e;&#x64;&#101; B\u00fcrozeiten Frau Gebel: Montag: 8.00 \u2013 11.30 Uhr Dienstag: 08.00 \u2013 11.30 Uhr Mittwoch: 8.00 \u2013 11.30 Uhr Donnerstag: 8.00 \u2013 11.30 Uhr B\u00fcrozeiten Frau M\u00f6rking (Mittagessens-Angelegenheiten): Montag: (nicht anwesend) Dienstag: 12.00 \u2013 15.00 Uhr Mittwoch: 14.00 \u2013 15.30 Uhr Donnerstag: 14.00 \u2013 15.30 Uhr Freitag: 07.30 &#8211; 12.30 Uhr<\/p>\n","protected":false},"author":9194546,"featured_media":0,"parent":0,"menu_order":0,"comment_status":"closed","ping_status":"closed","template":"","meta":{"footnotes":""},"class_list":["post-237","page","type-page","status-publish","hentry"],"_links":{"self":[{"href":"https:\/\/wordpress.nibis.de\/stueve\/wp-json\/wp\/v2\/pages\/237","targetHints":{"allow":["GET"]}}],"collection":[{"href":"https:\/\/wordpress.nibis.de\/stueve\/wp-json\/wp\/v2\/pages"}],"about":[{"href":"https:\/\/wordpress.nibis.de\/stueve\/wp-json\/wp\/v2\/types\/page"}],"author":[{"embeddable":true,"href":"https:\/\/wordpress.nibis.de\/stueve\/wp-json\/wp\/v2\/users\/9194546"}],"replies":[{"embeddable":true,"href":"https:\/\/wordpress.nibis.de\/stueve\/wp-json\/wp\/v2\/comments?post=237"}],"version-history":[{"count":7,"href":"https:\/\/wordpress.nibis.de\/stueve\/wp-json\/wp\/v2\/pages\/237\/revisions"}],"predecessor-version":[{"id":380,"href":"https:\/\/wordpress.nibis.de\/stueve\/wp-json\/wp\/v2\/pages\/237\/revisions\/380"}],"wp:attachment":[{"href":"https:\/\/wordpress.nibis.de\/stueve\/wp-json\/wp\/v2\/media?parent=237"}],"curies":[{"name":"wp","href":"https:\/\/api.w.org\/{rel}","templated":true}]}}