{"id":241,"date":"2025-04-28T18:26:49","date_gmt":"2025-04-28T16:26:49","guid":{"rendered":"https:\/\/wordpress.nibis.de\/stueve\/?page_id=241"},"modified":"2025-05-27T22:06:00","modified_gmt":"2025-05-27T20:06:00","slug":"das-team-der-stueveschule","status":"publish","type":"page","link":"https:\/\/wordpress.nibis.de\/stueve\/das-team-der-stueveschule\/","title":{"rendered":"Das Team der St\u00fcveschule"},"content":{"rendered":"\n<p>In der St\u00fcveschule sind mehr als 60 Mitarbeiter:innen (Lehrkr\u00e4fte, p\u00e4dagogische Mitarbeiter:innen, Instrumentallehrkr\u00e4fte, Kunstp\u00e4dagog:innen, st\u00e4dtische Mitarbeiter:innen usw.) in unterschiedlichen Funktionen, Besch\u00e4ftigungsverh\u00e4ltnissen und Stundenumfang t\u00e4tig. <\/p>\n\n\n\n<p><\/p>\n\n\n\n<figure class=\"wp-block-image size-large is-resized is-style-rounded\"><img loading=\"lazy\" decoding=\"async\" src=\"https:\/\/wordpress.nibis.de\/stueve\/files\/2025\/05\/TeildesKollegiums2025-1-1024x720.jpeg\" alt=\"\" class=\"wp-image-367\" width=\"880\" height=\"618\" srcset=\"https:\/\/wordpress.nibis.de\/stueve\/files\/2025\/05\/TeildesKollegiums2025-1-1024x720.jpeg 1024w, https:\/\/wordpress.nibis.de\/stueve\/files\/2025\/05\/TeildesKollegiums2025-1-300x211.jpeg 300w, https:\/\/wordpress.nibis.de\/stueve\/files\/2025\/05\/TeildesKollegiums2025-1-768x540.jpeg 768w, https:\/\/wordpress.nibis.de\/stueve\/files\/2025\/05\/TeildesKollegiums2025-1-1536x1080.jpeg 1536w, https:\/\/wordpress.nibis.de\/stueve\/files\/2025\/05\/TeildesKollegiums2025-1-2048x1440.jpeg 2048w\" sizes=\"auto, (max-width: 880px) 100vw, 880px\" \/><figcaption>Kollegiumsfoto des Lehrkr\u00e4fte-Teams (unvollst\u00e4ndig) der St\u00fcveschule, 2025<\/figcaption><\/figure>\n","protected":false},"excerpt":{"rendered":"<p>In der St\u00fcveschule sind mehr als 60 Mitarbeiter:innen (Lehrkr\u00e4fte, p\u00e4dagogische Mitarbeiter:innen, Instrumentallehrkr\u00e4fte, Kunstp\u00e4dagog:innen, st\u00e4dtische Mitarbeiter:innen usw.) in unterschiedlichen Funktionen, Besch\u00e4ftigungsverh\u00e4ltnissen und Stundenumfang t\u00e4tig.<\/p>\n","protected":false},"author":9194546,"featured_media":0,"parent":0,"menu_order":0,"comment_status":"closed","ping_status":"closed","template":"","meta":{"footnotes":""},"class_list":["post-241","page","type-page","status-publish","hentry"],"_links":{"self":[{"href":"https:\/\/wordpress.nibis.de\/stueve\/wp-json\/wp\/v2\/pages\/241","targetHints":{"allow":["GET"]}}],"collection":[{"href":"https:\/\/wordpress.nibis.de\/stueve\/wp-json\/wp\/v2\/pages"}],"about":[{"href":"https:\/\/wordpress.nibis.de\/stueve\/wp-json\/wp\/v2\/types\/page"}],"author":[{"embeddable":true,"href":"https:\/\/wordpress.nibis.de\/stueve\/wp-json\/wp\/v2\/users\/9194546"}],"replies":[{"embeddable":true,"href":"https:\/\/wordpress.nibis.de\/stueve\/wp-json\/wp\/v2\/comments?post=241"}],"version-history":[{"count":3,"href":"https:\/\/wordpress.nibis.de\/stueve\/wp-json\/wp\/v2\/pages\/241\/revisions"}],"predecessor-version":[{"id":381,"href":"https:\/\/wordpress.nibis.de\/stueve\/wp-json\/wp\/v2\/pages\/241\/revisions\/381"}],"wp:attachment":[{"href":"https:\/\/wordpress.nibis.de\/stueve\/wp-json\/wp\/v2\/media?parent=241"}],"curies":[{"name":"wp","href":"https:\/\/api.w.org\/{rel}","templated":true}]}}