{"id":253,"date":"2025-04-28T18:38:45","date_gmt":"2025-04-28T16:38:45","guid":{"rendered":"https:\/\/wordpress.nibis.de\/stueve\/?page_id=253"},"modified":"2025-04-28T18:45:51","modified_gmt":"2025-04-28T16:45:51","slug":"unser-taubenlied-ein-friedensprojekt","status":"publish","type":"page","link":"https:\/\/wordpress.nibis.de\/stueve\/unser-taubenlied-ein-friedensprojekt\/","title":{"rendered":"Unser Taubenlied &#8211; Ein Friedensprojekt"},"content":{"rendered":"\n<p>Im Schuljahr 2013\/14 hatten wir zum ersten Mal einen besonderen Gast in der St\u00fcveschule: <\/p>\n\n\n\n<p>Eine <strong>Friedenstaube<\/strong> aus Bronze.<\/p>\n\n\n\n<p>Diese Taube hat der K\u00fcnstler <strong>Richard Hillinger <\/strong>aus Landshut gestaltet. <\/p>\n\n\n\n<p>2008 hat er zusammen mit dem damaligen Bundespr\u00e4sidenten Roman Herzog 30 Tauben auf Weltreise geschickt.<\/p>\n\n\n\n<p>Mit dem \u00d6lzweig im Schnabel sollen sie daran erinnern, dass alle Menschen die gleichen Menschenrechte haben. Die Vereinten Nationen haben 1948 diese Menschenrechte in 30 Artikeln beschrieben.<\/p>\n\n\n\n<p>Hier kannst du dir unser Taubenlied anh\u00f6ren:<\/p>\n\n\n\n<figure class=\"wp-block-audio\"><audio controls src=\"https:\/\/wordpress.nibis.de\/stueve\/files\/2025\/04\/Die_20Taube.mp3\"><\/audio><figcaption>Unser Taubenlied, eingesungen von Sch\u00fcler:innen der St\u00fcveschule<\/figcaption><\/figure>\n\n\n\n<p><\/p>\n\n\n\n<div data-wp-interactive=\"core\/file\" class=\"wp-block-file\"><object data-wp-bind--hidden=\"!state.hasPdfPreview\" hidden class=\"wp-block-file__embed\" data=\"https:\/\/wordpress.nibis.de\/stueve\/files\/2025\/04\/TaubeDe.pdf\" type=\"application\/pdf\" style=\"width:100%;height:600px\" aria-label=\"Einbettung von Einbettung von TaubeDe..\"><\/object><a id=\"wp-block-file--media-86b0b765-04a8-4ee1-a39d-14d0d5c649b8\" href=\"https:\/\/wordpress.nibis.de\/stueve\/files\/2025\/04\/TaubeDe.pdf\">TaubeDe<\/a><a href=\"https:\/\/wordpress.nibis.de\/stueve\/files\/2025\/04\/TaubeDe.pdf\" class=\"wp-block-file__button\" download aria-describedby=\"wp-block-file--media-86b0b765-04a8-4ee1-a39d-14d0d5c649b8\">Herunterladen<\/a><\/div>\n","protected":false},"excerpt":{"rendered":"<p>Im Schuljahr 2013\/14 hatten wir zum ersten Mal einen besonderen Gast in der St\u00fcveschule: Eine Friedenstaube aus Bronze. Diese Taube hat der K\u00fcnstler Richard Hillinger aus Landshut gestaltet. 2008 hat er zusammen mit dem damaligen Bundespr\u00e4sidenten Roman Herzog 30 Tauben auf Weltreise geschickt. Mit dem \u00d6lzweig im Schnabel sollen sie daran erinnern, dass alle Menschen die gleichen Menschenrechte haben. Die Vereinten Nationen haben 1948 diese Menschenrechte in 30 Artikeln beschrieben. Hier kannst du dir unser Taubenlied anh\u00f6ren:<\/p>\n","protected":false},"author":9194546,"featured_media":0,"parent":0,"menu_order":0,"comment_status":"closed","ping_status":"closed","template":"","meta":{"footnotes":""},"class_list":["post-253","page","type-page","status-publish","hentry"],"_links":{"self":[{"href":"https:\/\/wordpress.nibis.de\/stueve\/wp-json\/wp\/v2\/pages\/253","targetHints":{"allow":["GET"]}}],"collection":[{"href":"https:\/\/wordpress.nibis.de\/stueve\/wp-json\/wp\/v2\/pages"}],"about":[{"href":"https:\/\/wordpress.nibis.de\/stueve\/wp-json\/wp\/v2\/types\/page"}],"author":[{"embeddable":true,"href":"https:\/\/wordpress.nibis.de\/stueve\/wp-json\/wp\/v2\/users\/9194546"}],"replies":[{"embeddable":true,"href":"https:\/\/wordpress.nibis.de\/stueve\/wp-json\/wp\/v2\/comments?post=253"}],"version-history":[{"count":5,"href":"https:\/\/wordpress.nibis.de\/stueve\/wp-json\/wp\/v2\/pages\/253\/revisions"}],"predecessor-version":[{"id":262,"href":"https:\/\/wordpress.nibis.de\/stueve\/wp-json\/wp\/v2\/pages\/253\/revisions\/262"}],"wp:attachment":[{"href":"https:\/\/wordpress.nibis.de\/stueve\/wp-json\/wp\/v2\/media?parent=253"}],"curies":[{"name":"wp","href":"https:\/\/api.w.org\/{rel}","templated":true}]}}