{"id":263,"date":"2025-04-28T18:46:29","date_gmt":"2025-04-28T16:46:29","guid":{"rendered":"https:\/\/wordpress.nibis.de\/stueve\/?page_id=263"},"modified":"2025-05-26T14:03:30","modified_gmt":"2025-05-26T12:03:30","slug":"das-schulprogramm","status":"publish","type":"page","link":"https:\/\/wordpress.nibis.de\/stueve\/das-schulprogramm\/","title":{"rendered":"Das Schulprogramm"},"content":{"rendered":"\n<div class=\"wp-block-image\"><figure class=\"aligncenter size-large is-resized\"><img loading=\"lazy\" decoding=\"async\" src=\"https:\/\/wordpress.nibis.de\/stueve\/files\/2025\/05\/1_groesser-483x1024.jpg\" alt=\"\" class=\"wp-image-358\" width=\"565\" height=\"1198\" srcset=\"https:\/\/wordpress.nibis.de\/stueve\/files\/2025\/05\/1_groesser-483x1024.jpg 483w, https:\/\/wordpress.nibis.de\/stueve\/files\/2025\/05\/1_groesser-141x300.jpg 141w, https:\/\/wordpress.nibis.de\/stueve\/files\/2025\/05\/1_groesser-768x1629.jpg 768w, https:\/\/wordpress.nibis.de\/stueve\/files\/2025\/05\/1_groesser-724x1536.jpg 724w, https:\/\/wordpress.nibis.de\/stueve\/files\/2025\/05\/1_groesser.jpg 943w\" sizes=\"auto, (max-width: 565px) 100vw, 565px\" \/><\/figure><\/div>\n\n\n\n<div class=\"wp-block-image is-style-tw-rounded-corners\"><figure class=\"aligncenter size-large\"><img loading=\"lazy\" decoding=\"async\" width=\"625\" height=\"1024\" src=\"https:\/\/wordpress.nibis.de\/stueve\/files\/2025\/05\/2_kleiner-625x1024.jpg\" alt=\"\" class=\"wp-image-357\" srcset=\"https:\/\/wordpress.nibis.de\/stueve\/files\/2025\/05\/2_kleiner-625x1024.jpg 625w, https:\/\/wordpress.nibis.de\/stueve\/files\/2025\/05\/2_kleiner-183x300.jpg 183w, https:\/\/wordpress.nibis.de\/stueve\/files\/2025\/05\/2_kleiner-768x1258.jpg 768w, https:\/\/wordpress.nibis.de\/stueve\/files\/2025\/05\/2_kleiner-938x1536.jpg 938w, https:\/\/wordpress.nibis.de\/stueve\/files\/2025\/05\/2_kleiner.jpg 940w\" sizes=\"auto, (max-width: 625px) 100vw, 625px\" \/><\/figure><\/div>\n\n\n\n<p><br><strong>Das Leitbild der St\u00fcveschule:<\/strong><\/p>\n\n\n\n<p>Unsere Schule orientiert sich am nieders\u00e4chsischen Schulgesetz und m\u00f6chte die Pers\u00f6nlichkeitsentwicklung der Sch\u00fcler:innen auf humanistischer und demokratischer Grundlage f\u00f6rdern. <\/p>\n\n\n\n<p>Dabei sollen Kompetenzen in Kulturtechniken vermittelt, Allgemeinbildung erweitert und Begabungen entdeckt sowie gef\u00f6rdert werden.<\/p>\n\n\n\n<p>Der soziale und interkulturelle Lernbereich umfasst die Anerkennung der Grundrechte aller Menschen, die Vermittlung ethischer, religi\u00f6ser und kultureller Werte sowie die F\u00f6rderung von Gerechtigkeit, Solidarit\u00e4t, Toleranz und Gleichberechtigung. <\/p>\n\n\n\n<p>Ziel ist es, das Zusammenleben in Vielfalt in Toleranz und gegenseitigem Respekt zu gestalten, Konflikte vern\u00fcnftig zu l\u00f6sen und Verantwortung zu \u00fcbernehmen. <\/p>\n\n\n\n<p>Die St\u00fcveschule bietet durch ihre kulturelle Vielfalt ein reiches Erfahrungsfeld f\u00fcr eine <em>\u201eSchule der Toleranz\u201c <\/em>und m\u00f6chte den Sch\u00fcler:innen altersgerecht die n\u00f6tigen Kenntnisse und F\u00e4higkeiten vermitteln, um selbstst\u00e4ndiger im Sozialverhalten und im Umgang mit Konflikten zu werden.<\/p>\n\n\n\n<p>Da viele Kinder individuelle F\u00f6rderbedarfe haben, arbeitet die St\u00fcveschule kontinuierlich an der Weiterentwicklung ihrer Konzepte in Zusammenarbeit mit Familien, Partnern und Institutionen, um allen Kindern gerecht zu werden.<\/p>\n\n\n\n<p>Besonders f\u00fcr Kinder aus schwierigen Familienverh\u00e4ltnissen soll die St\u00fcveschule ein Ort der Geborgenheit sein. Angebote im sozialen, emotionalen, musischen, kulturellen und sportlichen Bereich sollen den Lehrplan erg\u00e4nzen. <\/p>\n\n\n\n<p>Seit 2008 baut die St\u00fcveschule in Kooperation mit Kinderg\u00e4rten und anderen Institutionen ein Elternforum auf, um Unterst\u00fctzungsangebote und Austauschm\u00f6glichkeiten f\u00fcr Eltern im Stadtteil zu schaffen. Ziel ist es, Eltern zu st\u00e4rken, damit sie die Angebote des Stadtteils f\u00fcr die gesunde Entwicklung ihrer Kinder besser nutzen k\u00f6nnen.<\/p>\n","protected":false},"excerpt":{"rendered":"<p>Das Leitbild der St\u00fcveschule: Unsere Schule orientiert sich am nieders\u00e4chsischen Schulgesetz und m\u00f6chte die Pers\u00f6nlichkeitsentwicklung der Sch\u00fcler:innen auf humanistischer und demokratischer Grundlage f\u00f6rdern. Dabei sollen Kompetenzen in Kulturtechniken vermittelt, Allgemeinbildung erweitert und Begabungen entdeckt sowie gef\u00f6rdert werden. Der soziale und interkulturelle Lernbereich umfasst die Anerkennung der Grundrechte aller Menschen, die Vermittlung ethischer, religi\u00f6ser und kultureller Werte sowie die F\u00f6rderung von Gerechtigkeit, Solidarit\u00e4t, Toleranz und Gleichberechtigung. Ziel ist es, das Zusammenleben in Vielfalt in Toleranz und gegenseitigem Respekt zu gestalten, Konflikte vern\u00fcnftig zu l\u00f6sen und Verantwortung zu \u00fcbernehmen. Die St\u00fcveschule bietet durch ihre kulturelle Vielfalt ein reiches Erfahrungsfeld f\u00fcr eine \u201eSchule der Toleranz\u201c und m\u00f6chte den Sch\u00fcler:innen altersgerecht die n\u00f6tigen Kenntnisse und F\u00e4higkeiten vermitteln, um selbstst\u00e4ndiger im Sozialverhalten und im Umgang mit Konflikten zu werden. Da viele Kinder individuelle F\u00f6rderbedarfe haben, arbeitet die St\u00fcveschule kontinuierlich an der Weiterentwicklung ihrer Konzepte in Zusammenarbeit mit Familien, Partnern und Institutionen, um allen Kindern gerecht zu werden. Besonders f\u00fcr Kinder aus schwierigen Familienverh\u00e4ltnissen soll die St\u00fcveschule ein Ort der Geborgenheit sein. Angebote im sozialen, emotionalen, musischen, kulturellen und sportlichen Bereich sollen den Lehrplan erg\u00e4nzen. Seit 2008 baut die St\u00fcveschule in Kooperation mit Kinderg\u00e4rten und anderen Institutionen ein Elternforum auf, um Unterst\u00fctzungsangebote und Austauschm\u00f6glichkeiten f\u00fcr Eltern im Stadtteil zu schaffen. Ziel ist es, Eltern zu st\u00e4rken, damit sie die Angebote des Stadtteils f\u00fcr die gesunde Entwicklung ihrer Kinder besser nutzen k\u00f6nnen.<\/p>\n","protected":false},"author":9194546,"featured_media":0,"parent":0,"menu_order":0,"comment_status":"closed","ping_status":"closed","template":"","meta":{"footnotes":""},"class_list":["post-263","page","type-page","status-publish","hentry"],"_links":{"self":[{"href":"https:\/\/wordpress.nibis.de\/stueve\/wp-json\/wp\/v2\/pages\/263","targetHints":{"allow":["GET"]}}],"collection":[{"href":"https:\/\/wordpress.nibis.de\/stueve\/wp-json\/wp\/v2\/pages"}],"about":[{"href":"https:\/\/wordpress.nibis.de\/stueve\/wp-json\/wp\/v2\/types\/page"}],"author":[{"embeddable":true,"href":"https:\/\/wordpress.nibis.de\/stueve\/wp-json\/wp\/v2\/users\/9194546"}],"replies":[{"embeddable":true,"href":"https:\/\/wordpress.nibis.de\/stueve\/wp-json\/wp\/v2\/comments?post=263"}],"version-history":[{"count":11,"href":"https:\/\/wordpress.nibis.de\/stueve\/wp-json\/wp\/v2\/pages\/263\/revisions"}],"predecessor-version":[{"id":360,"href":"https:\/\/wordpress.nibis.de\/stueve\/wp-json\/wp\/v2\/pages\/263\/revisions\/360"}],"wp:attachment":[{"href":"https:\/\/wordpress.nibis.de\/stueve\/wp-json\/wp\/v2\/media?parent=263"}],"curies":[{"name":"wp","href":"https:\/\/api.w.org\/{rel}","templated":true}]}}