{"id":36,"date":"2025-01-28T12:19:14","date_gmt":"2025-01-28T11:19:14","guid":{"rendered":"https:\/\/wordpress.nibis.de\/stueve\/?page_id=36"},"modified":"2025-04-28T17:36:32","modified_gmt":"2025-04-28T15:36:32","slug":"ganztag","status":"publish","type":"page","link":"https:\/\/wordpress.nibis.de\/stueve\/ganztag\/","title":{"rendered":"Ganztag"},"content":{"rendered":"\n<p>Das Ganztags-und Hortangebot an der St\u00fcveschule wird durch Erzieher:innen und p\u00e4dagogische Mitarbeiter:innen des VPAK-Teams, Lehrkr\u00e4fte und p\u00e4dagogische Mitarbeiter:innen der Schule sowie au\u00dferschulische Partner durchgef\u00fchrt.<\/p>\n\n\n\n<h2 class=\"wp-block-heading\">Mittagessen<\/h2>\n\n\n\n<p>In der Mittagspause haben die Kinder ausreichend Zeit ihr Mittagessen einzunehmen und sich mit ihren Freund:innen zu unterhalten.<\/p>\n\n\n\n<h2 class=\"wp-block-heading\">Hausaufgaben<\/h2>\n\n\n\n<p>In angenehmer Arbeitsatmosph\u00e4re erledigen die Kinder ihre Hausaufgaben. Haben sie Fragen, steht ihnen immer eine Betreuungsperson zur Seite.<\/p>\n\n\n\n<h2 class=\"wp-block-heading\">AG und freie Spielphase<\/h2>\n\n\n\n<p>F\u00fcr Kinder der 1. und 2. Klasse gibt es t\u00e4glich Zeit zum freien Spielen.<\/p>\n\n\n\n<p>Kinder der 3. und 4. Klasse w\u00e4hlen aus dem vielf\u00e4ltigen AG-Angebot aus.<\/p>\n\n\n\n<h2 class=\"wp-block-heading\">Hortzeit<\/h2>\n\n\n\n<p>Nach einer kleinen Pausenzeit k\u00f6nnen die Kinder an den freiwilligen Angeboten teilnehmen oder selbst entscheiden, was sie spielen m\u00f6chten.<\/p>\n\n\n\n<p><\/p>\n\n\n\n<h1 class=\"wp-block-heading\">Kontakt<\/h1>\n\n\n\n<figure class=\"wp-block-image is-style-rounded\"><img decoding=\"async\" src=\"https:\/\/www.vpak.de\/fileadmin\/_processed_\/5\/3\/csm_Bildungspaedagogische_Leitung_FOTO_5ead64b258.jpg\" alt=\"Bildungsp\u00e4dagogische Leitung - Portr\u00e4t\" \/><\/figure>\n\n\n\n<h2 class=\"wp-block-heading\">Bildungsp\u00e4dagogische Leitung, OGS-Koordination<\/h2>\n\n\n\n<p><strong>Katarzyna Weber<\/strong><\/p>\n\n\n\n<p>Tel: 0541-323-83337<br>E-Mail:&nbsp;<a href=\"linkTo_UnCryptMailto(%27jxfiql7dqp%2BpqrbsbXsmxh%2Bab%27);\">g&#116;&#x73;&#x2e;s&#116;&#x75;&#x65;v&#101;&#64;&#x76;&#x70;a&#107;&#x2e;&#x64;e<\/a><\/p>\n\n\n\n<figure class=\"wp-block-image is-style-rounded\"><img decoding=\"async\" src=\"https:\/\/www.vpak.de\/fileadmin\/_processed_\/4\/c\/csm_IMG-20200527-WA0001_16f44f0009.jpg\" alt=\"Die sozialp\u00e4dagogische Leitung des Hortes\" \/><\/figure>\n\n\n\n<h2 class=\"wp-block-heading\">Sozialp\u00e4dagogische Leitung, Hortleitung<\/h2>\n\n\n\n<p>Martin Zwirner<a href=\"linkTo_UnCryptMailto(%27jxfiql7cob%27);\"><\/a><br><br>Tel: 0541-323-83334<br>E-Mail:&nbsp;<a href=\"linkTo_UnCryptMailto(%27jxfiql7cobrkabXsmxh%2Bab%27);\">&#x66;&#114;&#x65;&#x75;&#110;&#x64;&#101;&#64;&#x76;&#112;a&#x6b;&#46;d&#x65;<\/a><\/p>\n","protected":false},"excerpt":{"rendered":"<p>Das Ganztags-und Hortangebot an der St\u00fcveschule wird durch Erzieher:innen und p\u00e4dagogische Mitarbeiter:innen des VPAK-Teams, Lehrkr\u00e4fte und p\u00e4dagogische Mitarbeiter:innen der Schule sowie au\u00dferschulische Partner durchgef\u00fchrt. Mittagessen In der Mittagspause haben die Kinder ausreichend Zeit ihr Mittagessen einzunehmen und sich mit ihren Freund:innen zu unterhalten. Hausaufgaben In angenehmer Arbeitsatmosph\u00e4re erledigen die Kinder ihre Hausaufgaben. Haben sie Fragen, steht ihnen immer eine Betreuungsperson zur Seite. AG und freie Spielphase F\u00fcr Kinder der 1. und 2. Klasse gibt es t\u00e4glich Zeit zum freien Spielen. Kinder der 3. und 4. Klasse w\u00e4hlen aus dem vielf\u00e4ltigen AG-Angebot aus. Hortzeit Nach einer kleinen Pausenzeit k\u00f6nnen die Kinder an den freiwilligen Angeboten teilnehmen oder selbst entscheiden, was sie spielen m\u00f6chten. Kontakt Bildungsp\u00e4dagogische Leitung, OGS-Koordination Katarzyna Weber Tel: 0541-323-83337E-Mail:&nbsp;&#x67;&#x74;&#x73;&#x2e;&#115;&#116;&#117;&#101;ve&#64;&#x76;&#x70;&#x61;&#x6b;&#x2e;&#100;&#101; Sozialp\u00e4dagogische Leitung, Hortleitung Martin Zwirner Tel: 0541-323-83334E-Mail:&nbsp;&#102;&#x72;&#101;&#x75;&#110;&#x64;&#101;&#x40;&#118;&#x70;&#97;&#x6b;&#46;&#x64;e<\/p>\n","protected":false},"author":9194546,"featured_media":0,"parent":0,"menu_order":0,"comment_status":"closed","ping_status":"closed","template":"","meta":{"footnotes":""},"class_list":["post-36","page","type-page","status-publish","hentry"],"_links":{"self":[{"href":"https:\/\/wordpress.nibis.de\/stueve\/wp-json\/wp\/v2\/pages\/36","targetHints":{"allow":["GET"]}}],"collection":[{"href":"https:\/\/wordpress.nibis.de\/stueve\/wp-json\/wp\/v2\/pages"}],"about":[{"href":"https:\/\/wordpress.nibis.de\/stueve\/wp-json\/wp\/v2\/types\/page"}],"author":[{"embeddable":true,"href":"https:\/\/wordpress.nibis.de\/stueve\/wp-json\/wp\/v2\/users\/9194546"}],"replies":[{"embeddable":true,"href":"https:\/\/wordpress.nibis.de\/stueve\/wp-json\/wp\/v2\/comments?post=36"}],"version-history":[{"count":4,"href":"https:\/\/wordpress.nibis.de\/stueve\/wp-json\/wp\/v2\/pages\/36\/revisions"}],"predecessor-version":[{"id":213,"href":"https:\/\/wordpress.nibis.de\/stueve\/wp-json\/wp\/v2\/pages\/36\/revisions\/213"}],"wp:attachment":[{"href":"https:\/\/wordpress.nibis.de\/stueve\/wp-json\/wp\/v2\/media?parent=36"}],"curies":[{"name":"wp","href":"https:\/\/api.w.org\/{rel}","templated":true}]}}