{"id":544,"date":"2026-02-12T17:54:12","date_gmt":"2026-02-12T16:54:12","guid":{"rendered":"https:\/\/wordpress.nibis.de\/stueve\/?page_id=544"},"modified":"2026-02-12T17:54:12","modified_gmt":"2026-02-12T16:54:12","slug":"die-stueveschule-aus-der-vogelperspektive","status":"publish","type":"page","link":"https:\/\/wordpress.nibis.de\/stueve\/die-stueveschule-aus-der-vogelperspektive\/","title":{"rendered":"Die St\u00fcveschule aus der Vogelperspektive"},"content":{"rendered":"\n<p>Auf diesen besonderen Bildern k\u00f6nnen Sie die St\u00fcveschule von oben betrachten:<\/p>\n\n\n\n<p>Auch die Turnhalle sowie das Lehrer*innenzimmer sind in einer 360 Grad Ansicht verf\u00fcgbar.<\/p>\n\n\n\n<figure class=\"wp-block-gallery has-nested-images columns-default is-cropped wp-block-gallery-1 is-layout-flex wp-block-gallery-is-layout-flex\">\n<figure class=\"wp-block-image size-large\"><img loading=\"lazy\" decoding=\"async\" width=\"1024\" height=\"683\" data-id=\"550\" src=\"https:\/\/wordpress.nibis.de\/stueve\/files\/2026\/02\/DJI_0186-1024x683.jpg\" alt=\"\" class=\"wp-image-550\" srcset=\"https:\/\/wordpress.nibis.de\/stueve\/files\/2026\/02\/DJI_0186-1024x683.jpg 1024w, https:\/\/wordpress.nibis.de\/stueve\/files\/2026\/02\/DJI_0186-300x200.jpg 300w, https:\/\/wordpress.nibis.de\/stueve\/files\/2026\/02\/DJI_0186-768x512.jpg 768w, https:\/\/wordpress.nibis.de\/stueve\/files\/2026\/02\/DJI_0186-100x67.jpg 100w, https:\/\/wordpress.nibis.de\/stueve\/files\/2026\/02\/DJI_0186-1536x1024.jpg 1536w, https:\/\/wordpress.nibis.de\/stueve\/files\/2026\/02\/DJI_0186-2048x1365.jpg 2048w, https:\/\/wordpress.nibis.de\/stueve\/files\/2026\/02\/DJI_0186-120x80.jpg 120w\" sizes=\"auto, (max-width: 1024px) 100vw, 1024px\" \/><\/figure>\n\n\n\n<figure class=\"wp-block-image size-large\"><img loading=\"lazy\" decoding=\"async\" width=\"1024\" height=\"512\" data-id=\"557\" src=\"https:\/\/wordpress.nibis.de\/stueve\/files\/2026\/02\/DJI_0187-1024x512.jpg\" alt=\"\" class=\"wp-image-557\" srcset=\"https:\/\/wordpress.nibis.de\/stueve\/files\/2026\/02\/DJI_0187-1024x512.jpg 1024w, https:\/\/wordpress.nibis.de\/stueve\/files\/2026\/02\/DJI_0187-300x150.jpg 300w, https:\/\/wordpress.nibis.de\/stueve\/files\/2026\/02\/DJI_0187-768x384.jpg 768w, https:\/\/wordpress.nibis.de\/stueve\/files\/2026\/02\/DJI_0187-100x50.jpg 100w, https:\/\/wordpress.nibis.de\/stueve\/files\/2026\/02\/DJI_0187-1536x768.jpg 1536w, https:\/\/wordpress.nibis.de\/stueve\/files\/2026\/02\/DJI_0187-2048x1024.jpg 2048w\" sizes=\"auto, (max-width: 1024px) 100vw, 1024px\" \/><\/figure>\n\n\n\n<figure class=\"wp-block-image size-large\"><img loading=\"lazy\" decoding=\"async\" width=\"1024\" height=\"683\" data-id=\"551\" src=\"https:\/\/wordpress.nibis.de\/stueve\/files\/2026\/02\/DJI_0188-1024x683.jpg\" alt=\"\" class=\"wp-image-551\" srcset=\"https:\/\/wordpress.nibis.de\/stueve\/files\/2026\/02\/DJI_0188-1024x683.jpg 1024w, https:\/\/wordpress.nibis.de\/stueve\/files\/2026\/02\/DJI_0188-300x200.jpg 300w, https:\/\/wordpress.nibis.de\/stueve\/files\/2026\/02\/DJI_0188-768x512.jpg 768w, https:\/\/wordpress.nibis.de\/stueve\/files\/2026\/02\/DJI_0188-100x67.jpg 100w, https:\/\/wordpress.nibis.de\/stueve\/files\/2026\/02\/DJI_0188-1536x1024.jpg 1536w, https:\/\/wordpress.nibis.de\/stueve\/files\/2026\/02\/DJI_0188-2048x1365.jpg 2048w, https:\/\/wordpress.nibis.de\/stueve\/files\/2026\/02\/DJI_0188-120x80.jpg 120w\" sizes=\"auto, (max-width: 1024px) 100vw, 1024px\" \/><\/figure>\n\n\n\n<figure class=\"wp-block-image size-large\"><img loading=\"lazy\" decoding=\"async\" width=\"1024\" height=\"683\" data-id=\"555\" src=\"https:\/\/wordpress.nibis.de\/stueve\/files\/2026\/02\/DJI_0189-1024x683.jpg\" alt=\"\" class=\"wp-image-555\" srcset=\"https:\/\/wordpress.nibis.de\/stueve\/files\/2026\/02\/DJI_0189-1024x683.jpg 1024w, https:\/\/wordpress.nibis.de\/stueve\/files\/2026\/02\/DJI_0189-300x200.jpg 300w, https:\/\/wordpress.nibis.de\/stueve\/files\/2026\/02\/DJI_0189-768x512.jpg 768w, https:\/\/wordpress.nibis.de\/stueve\/files\/2026\/02\/DJI_0189-100x67.jpg 100w, https:\/\/wordpress.nibis.de\/stueve\/files\/2026\/02\/DJI_0189-1536x1024.jpg 1536w, https:\/\/wordpress.nibis.de\/stueve\/files\/2026\/02\/DJI_0189-2048x1365.jpg 2048w, https:\/\/wordpress.nibis.de\/stueve\/files\/2026\/02\/DJI_0189-120x80.jpg 120w\" sizes=\"auto, (max-width: 1024px) 100vw, 1024px\" \/><\/figure>\n\n\n\n<figure class=\"wp-block-image size-large\"><img loading=\"lazy\" decoding=\"async\" width=\"1024\" height=\"683\" data-id=\"556\" src=\"https:\/\/wordpress.nibis.de\/stueve\/files\/2026\/02\/DJI_0190-1024x683.jpg\" alt=\"\" class=\"wp-image-556\" srcset=\"https:\/\/wordpress.nibis.de\/stueve\/files\/2026\/02\/DJI_0190-1024x683.jpg 1024w, https:\/\/wordpress.nibis.de\/stueve\/files\/2026\/02\/DJI_0190-300x200.jpg 300w, https:\/\/wordpress.nibis.de\/stueve\/files\/2026\/02\/DJI_0190-768x512.jpg 768w, https:\/\/wordpress.nibis.de\/stueve\/files\/2026\/02\/DJI_0190-100x67.jpg 100w, https:\/\/wordpress.nibis.de\/stueve\/files\/2026\/02\/DJI_0190-1536x1024.jpg 1536w, https:\/\/wordpress.nibis.de\/stueve\/files\/2026\/02\/DJI_0190-2048x1365.jpg 2048w, https:\/\/wordpress.nibis.de\/stueve\/files\/2026\/02\/DJI_0190-120x80.jpg 120w\" sizes=\"auto, (max-width: 1024px) 100vw, 1024px\" \/><\/figure>\n\n\n\n<figure class=\"wp-block-image size-large\"><img loading=\"lazy\" decoding=\"async\" width=\"1024\" height=\"683\" data-id=\"549\" src=\"https:\/\/wordpress.nibis.de\/stueve\/files\/2026\/02\/DJI_0193-1024x683.jpg\" alt=\"\" class=\"wp-image-549\" srcset=\"https:\/\/wordpress.nibis.de\/stueve\/files\/2026\/02\/DJI_0193-1024x683.jpg 1024w, https:\/\/wordpress.nibis.de\/stueve\/files\/2026\/02\/DJI_0193-300x200.jpg 300w, https:\/\/wordpress.nibis.de\/stueve\/files\/2026\/02\/DJI_0193-768x512.jpg 768w, https:\/\/wordpress.nibis.de\/stueve\/files\/2026\/02\/DJI_0193-100x67.jpg 100w, https:\/\/wordpress.nibis.de\/stueve\/files\/2026\/02\/DJI_0193-1536x1024.jpg 1536w, https:\/\/wordpress.nibis.de\/stueve\/files\/2026\/02\/DJI_0193-2048x1365.jpg 2048w, https:\/\/wordpress.nibis.de\/stueve\/files\/2026\/02\/DJI_0193-120x80.jpg 120w\" sizes=\"auto, (max-width: 1024px) 100vw, 1024px\" \/><\/figure>\n\n\n\n<figure class=\"wp-block-image size-large\"><img loading=\"lazy\" decoding=\"async\" width=\"1024\" height=\"683\" data-id=\"553\" src=\"https:\/\/wordpress.nibis.de\/stueve\/files\/2026\/02\/DJI_0194-1024x683.jpg\" alt=\"\" class=\"wp-image-553\" srcset=\"https:\/\/wordpress.nibis.de\/stueve\/files\/2026\/02\/DJI_0194-1024x683.jpg 1024w, https:\/\/wordpress.nibis.de\/stueve\/files\/2026\/02\/DJI_0194-300x200.jpg 300w, https:\/\/wordpress.nibis.de\/stueve\/files\/2026\/02\/DJI_0194-768x512.jpg 768w, https:\/\/wordpress.nibis.de\/stueve\/files\/2026\/02\/DJI_0194-100x67.jpg 100w, https:\/\/wordpress.nibis.de\/stueve\/files\/2026\/02\/DJI_0194-1536x1024.jpg 1536w, https:\/\/wordpress.nibis.de\/stueve\/files\/2026\/02\/DJI_0194-2048x1365.jpg 2048w, https:\/\/wordpress.nibis.de\/stueve\/files\/2026\/02\/DJI_0194-120x80.jpg 120w\" sizes=\"auto, (max-width: 1024px) 100vw, 1024px\" \/><\/figure>\n\n\n\n<figure class=\"wp-block-image size-large\"><img loading=\"lazy\" decoding=\"async\" width=\"1024\" height=\"683\" data-id=\"546\" src=\"https:\/\/wordpress.nibis.de\/stueve\/files\/2026\/02\/DJI_0195-1024x683.jpg\" alt=\"\" class=\"wp-image-546\" srcset=\"https:\/\/wordpress.nibis.de\/stueve\/files\/2026\/02\/DJI_0195-1024x683.jpg 1024w, https:\/\/wordpress.nibis.de\/stueve\/files\/2026\/02\/DJI_0195-300x200.jpg 300w, https:\/\/wordpress.nibis.de\/stueve\/files\/2026\/02\/DJI_0195-768x512.jpg 768w, https:\/\/wordpress.nibis.de\/stueve\/files\/2026\/02\/DJI_0195-100x67.jpg 100w, https:\/\/wordpress.nibis.de\/stueve\/files\/2026\/02\/DJI_0195-1536x1024.jpg 1536w, https:\/\/wordpress.nibis.de\/stueve\/files\/2026\/02\/DJI_0195-2048x1365.jpg 2048w, https:\/\/wordpress.nibis.de\/stueve\/files\/2026\/02\/DJI_0195-120x80.jpg 120w\" sizes=\"auto, (max-width: 1024px) 100vw, 1024px\" \/><\/figure>\n\n\n\n<figure class=\"wp-block-image size-large\"><img loading=\"lazy\" decoding=\"async\" width=\"1024\" height=\"683\" data-id=\"548\" src=\"https:\/\/wordpress.nibis.de\/stueve\/files\/2026\/02\/DJI_0196-1024x683.jpg\" alt=\"\" class=\"wp-image-548\" srcset=\"https:\/\/wordpress.nibis.de\/stueve\/files\/2026\/02\/DJI_0196-1024x683.jpg 1024w, https:\/\/wordpress.nibis.de\/stueve\/files\/2026\/02\/DJI_0196-300x200.jpg 300w, https:\/\/wordpress.nibis.de\/stueve\/files\/2026\/02\/DJI_0196-768x512.jpg 768w, https:\/\/wordpress.nibis.de\/stueve\/files\/2026\/02\/DJI_0196-100x67.jpg 100w, https:\/\/wordpress.nibis.de\/stueve\/files\/2026\/02\/DJI_0196-1536x1024.jpg 1536w, https:\/\/wordpress.nibis.de\/stueve\/files\/2026\/02\/DJI_0196-2048x1365.jpg 2048w, https:\/\/wordpress.nibis.de\/stueve\/files\/2026\/02\/DJI_0196-120x80.jpg 120w\" sizes=\"auto, (max-width: 1024px) 100vw, 1024px\" \/><\/figure>\n\n\n\n<figure class=\"wp-block-image size-large\"><img loading=\"lazy\" decoding=\"async\" width=\"1024\" height=\"683\" data-id=\"554\" src=\"https:\/\/wordpress.nibis.de\/stueve\/files\/2026\/02\/DJI_0197-1024x683.jpg\" alt=\"\" class=\"wp-image-554\" srcset=\"https:\/\/wordpress.nibis.de\/stueve\/files\/2026\/02\/DJI_0197-1024x683.jpg 1024w, https:\/\/wordpress.nibis.de\/stueve\/files\/2026\/02\/DJI_0197-300x200.jpg 300w, https:\/\/wordpress.nibis.de\/stueve\/files\/2026\/02\/DJI_0197-768x512.jpg 768w, https:\/\/wordpress.nibis.de\/stueve\/files\/2026\/02\/DJI_0197-100x67.jpg 100w, https:\/\/wordpress.nibis.de\/stueve\/files\/2026\/02\/DJI_0197-1536x1024.jpg 1536w, https:\/\/wordpress.nibis.de\/stueve\/files\/2026\/02\/DJI_0197-2048x1365.jpg 2048w, https:\/\/wordpress.nibis.de\/stueve\/files\/2026\/02\/DJI_0197-120x80.jpg 120w\" sizes=\"auto, (max-width: 1024px) 100vw, 1024px\" \/><\/figure>\n\n\n\n<figure class=\"wp-block-image size-large\"><img loading=\"lazy\" decoding=\"async\" width=\"1024\" height=\"683\" data-id=\"552\" src=\"https:\/\/wordpress.nibis.de\/stueve\/files\/2026\/02\/DJI_0198-1024x683.jpg\" alt=\"\" class=\"wp-image-552\" srcset=\"https:\/\/wordpress.nibis.de\/stueve\/files\/2026\/02\/DJI_0198-1024x683.jpg 1024w, https:\/\/wordpress.nibis.de\/stueve\/files\/2026\/02\/DJI_0198-300x200.jpg 300w, https:\/\/wordpress.nibis.de\/stueve\/files\/2026\/02\/DJI_0198-768x512.jpg 768w, https:\/\/wordpress.nibis.de\/stueve\/files\/2026\/02\/DJI_0198-100x67.jpg 100w, https:\/\/wordpress.nibis.de\/stueve\/files\/2026\/02\/DJI_0198-1536x1024.jpg 1536w, https:\/\/wordpress.nibis.de\/stueve\/files\/2026\/02\/DJI_0198-2048x1365.jpg 2048w, https:\/\/wordpress.nibis.de\/stueve\/files\/2026\/02\/DJI_0198-120x80.jpg 120w\" sizes=\"auto, (max-width: 1024px) 100vw, 1024px\" \/><\/figure>\n\n\n\n<figure class=\"wp-block-image size-large\"><img loading=\"lazy\" decoding=\"async\" width=\"1024\" height=\"512\" data-id=\"547\" src=\"https:\/\/wordpress.nibis.de\/stueve\/files\/2026\/02\/DJI_0218-1024x512.jpg\" alt=\"\" class=\"wp-image-547\" srcset=\"https:\/\/wordpress.nibis.de\/stueve\/files\/2026\/02\/DJI_0218-1024x512.jpg 1024w, https:\/\/wordpress.nibis.de\/stueve\/files\/2026\/02\/DJI_0218-300x150.jpg 300w, https:\/\/wordpress.nibis.de\/stueve\/files\/2026\/02\/DJI_0218-768x384.jpg 768w, https:\/\/wordpress.nibis.de\/stueve\/files\/2026\/02\/DJI_0218-100x50.jpg 100w, https:\/\/wordpress.nibis.de\/stueve\/files\/2026\/02\/DJI_0218-1536x768.jpg 1536w, https:\/\/wordpress.nibis.de\/stueve\/files\/2026\/02\/DJI_0218-2048x1024.jpg 2048w\" sizes=\"auto, (max-width: 1024px) 100vw, 1024px\" \/><\/figure>\n\n\n\n<figure class=\"wp-block-image size-large\"><img loading=\"lazy\" decoding=\"async\" width=\"1024\" height=\"512\" data-id=\"545\" src=\"https:\/\/wordpress.nibis.de\/stueve\/files\/2026\/02\/DJI_0219-1024x512.jpg\" alt=\"\" class=\"wp-image-545\" srcset=\"https:\/\/wordpress.nibis.de\/stueve\/files\/2026\/02\/DJI_0219-1024x512.jpg 1024w, https:\/\/wordpress.nibis.de\/stueve\/files\/2026\/02\/DJI_0219-300x150.jpg 300w, https:\/\/wordpress.nibis.de\/stueve\/files\/2026\/02\/DJI_0219-768x384.jpg 768w, https:\/\/wordpress.nibis.de\/stueve\/files\/2026\/02\/DJI_0219-100x50.jpg 100w, https:\/\/wordpress.nibis.de\/stueve\/files\/2026\/02\/DJI_0219-1536x768.jpg 1536w, https:\/\/wordpress.nibis.de\/stueve\/files\/2026\/02\/DJI_0219-2048x1024.jpg 2048w\" sizes=\"auto, (max-width: 1024px) 100vw, 1024px\" \/><\/figure>\n<\/figure>\n\n\n\n<p>Das Lehrer*innenzimmer der St\u00fcveschule in der 360 Grad Ansicht.<\/p>\n","protected":false},"excerpt":{"rendered":"<p>Auf diesen besonderen Bildern k\u00f6nnen Sie die St\u00fcveschule von oben betrachten: Auch die Turnhalle sowie das Lehrer*innenzimmer sind in einer 360 Grad Ansicht verf\u00fcgbar. Das Lehrer*innenzimmer der St\u00fcveschule in der 360 Grad Ansicht.<\/p>\n","protected":false},"author":9194546,"featured_media":0,"parent":0,"menu_order":0,"comment_status":"closed","ping_status":"closed","template":"","meta":{"footnotes":""},"class_list":["post-544","page","type-page","status-publish","hentry"],"_links":{"self":[{"href":"https:\/\/wordpress.nibis.de\/stueve\/wp-json\/wp\/v2\/pages\/544","targetHints":{"allow":["GET"]}}],"collection":[{"href":"https:\/\/wordpress.nibis.de\/stueve\/wp-json\/wp\/v2\/pages"}],"about":[{"href":"https:\/\/wordpress.nibis.de\/stueve\/wp-json\/wp\/v2\/types\/page"}],"author":[{"embeddable":true,"href":"https:\/\/wordpress.nibis.de\/stueve\/wp-json\/wp\/v2\/users\/9194546"}],"replies":[{"embeddable":true,"href":"https:\/\/wordpress.nibis.de\/stueve\/wp-json\/wp\/v2\/comments?post=544"}],"version-history":[{"count":1,"href":"https:\/\/wordpress.nibis.de\/stueve\/wp-json\/wp\/v2\/pages\/544\/revisions"}],"predecessor-version":[{"id":558,"href":"https:\/\/wordpress.nibis.de\/stueve\/wp-json\/wp\/v2\/pages\/544\/revisions\/558"}],"wp:attachment":[{"href":"https:\/\/wordpress.nibis.de\/stueve\/wp-json\/wp\/v2\/media?parent=544"}],"curies":[{"name":"wp","href":"https:\/\/api.w.org\/{rel}","templated":true}]}}