{"id":1957,"date":"2023-06-27T15:07:09","date_gmt":"2023-06-27T13:07:09","guid":{"rendered":"https:\/\/wordpress.nibis.de\/stursula\/?page_id=1957"},"modified":"2026-03-03T09:41:18","modified_gmt":"2026-03-03T08:41:18","slug":"willkommen","status":"publish","type":"page","link":"https:\/\/wordpress.nibis.de\/stursula\/","title":{"rendered":"Willkommen"},"content":{"rendered":"\n<p>Mit der Einf\u00fchrung des Rechtsanspruchs auf Ganztag wird es ab Sommer eine konzeptionelle Ver\u00e4nderung geben. Die Klassen 3 und 4 laufen dann als <strong>teilgebundene Ganztagsschule<\/strong>. An zwei Tagen in der Woche sind die Kinder ab der 3. Klasse dann alle bis 15:00 Uhr oder 15:15 Uhr in der Schule. <\/p>\n\n\n\n<p><\/p>\n\n\n\n<p>Die Klassen 1 und 2 laufen weiterhin als Offene Ganztagsschule. Unser Ziel ist es, eine<br>st\u00e4rkere Vernetzung zwischen Vor- und Nachmittag zu erreichen. Durch die Teilgebundenheit<br>k\u00f6nnen wir in Klasse 3 und 4 zwei Tage kindegerechter rhythmisieren und den Ganztag, an dem die meisten Kinder teilnehmen, qualitativ aufwerten. Wir haben mehr<br>M\u00f6glichkeiten, informelles Lernen mit in den Stundenplan zu integrieren. So haben wir<br>beispielsweise im Sommer bereits mit dem Konzept de FREI DAY begonnen, bei dem die<br>Sch\u00fclerinnen und Sch\u00fcler eigene Projekte planen, um die 17 Ziele der UN f\u00fcr nachhaltige<br>Entwicklung mit umzusetzen. Au\u00dferdem planen wir einen Block, den wir \u201eModullernen\u201c<br>nennen. In diesem Block arbeiten die Sch\u00fclerinnen und Sch\u00fcler jahrgangs- und<br>klassen\u00fcbergreifend jeweils 4 Wochen an einem Thema, so dass sie in einem Schuljahr an vielen<br>Themen gearbeitet haben. Diese Themen sind nicht fachbezogen, sondern enthalten z.B.<br>Kompetenzen, die die Sch\u00fclerinnen und Sch\u00fcler in der Zukunft ben\u00f6tigen (Wie recherchiere<br>ich? Was ist eine gute Pr\u00e4sentation?). Es k\u00f6nnen aber auch andere Module enthalten sein, die<br>z.B. das spielerische Lernen f\u00f6rdern (Wie spiele ich Schach? Programmieren der schuleigenen<br>Modelleisenbahnanlage,\u2026) oder soziale und praktische Kompetenzen f\u00f6rdern (1. Hilfe-Kurs oder gewaltfreie Kommunikation). Die Teilgebundenheit erm\u00f6glicht uns ein kindgerechtes Lernen<br>mit zeitgem\u00e4\u00dfen Lerninhalten und einer sinnvollen p\u00e4dagogischen Vernetzung zwischen Vor-und<br>Nachmittag. Abgesehen von der verpflichtenden Zeit gibt es offenes Angebot f\u00fcr alle<br>Kinder von Montag bis Freitag bis 16 Uhr, welches den Kindern ein gro\u00dfes Ma\u00df an<br>Entscheidungsspielraum erm\u00f6glicht.<\/p>\n\n\n\n<p><\/p>\n\n\n\n<p><\/p>\n\n\n\n<p>Am 8.3.25 wurden die <strong>Kindernachrichten <\/strong>des NDR gemeinsam mit Kindern der 4. Klassen der St.-Ursula-Schule aufgenommen. Unter <a href=\"https:\/\/wordpress.nibis.de\/stursula\/files\/2025\/03\/Kindernachrichten.mp3\">diesem Link<\/a> k\u00f6nnnen Sie diese Nachrichten h\u00f6ren. <\/p>\n\n\n\n<p>Unter <a href=\"https:\/\/www.donbosco-magazin.eu\/Jugend\/Lernen\/Raum-der-Stille-an-Schulen\">diesem Link<\/a> finden Sie\/ findet ihr ein interessantes Interview zum Thema &#8222;<strong>Raum der Stille<\/strong>&#8222;. Unsere Kollegin Janina Stenzel, die wesentlich an der Erarbeitung des Konzeptes des Raumes beteiligt war, stellt sich den Fragen des Don Bosco Verlages.    <a href=\"https:\/\/www.donbosco-magazin.eu\/Jugend\/Lernen\/Raum-der-Stille-an-Schulen\">=&gt; Zum Interview<\/a><\/p>\n\n\n\n<pre class=\"wp-block-code\"><code><img loading=\"lazy\" decoding=\"async\" width=\"784\" height=\"594\" class=\"wp-image-2336\" src=\"https:\/\/wordpress.nibis.de\/stursula\/files\/2023\/07\/rundgang.jpg\" alt=\"Rundgang\" srcset=\"https:\/\/wordpress.nibis.de\/stursula\/files\/2023\/07\/rundgang.jpg 784w, https:\/\/wordpress.nibis.de\/stursula\/files\/2023\/07\/rundgang-768x582.jpg 768w, https:\/\/wordpress.nibis.de\/stursula\/files\/2023\/07\/rundgang-356x270.jpg 356w\" sizes=\"auto, (max-width: 784px) 100vw, 784px\" \/>\n<\/code><\/pre>\n\n\n\n<div style=\"padding-top: 20px;padding-bottom: 5px;float: right;max-width: 350px;margin-left: 10px\">\n\t\t<!-- MasterSlider -->\n\t\t<div id=\"P_MS69d4a204bd251\" class=\"master-slider-parent msl ms-parent-id-1\" style=\"max-width:550px;\">\n\n\t\t\t\n\t\t\t<!-- MasterSlider Main -->\n\t\t\t<div id=\"MS69d4a204bd251\" class=\"master-slider ms-skin-default\" >\n\t\t\t\t \t\t\t\t \n\t\t\t\t<div  class=\"ms-slide\" data-delay=\"3\" data-fill-mode=\"fill\"  >\n\t\t\t\t\t<img decoding=\"async\" src=\"https:\/\/wordpress.nibis.de\/stursula\/wp-content\/plugins\/master-slider\/public\/assets\/css\/blank.gif\" alt=\"\" title=\"\" data-src=\"https:\/\/wordpress.nibis.de\/stursula\/files\/2023\/07\/DSC_0896.jpg\" \/>\n\n\n\t<div class=\"ms-thumb\" ><div class=\"ms-tab-context\"><div class=\"&quot;ms-tab-context&quot;\"><\/div><\/div>\n<\/div>\n\t\t\t\t<\/div>\n\t\t\t\t<div  class=\"ms-slide\" data-delay=\"3\" data-fill-mode=\"fill\"  >\n\t\t\t\t\t<img decoding=\"async\" src=\"https:\/\/wordpress.nibis.de\/stursula\/wp-content\/plugins\/master-slider\/public\/assets\/css\/blank.gif\" alt=\"\" title=\"\" data-src=\"https:\/\/wordpress.nibis.de\/stursula\/files\/2023\/07\/DSC_0897.jpg\" \/>\n\n\n\t<div class=\"ms-thumb\" ><div class=\"ms-tab-context\"><div class=\"&quot;ms-tab-context&quot;\"><\/div><\/div>\n<\/div>\n\t\t\t\t<\/div>\n\t\t\t\t<div  class=\"ms-slide\" data-delay=\"3\" data-fill-mode=\"fill\"  >\n\t\t\t\t\t<img decoding=\"async\" src=\"https:\/\/wordpress.nibis.de\/stursula\/wp-content\/plugins\/master-slider\/public\/assets\/css\/blank.gif\" alt=\"\" title=\"\" data-src=\"https:\/\/wordpress.nibis.de\/stursula\/files\/2023\/07\/DSC_0950.jpg\" \/>\n\n\n\t<div class=\"ms-thumb\" ><div class=\"ms-tab-context\"><div class=\"&quot;ms-tab-context&quot;\"><\/div><\/div>\n<\/div>\n\t\t\t\t<\/div>\n\t\t\t\t<div  class=\"ms-slide\" data-delay=\"3\" data-fill-mode=\"fill\"  >\n\t\t\t\t\t<img decoding=\"async\" src=\"https:\/\/wordpress.nibis.de\/stursula\/wp-content\/plugins\/master-slider\/public\/assets\/css\/blank.gif\" alt=\"\" title=\"\" data-src=\"https:\/\/wordpress.nibis.de\/stursula\/files\/2023\/07\/DSC_0945.jpg\" \/>\n\n\n\t<div class=\"ms-thumb\" ><div class=\"ms-tab-context\"><div class=\"&quot;ms-tab-context&quot;\"><\/div><\/div>\n<\/div>\n\t\t\t\t<\/div>\n\t\t\t\t<div  class=\"ms-slide\" data-delay=\"3\" data-fill-mode=\"fill\"  >\n\t\t\t\t\t<img decoding=\"async\" src=\"https:\/\/wordpress.nibis.de\/stursula\/wp-content\/plugins\/master-slider\/public\/assets\/css\/blank.gif\" alt=\"\" title=\"\" data-src=\"https:\/\/wordpress.nibis.de\/stursula\/files\/2023\/07\/DSC_0973.jpg\" \/>\n\n\n\t<div class=\"ms-thumb\" ><div class=\"ms-tab-context\"><div class=\"&quot;ms-tab-context&quot;\"><\/div><\/div>\n<\/div>\n\t\t\t\t<\/div>\n\t\t\t\t<div  class=\"ms-slide\" data-delay=\"3\" data-fill-mode=\"fill\"  >\n\t\t\t\t\t<img decoding=\"async\" src=\"https:\/\/wordpress.nibis.de\/stursula\/wp-content\/plugins\/master-slider\/public\/assets\/css\/blank.gif\" alt=\"\" title=\"\" data-src=\"https:\/\/wordpress.nibis.de\/stursula\/files\/2023\/07\/DSC_0955.jpg\" \/>\n\n\n\t<div class=\"ms-thumb\" ><div class=\"ms-tab-context\"><div class=\"&quot;ms-tab-context&quot;\"><\/div><\/div>\n<\/div>\n\t\t\t\t<\/div>\n\t\t\t\t<div  class=\"ms-slide\" data-delay=\"3\" data-fill-mode=\"fill\"  >\n\t\t\t\t\t<img decoding=\"async\" src=\"https:\/\/wordpress.nibis.de\/stursula\/wp-content\/plugins\/master-slider\/public\/assets\/css\/blank.gif\" alt=\"\" title=\"\" data-src=\"https:\/\/wordpress.nibis.de\/stursula\/files\/2023\/07\/DSC_0969.jpg\" \/>\n\n\n\t<div class=\"ms-thumb\" ><div class=\"ms-tab-context\"><div class=\"&quot;ms-tab-context&quot;\"><\/div><\/div>\n<\/div>\n\t\t\t\t<\/div>\n\t\t\t\t<div  class=\"ms-slide\" data-delay=\"3\" data-fill-mode=\"fill\"  >\n\t\t\t\t\t<img decoding=\"async\" src=\"https:\/\/wordpress.nibis.de\/stursula\/wp-content\/plugins\/master-slider\/public\/assets\/css\/blank.gif\" alt=\"\" title=\"\" data-src=\"https:\/\/wordpress.nibis.de\/stursula\/files\/2023\/07\/DSC_0917.jpg\" \/>\n\n\n\t<div class=\"ms-thumb\" ><div class=\"ms-tab-context\"><div class=\"&quot;ms-tab-context&quot;\"><\/div><\/div>\n<\/div>\n\t\t\t\t<\/div>\n\t\t\t\t<div  class=\"ms-slide\" data-delay=\"3\" data-fill-mode=\"fill\"  >\n\t\t\t\t\t<img decoding=\"async\" src=\"https:\/\/wordpress.nibis.de\/stursula\/wp-content\/plugins\/master-slider\/public\/assets\/css\/blank.gif\" alt=\"\" title=\"\" data-src=\"https:\/\/wordpress.nibis.de\/stursula\/files\/2023\/07\/Wandbehang.jpg\" \/>\n\n\n\t<div class=\"ms-thumb\" ><div class=\"ms-tab-context\"><div class=\"&quot;ms-tab-context&quot;\"><\/div><\/div>\n<\/div>\n\t\t\t\t<\/div>\n\n\t\t\t<\/div>\n\t\t\t<!-- END MasterSlider Main -->\n\n\t\t\t \n\t\t<\/div>\n\t\t<!-- END MasterSlider -->\n\n\t\t<script>\n\t\t(function ( $ ) {\n\t\t\t\"use strict\";\n\n\t\t\t$(function () {\n\t\t\t\tvar masterslider_d251 = new MasterSlider();\n\n\t\t\t\t\/\/ slider controls\n\n\t\t\t\t\/\/ slider setup\n\t\t\t\tmasterslider_d251.setup(\"MS69d4a204bd251\", {\n\t\t\t\t\t\twidth           : 550,\n\t\t\t\t\t\theight          : 500,\n\t\t\t\t\t\tminHeight       : 0,\n\t\t\t\t\t\tspace           : 15,\n\t\t\t\t\t\tstart           : 1,\n\t\t\t\t\t\tgrabCursor      : true,\n\t\t\t\t\t\tswipe           : true,\n\t\t\t\t\t\tmouse           : true,\n\t\t\t\t\t\tlayout          : \"boxed\",\n\t\t\t\t\t\twheel           : false,\n\t\t\t\t\t\tautoplay        : true,\n\t\t\t\t\t\tinstantStartLayers:false,\n\t\t\t\t\t\tloop            : false,\n\t\t\t\t\t\tshuffle         : false,\n\t\t\t\t\t\tpreload         : 0,\n\t\t\t\t\t\theightLimit     : true,\n\t\t\t\t\t\tautoHeight      : true,\n\t\t\t\t\t\tsmoothHeight    : true,\n\t\t\t\t\t\tendPause        : false,\n\t\t\t\t\t\toverPause       : false,\n\t\t\t\t\t\tfillMode        : \"fill\",\n\t\t\t\t\t\tcenterControls  : true,\n\t\t\t\t\t\tstartOnAppear   : false,\n\t\t\t\t\t\tlayersMode      : \"center\",\n\t\t\t\t\t\thideLayers      : false,\n\t\t\t\t\t\tfullscreenMargin: 0,\n\t\t\t\t\t\tspeed           : 15,\n\t\t\t\t\t\tdir             : \"h\",\n\t\t\t\t\t\tparallaxMode    : 'swipe',\n\t\t\t\t\t\tview            : \"basic\"\n\t\t\t\t});\n\n\t\t\t\t\n\t\t\t\twindow.masterslider_instances = window.masterslider_instances || [];\n\t\t\t\twindow.masterslider_instances.push( masterslider_d251 );\n\t\t\t });\n\n\t\t})(jQuery);\n\t\t<\/script>\n\n<\/div>\n\n\n\n<div style=\"margin-top: 20px\">\n<p>Die St.-Ursula-Schule ist eine Grundschule katholischen Bekenntnisses in staatlicher Tr\u00e4gerschaft. Sie liegt in der Stadtmitte L\u00fcneburgs und hat als Angebotsschule mit konfessioneller Ausrichtung kein festes Einzugsgebiet. An der St.-Ursula-Schule werden aktuell 232 Kinder mit mehrheitlich katholischem Glauben unterrichtet. Wir k\u00f6nnen, nach den Vorgaben des Landes Niedersachsen,&nbsp; bis zu 30% nicht-katholische Kinder aufnehmen. Die Rhythmisierung des Vormittags erm\u00f6glicht einen sinnvollen Wechsel aus individualisierter Arbeitszeit, lehrerzentrierten Phasen und einem Kreativblock. Damit sind wir bem\u00fcht, den heutigen Anforderungen an eine inklusive Schule mit einem hohen Anteil an eigenverantwortlichem Lernen gerecht zu werden.<\/p>\n<\/div>\n\n\n\n<div>Der 2012 fertiggestellte Schulbau hilft uns \u2013 als \u201e3. P\u00e4dagoge\u201c \u2013 den Sch\u00fclerinnen und Sch\u00fclern einen passenden Lern- und Lebensraum zu bieten. Als Schule verstehen wir uns alle als \u201elernendes System\u201c, das immer wieder darauf bedacht ist, unter den gegebenen Bedingungen die besten Voraussetzungen f\u00fcr ein Lernen und Leben aller Sch\u00fclerinnen und Sch\u00fcler zu schaffen. Als Ganztagsschule bieten wir an vier Tagen (Mo-Do) ein Angebot bis 15:00 Uhr.<\/div>\n\n\n\n<div class=\"clear\">&nbsp;<\/div>\n\n\n\n<div>&nbsp;<\/div>\n<div><strong>Wie funktioniert Grundschule in Deutschland?<\/strong> Der Integrationsbeirat der Hansestadt L\u00fcneburg hat hierzu eine Brosch\u00fcre entwickelt. Unter <a href=\"https:\/\/www.landkreis-lueneburg.de\/Home-Landkreis-Lueneburg\/Bildung-Soziales-und-Gesundheit-Landkreis\/Bildung-und-Kultur\/Bildungsregion\/uebergang-von-der-kita-zur-schule.aspx\">diesem Link<\/a> finden Sie die Brosch\u00fcren als Text-Version und als Audio-Version in verschiedenen Sprachen.&nbsp;<\/div>\n<div>&nbsp;<\/div>\n<div><strong>Was bedeutet VGS und OGS?<\/strong> Wie melde ich mein Kind in der Ganztagsschule an? Antworten finden Sie in diesem <a href=\"https:\/\/youtu.be\/Qcn2vMNNVqY\">Erkl\u00e4rvideo<\/a>.<\/div>\n<div>&nbsp;<\/div>\n<div>Formulare f\u00fcr die <strong>Schulanmeldung<\/strong> von katholischen Kindern finden sie unter <a href=\"https:\/\/wordpress.nibis.de\/stursula\/files\/2023\/07\/Schueleraufnahmebogen.pdf\">diesem Link<\/a>.<\/div>\n<div>Ist ihr Kind nicht katholisch, verwenden Sie bitte <a href=\"https:\/\/wordpress.nibis.de\/stursula\/files\/2023\/07\/Anmeldung-nicht-kath.-Kinder-1.pdf\">folgenden Link<\/a><\/div>\n\n\n\n<div>&nbsp;<\/div>\n\n\n\n<div class=\"wp-block-image\">\n<figure class=\"alignleft\"><a href=\"https:\/\/wordpress.nibis.de\/stursula\/files\/2023\/07\/Infoschreiben-Eltern.pdf\"><img loading=\"lazy\" decoding=\"async\" class=\"alignnone wp-image-3245\" src=\"https:\/\/wordpress.nibis.de\/stursula\/files\/2023\/07\/infoblatt-datenschutz.png\" alt=\"\" width=\"300\" height=\"134\"><\/a><\/figure>\n<\/div>\n\n\n\n<div>&nbsp;<\/div>\n\n\n\n<div>&nbsp;<\/div>\n","protected":false},"excerpt":{"rendered":"<p>Mit der Einf\u00fchrung des Rechtsanspruchs auf Ganztag wird es ab Sommer eine konzeptionelle Ver\u00e4nderung geben. Die Klassen 3 und 4 laufen dann als teilgebundene Ganztagsschule. An zwei Tagen in der Woche sind die Kinder ab der 3. Klasse dann alle bis 15:00 Uhr oder 15:15 Uhr in der Schule. Die Klassen 1 und 2 laufen weiterhin als Offene Ganztagsschule. Unser Ziel ist es, einest\u00e4rkere Vernetzung zwischen Vor- und Nachmittag zu erreichen. Durch die Teilgebundenheitk\u00f6nnen wir in Klasse 3 und 4&#8230;<\/p>\n<p class=\"read-more\"><a class=\"btn btn-default\" href=\"https:\/\/wordpress.nibis.de\/stursula\/\">Weiterlesen<span class=\"screen-reader-text\"> Weiterlesen<\/span><\/a><\/p>\n","protected":false},"author":9194205,"featured_media":0,"parent":0,"menu_order":0,"comment_status":"closed","ping_status":"closed","template":"","meta":{"footnotes":""},"class_list":["post-1957","page","type-page","status-publish","hentry"],"_links":{"self":[{"href":"https:\/\/wordpress.nibis.de\/stursula\/wp-json\/wp\/v2\/pages\/1957","targetHints":{"allow":["GET"]}}],"collection":[{"href":"https:\/\/wordpress.nibis.de\/stursula\/wp-json\/wp\/v2\/pages"}],"about":[{"href":"https:\/\/wordpress.nibis.de\/stursula\/wp-json\/wp\/v2\/types\/page"}],"author":[{"embeddable":true,"href":"https:\/\/wordpress.nibis.de\/stursula\/wp-json\/wp\/v2\/users\/9194205"}],"replies":[{"embeddable":true,"href":"https:\/\/wordpress.nibis.de\/stursula\/wp-json\/wp\/v2\/comments?post=1957"}],"version-history":[{"count":55,"href":"https:\/\/wordpress.nibis.de\/stursula\/wp-json\/wp\/v2\/pages\/1957\/revisions"}],"predecessor-version":[{"id":3295,"href":"https:\/\/wordpress.nibis.de\/stursula\/wp-json\/wp\/v2\/pages\/1957\/revisions\/3295"}],"wp:attachment":[{"href":"https:\/\/wordpress.nibis.de\/stursula\/wp-json\/wp\/v2\/media?parent=1957"}],"curies":[{"name":"wp","href":"https:\/\/api.w.org\/{rel}","templated":true}]}}