{"id":2367,"date":"2023-07-12T15:02:58","date_gmt":"2023-07-12T13:02:58","guid":{"rendered":"https:\/\/wordpress.nibis.de\/stursula\/?page_id=2367"},"modified":"2026-04-26T10:01:35","modified_gmt":"2026-04-26T08:01:35","slug":"ag-en","status":"publish","type":"page","link":"https:\/\/wordpress.nibis.de\/stursula\/ag-en\/","title":{"rendered":"AG-en"},"content":{"rendered":"<p>Mit der Einf\u00fchrung des FREIDAY-Konzeptes im Sommer 2025 bieten wir keine klassischen Arbeitsgemeinschaften an. Im FREIDAY entwickeln die Sch\u00fclerinnen und Sch\u00fcler eigene Arbeitsgemeinschaften, in denen Sie an Ihren Ideen zur Umsetzung der 17 Ziele f\u00fcr Nachhaltigkeit arbeiten.<\/p>\n<p>Im Ganztag bieten wir t\u00e4glich wechselnde AuGA (au\u00dferschulische Ganztagsangebote) an. Diese ersetzen die AGen, die fr\u00fcher \u00fcber einen langen Zeitraum angeboten wurden und zu dessen Teilnahme die Sch\u00fclerinnen und Sch\u00fcler auch \u00fcber einen langen Zeitraum verpflichtet waren.<\/p>\n","protected":false},"excerpt":{"rendered":"<p>Mit der Einf\u00fchrung des FREIDAY-Konzeptes im Sommer 2025 bieten wir keine klassischen Arbeitsgemeinschaften an. Im FREIDAY entwickeln die Sch\u00fclerinnen und Sch\u00fcler eigene Arbeitsgemeinschaften, in denen Sie an Ihren Ideen zur Umsetzung der 17 Ziele f\u00fcr Nachhaltigkeit arbeiten. Im Ganztag bieten wir t\u00e4glich wechselnde AuGA (au\u00dferschulische Ganztagsangebote) an. Diese ersetzen die AGen, die fr\u00fcher \u00fcber einen langen Zeitraum angeboten wurden und zu dessen Teilnahme die Sch\u00fclerinnen und Sch\u00fcler auch \u00fcber einen langen Zeitraum verpflichtet waren.<\/p>\n","protected":false},"author":9194205,"featured_media":0,"parent":0,"menu_order":0,"comment_status":"closed","ping_status":"closed","template":"","meta":{"footnotes":""},"class_list":["post-2367","page","type-page","status-publish","hentry"],"_links":{"self":[{"href":"https:\/\/wordpress.nibis.de\/stursula\/wp-json\/wp\/v2\/pages\/2367","targetHints":{"allow":["GET"]}}],"collection":[{"href":"https:\/\/wordpress.nibis.de\/stursula\/wp-json\/wp\/v2\/pages"}],"about":[{"href":"https:\/\/wordpress.nibis.de\/stursula\/wp-json\/wp\/v2\/types\/page"}],"author":[{"embeddable":true,"href":"https:\/\/wordpress.nibis.de\/stursula\/wp-json\/wp\/v2\/users\/9194205"}],"replies":[{"embeddable":true,"href":"https:\/\/wordpress.nibis.de\/stursula\/wp-json\/wp\/v2\/comments?post=2367"}],"version-history":[{"count":10,"href":"https:\/\/wordpress.nibis.de\/stursula\/wp-json\/wp\/v2\/pages\/2367\/revisions"}],"predecessor-version":[{"id":3306,"href":"https:\/\/wordpress.nibis.de\/stursula\/wp-json\/wp\/v2\/pages\/2367\/revisions\/3306"}],"wp:attachment":[{"href":"https:\/\/wordpress.nibis.de\/stursula\/wp-json\/wp\/v2\/media?parent=2367"}],"curies":[{"name":"wp","href":"https:\/\/api.w.org\/{rel}","templated":true}]}}