{"id":2400,"date":"2023-07-12T15:50:38","date_gmt":"2023-07-12T13:50:38","guid":{"rendered":"https:\/\/wordpress.nibis.de\/stursula\/?page_id=2400"},"modified":"2023-07-12T15:50:38","modified_gmt":"2023-07-12T13:50:38","slug":"aktionen-feste","status":"publish","type":"page","link":"https:\/\/wordpress.nibis.de\/stursula\/aktionen-feste\/","title":{"rendered":"Aktionen, Feste"},"content":{"rendered":"<p>Das Schulleben der St.-Ursula-Schule ist &#8211; nebst den Festen des Kirchenjahres &#8211; noch gepr\u00e4gt durch besondere au\u00dferschulische Veranstaltungen. Hier einige Beispiele:<\/p>\n<p><strong>Gemeinsamer Monatsbeginn<\/strong><br \/>\nEinmal im Monat (wenn m\u00f6glich zu Monatsanfang) veranstalten wir mit der Schule einen gemeinsamen Monatsanfang. Wir beginnen mit einem gemeinsamen gesprochenen oder gesungenen Gebet. Auch hier haben die Sch\u00fclerinnen und Sch\u00fcler die M\u00f6glichkeit ihr Gelerntes den anderen zu pr\u00e4sentieren. Au\u00dferdem werden wichtige Informationen f\u00fcr den Monat bekanntgegeben.<\/p>\n<p><strong>Rosenmontag<\/strong><br \/>\nAn diesem Tag gibt es in der Schule eine gro\u00dfe Feier. Der Tag beginnt f\u00fcr die Sch\u00fclerinnen und Sch\u00fcler in den Klassen. Danach ziehen wir mit der ganzen Schule mit viel Krach durch die Stadt. Anschlie\u00dfend k\u00f6nnen die Sch\u00fcler zwischen mehreren Angeboten (wie z.B. Disko, Spiele, Basteln, Schminken, etc.) w\u00e4hlen.<\/p>\n<p><strong>Schwimm- oder Sportfest<\/strong><br \/>\nEinige Wochen vor den Sommerferien veranstalten wir ein Schwimmfest oder ein Sportfest. Bei beiden Veranstaltungen steht der Spa\u00df am Spiel und an der Bewegung im Vordergrund. Die Sch\u00fcler k\u00f6nnen an vielen Stationen ihrem Bewegungsdrang nachkommen und haben dabei viel Freude.<\/p>\n<p><strong>Schulfest<\/strong><br \/>\nIn regelm\u00e4\u00dfigen Abst\u00e4nden wird an der Schule ein Schulfest veranstaltet. Dieses Fest steht immer unter einem bestimmten Motto. Zum Beispiel wurde unsere Projektwoche zum Thema \u201cMittelalter\u201d mit einem Schulfest in Form eines mittelalterlichen Marktes feierlich abgeschlossen. An diesen Festen sind viele beteiligt. Eltern, Lehrerinnen und Sch\u00fclerinnen und Sch\u00fcler arbeiten hier eng zusammen, um ein m\u00f6glichst vielf\u00e4ltiges Programm auf die Beine zu stellen. Jedes zweite Jahr findet das Schulfest in der Adventszeit statt. Das Ergebnis kann sich sehen lassen.<\/p>\n<p><strong>Fronleichnam<\/strong><br \/>\nTraditionell wird in L\u00fcneburg Fronleichnam mit einem Gottesdienst im Kurpark gemeinsam gefeiert. Anschlie\u00dfend gibt es eine Prozession durch die Stadt, die in der St. Marien Kirche ihren Abschluss findet. Um dieses Fest in ansprechender Weise mitfeiern zu k\u00f6nnen, beteiligen sich Lehrkr\u00e4fte der Schule an der Vorbereitung. Die Schulkinder werden so in dieses Fest aktiv einbezogen.<\/p>\n<p><strong>Einschulungsfeier<\/strong><br \/>\nAm ersten Samstag nach den Ferien wird die Einschulung der neuen Erstkl\u00e4ssler gefeiert. Die Feier beginnt um 10:00 Uhr in der St. Marien Kirche mit einem kurzen Gottesdienst, der von Schulkindern mitgestaltet wird. Anschlie\u00dfend werden die Kinder in der Schule von dem Kollegium begr\u00fc\u00dft. Die Drittkl\u00e4ssler und zuk\u00fcnftigen Paten sorgen f\u00fcr kleine musikalische Einlagen. Anschlie\u00dfend geht es f\u00fcr die zuk\u00fcnftigen Erstkl\u00e4ssler mit der neuen Klassenlehrerin in die erste Unterrichtsstunde.<\/p>\n<p><strong>Bastelnachmittag f\u00fcr die zuk\u00fcnftigen Erstkl\u00e4ssler<\/strong><br \/>\nDamit die neuen Erstkl\u00e4ssler die erste Scheu vor der Schule verlieren, haben sie in der Regel im Februar oder M\u00e4rz die M\u00f6glichkeit an einem Bastelnachmittag teilzunehmen. In Zusammenarbeit mit dem F\u00f6rderverein der Schule k\u00f6nnen hier die M\u00e4dchen und Jungen verschiedenen Dinge f\u00fcr den Herbst oder die Adventszeit basteln. Die Eltern stehen Kaffee und Kuchen bereit und es besteht die M\u00f6glichkeit einmal durch die Schule gef\u00fchrt zu werden.<\/p>\n<p><strong>Ursula-Tag am 21. Oktober<\/strong><br \/>\nAm 21. Oktober ist der Tag der Heiligen St. Ursula. Die Heilige Ursula ist nicht nur Namenspatronin der Schule, sondern auch der Stadt L\u00fcneburg. Diesen Tag begehen wir mit einer besonderen Feier. Abwechselnd gehen wir jedes Jahr in eine der katholischen Kirchengemeinden St. Stephanus, Christ K\u00f6nig oder St. Marien, um dort einen Gottesdienst zu feiern. In diesem Gottesdienst wird die Geschichte der heiligen St. Ursula nachgespielt und das schuleigene St.-Ursula Lied gesungen. Anschlie\u00dfend wird dieser Tag mit einer besonderen Aktion, wie z.B. einem Zauberer, Theaterst\u00fcck, Kinobesuch, einer Stadtteilrallye o.\u00e4. gefeiert.<\/p>\n<p><strong>Adventssingen<\/strong><br \/>\nIn der Adventszeit findet einmal in der Woche f\u00fcr alle Sch\u00fclerinnen und Sch\u00fcler ein Adventssingen statt. Die Lieder werden vorher ausgew\u00e4hlt und in einem kleinen Buch zusammengefasst, welches jedes Kind bekommt. Das Liedgut umfasst traditionelle Adventlieder und neueres Liedgut.<\/p>\n<p><strong>Nikolaus in Nicolai<\/strong><br \/>\nAm 5. Dezember, dem Vorabend des Nikolaustages, findet in der evangelischen Nicolaikirche \u201eNikolaus in Nicolai\u201c statt. An dieser Feier beteiligt sich die Schule schon seit vielen Jahren. Gemeinsam mit Sch\u00fclerinnen und Sch\u00fclern der benachbarten Heiligengeistschule wird ein Musical von Peter Janssens aufgef\u00fchrt. Die Feier beginnt an der Ilmenau mit der Ankunft des Heiligen Nikolaus in einem Boot. In einem Laternenzug gehen dann alle zur Nicolai Kirche, um dort das Musical zu h\u00f6ren und die nachgespielte Legende aus der Stadt Myra zu sehen.<\/p>\n<p><strong>Krippenspiel<\/strong><br \/>\nZum Abschluss des Kalenderjahres wird ein Krippenspiel aufgef\u00fchrt, das in den Wochen zuvor mit einer Gruppe von Sch\u00fclerinnen und Sch\u00fclern in einer AG einge\u00fcbt wurde. Das Krippenspiel wird bei Seniorennachmittagen, in der Schule und Heiligabend in den Gemeinden von St. Stephanus und St. Marien vorgespielt.<\/p>\n<p><strong>Klassenfahrten<\/strong><br \/>\nVor mehr als 40 Jahren starteten die ersten Viertkl\u00e4ssler unserer Schule mit ihren Lehrerinnen zur Klassenfahrt auf die Insel Wangerooge.<\/p>\n<p>Zu dieser Zeit besa\u00df der Landkreis L\u00fcneburg noch ein Landschulheim auf Wangerooge, und so erlebten viele Sch\u00fcler hier einen Aufenthalt. Als Mitte der Achtziger Jahre das Heim verkauft wurde, hatte die St.-Ursula-Schule bereits ein neues Domizil f\u00fcr ihre Klassenfahrten ins Auge gefasst.<\/p>\n<p>In direkter N\u00e4he zum L\u00fcneburger Landschulheim wurden wir Stammg\u00e4ste des \u201eInselheim Schalksm\u00fchle\u201c und sind es bis heute.<\/p>\n<p>Gut vorbereitet \u2013 vor allem durch die im Sachunterricht durchgef\u00fchrte \u201eWangerooge-Werkstatt\u201c \u2013 starten jedes Jahr die 4. Klassen unserer Schule zur Insel: Mit dem Bus geht es nach Harlesiel, weiter mit der F\u00e4hre zur Insel, dann mit der Inselbahn zur Westspitze.<\/p>\n<p>Eine Insel als Ziel zu w\u00e4hlen, ist etwas ganz Besonderes. Es ist viel mehr als ein Ortswechsel, es ist ein \u201eAbtauchen in eine andere Welt\u201c. Die Insel hat ihre eigenen Vorgaben, bedingt durch Natur und Klima. Wegen aufkommenden Sturms muss eine Wattwanderung ausfallen, der Fischkutter darf nicht auslaufen, die F\u00e4hre kann nicht starten. Eine autofreie Zone \u2026 wer kennt das schon? &#8230; der Rhythmus des Tages, der sich nach Ebbe und Flut richten muss \u2026 besondere Pflanzen, besondere Tiere. Eine Insel ist zum Entdecken vieler neuer Dinge da.<\/p>\n<p>Und so erleben wir an unseren Sch\u00fclern hier oft ganz neue Seiten. Die einen, die als \u201eJ\u00e4ger und Sammler\u201c unerm\u00fcdlich und erfolgreich auf der Suche nach Muscheln und Meeressch\u00e4tzen sind, die anderen, die fantastische Burgen bauen oder die, die ausdauernd und begeistert wandern k\u00f6nnen. Aber auch Sch\u00fcler, die sich besonders um den K\u00fcchendienst verdient machen bzw. sich davor dr\u00fccken wollen, Sch\u00fcler die ihre Hilfsbereitschaft unter Beweis stellen, ihre Selbstst\u00e4ndigkeit bzw. Unselbstst\u00e4ndigkeit \u2026 die Fr\u00fcheinschlafer, die Langschl\u00e4fer.<\/p>\n<p>In dieser Woche wachsen wir &#8211; trotz der bis dahin so lange praktizierten Gemeinschaft \u2013 besonders eng zusammen. Viele Aktivit\u00e4ten sind f\u00fcr die Kinder neu: Sp\u00fclsaumwanderung, Leuchtturmbesteigung, Wattwandern, Krabbenkutterfahrt zu den Seehundb\u00e4nken, \u2026 .<br \/>\nAuch Missgeschicke passieren hier: der vergessene Fotoapparat am Strand, den die Flut eingeholt hat, mit Meerwasser vollgelaufene Gummistiefel, abgebrochene Spaten bei zu intensivem Burgenbau, Pannen bei Fahrr\u00e4dern w\u00e4hrend der Radtour.<br \/>\nPflichten (Fegedienste, K\u00fcchendienst), gemeinsame Aktionen, aber auch \u201eAusgang in kleinen Gruppen\u201c bestimmen die Tage, viele neue Eindr\u00fccke, Erlebnisse, neue Kontakte, Durchmischen der alten Klassenverb\u00e4nde\u2026 all das kann eine Klassenfahrt bewirken.<\/p>\n<p>Und so halten wir es aus Gr\u00fcnden des Lernzuwachses, aus p\u00e4dagogischen und sozialen Gr\u00fcnden f\u00fcr unerl\u00e4sslich: Die 4. Klassen fahren weiterhin auf die Insel Wangerooge!<\/p>\n<p><a href=\"https:\/\/www.primolo.de\/node\/74683\"><img decoding=\"async\" style=\"float: left;border: none\" src=\"https:\/\/wordpress.nibis.de\/stursula\/files\/2023\/07\/primolo.png\" alt=\"Wangerooge 2015\" hspace=\"10\" height=\"80\"><\/a> Als Beispiel hier ein Reisebericht einiger Sch\u00fcler von der Fahrt 2015 (auf Bild &#8222;Primolo&#8220; klicken)<\/p>\n","protected":false},"excerpt":{"rendered":"<p>Das Schulleben der St.-Ursula-Schule ist &#8211; nebst den Festen des Kirchenjahres &#8211; noch gepr\u00e4gt durch besondere au\u00dferschulische Veranstaltungen. Hier einige Beispiele: Gemeinsamer Monatsbeginn Einmal im Monat (wenn m\u00f6glich zu Monatsanfang) veranstalten wir mit der Schule einen gemeinsamen Monatsanfang. Wir beginnen mit einem gemeinsamen gesprochenen oder gesungenen Gebet. Auch hier haben die Sch\u00fclerinnen und Sch\u00fcler die M\u00f6glichkeit ihr Gelerntes den anderen zu pr\u00e4sentieren. Au\u00dferdem werden wichtige Informationen f\u00fcr den Monat bekanntgegeben. Rosenmontag An diesem Tag gibt es in der Schule eine&#8230;<\/p>\n<p class=\"read-more\"><a class=\"btn btn-default\" href=\"https:\/\/wordpress.nibis.de\/stursula\/aktionen-feste\/\">Weiterlesen<span class=\"screen-reader-text\"> Weiterlesen<\/span><\/a><\/p>\n","protected":false},"author":9194205,"featured_media":0,"parent":0,"menu_order":0,"comment_status":"closed","ping_status":"closed","template":"","meta":{"footnotes":""},"class_list":["post-2400","page","type-page","status-publish","hentry"],"_links":{"self":[{"href":"https:\/\/wordpress.nibis.de\/stursula\/wp-json\/wp\/v2\/pages\/2400","targetHints":{"allow":["GET"]}}],"collection":[{"href":"https:\/\/wordpress.nibis.de\/stursula\/wp-json\/wp\/v2\/pages"}],"about":[{"href":"https:\/\/wordpress.nibis.de\/stursula\/wp-json\/wp\/v2\/types\/page"}],"author":[{"embeddable":true,"href":"https:\/\/wordpress.nibis.de\/stursula\/wp-json\/wp\/v2\/users\/9194205"}],"replies":[{"embeddable":true,"href":"https:\/\/wordpress.nibis.de\/stursula\/wp-json\/wp\/v2\/comments?post=2400"}],"version-history":[{"count":1,"href":"https:\/\/wordpress.nibis.de\/stursula\/wp-json\/wp\/v2\/pages\/2400\/revisions"}],"predecessor-version":[{"id":2401,"href":"https:\/\/wordpress.nibis.de\/stursula\/wp-json\/wp\/v2\/pages\/2400\/revisions\/2401"}],"wp:attachment":[{"href":"https:\/\/wordpress.nibis.de\/stursula\/wp-json\/wp\/v2\/media?parent=2400"}],"curies":[{"name":"wp","href":"https:\/\/api.w.org\/{rel}","templated":true}]}}