{"id":2403,"date":"2023-07-12T15:51:22","date_gmt":"2023-07-12T13:51:22","guid":{"rendered":"https:\/\/wordpress.nibis.de\/stursula\/?page_id=2403"},"modified":"2025-10-08T10:40:17","modified_gmt":"2025-10-08T08:40:17","slug":"aktuelles","status":"publish","type":"page","link":"https:\/\/wordpress.nibis.de\/stursula\/aktuelles\/","title":{"rendered":"Aktuelles"},"content":{"rendered":"<p>Dank der Spende von 53 B\u00fcchern anl\u00e4sslich der Einschulung sowie einiger Neuanschaffungen durch die B\u00fccherei k\u00f6nnen die Kinder sich zum neuen Schuljahr 125 neue B\u00fccher bei uns ausleihen!<\/p>\n<hr \/>\n<p><strong>\u00a0 \u00a0 \u00a0 \u00a0 \u00a0 \u00a0 \u00a0 \u00a0 \u00a0 \u00a0\u00a0<\/strong><\/p>\n","protected":false},"excerpt":{"rendered":"<p>Dank der Spende von 53 B\u00fcchern anl\u00e4sslich der Einschulung sowie einiger Neuanschaffungen durch die B\u00fccherei k\u00f6nnen die Kinder sich zum neuen Schuljahr 125 neue B\u00fccher bei uns ausleihen! \u00a0 \u00a0 \u00a0 \u00a0 \u00a0 \u00a0 \u00a0 \u00a0 \u00a0 \u00a0\u00a0<\/p>\n","protected":false},"author":9194205,"featured_media":0,"parent":0,"menu_order":0,"comment_status":"closed","ping_status":"closed","template":"","meta":{"footnotes":""},"class_list":["post-2403","page","type-page","status-publish","hentry"],"_links":{"self":[{"href":"https:\/\/wordpress.nibis.de\/stursula\/wp-json\/wp\/v2\/pages\/2403","targetHints":{"allow":["GET"]}}],"collection":[{"href":"https:\/\/wordpress.nibis.de\/stursula\/wp-json\/wp\/v2\/pages"}],"about":[{"href":"https:\/\/wordpress.nibis.de\/stursula\/wp-json\/wp\/v2\/types\/page"}],"author":[{"embeddable":true,"href":"https:\/\/wordpress.nibis.de\/stursula\/wp-json\/wp\/v2\/users\/9194205"}],"replies":[{"embeddable":true,"href":"https:\/\/wordpress.nibis.de\/stursula\/wp-json\/wp\/v2\/comments?post=2403"}],"version-history":[{"count":2,"href":"https:\/\/wordpress.nibis.de\/stursula\/wp-json\/wp\/v2\/pages\/2403\/revisions"}],"predecessor-version":[{"id":3234,"href":"https:\/\/wordpress.nibis.de\/stursula\/wp-json\/wp\/v2\/pages\/2403\/revisions\/3234"}],"wp:attachment":[{"href":"https:\/\/wordpress.nibis.de\/stursula\/wp-json\/wp\/v2\/media?parent=2403"}],"curies":[{"name":"wp","href":"https:\/\/api.w.org\/{rel}","templated":true}]}}