{"id":2408,"date":"2023-07-12T15:52:20","date_gmt":"2023-07-12T13:52:20","guid":{"rendered":"https:\/\/wordpress.nibis.de\/stursula\/?page_id=2408"},"modified":"2023-07-12T15:52:20","modified_gmt":"2023-07-12T13:52:20","slug":"benutzungsordnung","status":"publish","type":"page","link":"https:\/\/wordpress.nibis.de\/stursula\/benutzungsordnung\/","title":{"rendered":"Benutzungsordnung"},"content":{"rendered":"<p><a href=\"https:\/\/wordpress.nibis.de\/stursula\/files\/2023\/07\/books-462579_1920.jpg\"><img loading=\"lazy\" decoding=\"async\" class=\"alignleft wp-image-3641 \" title=\"Bild von Hermann Traub auf Pixabay \" src=\"https:\/\/wordpress.nibis.de\/stursula\/files\/2023\/07\/books-462579_1920.jpg\" alt=\"\" width=\"332\" height=\"251\"><\/a>Die Schulbibliothek steht Lehrer_innen, Sch\u00fcler_innen und den P\u00e4dagogischen Mitarbeiter_innen der St.-Ursula Schule sowie dem Personal des St. Marien-Hortes und des Kindergartens innerhalb der festgelegten \u00d6ffnungszeiten zur Verf\u00fcgung.<\/p>\n<p>Gegen Vorlage des B\u00fcchereiausweises k\u00f6nnen Medien f\u00fcr die festgesetzte Leihfrist ausgeliehen werden.<\/p>\n<p>Maximale Ausleihe sind drei Medien pro Sch\u00fcler_in (zwei B\u00fccher und ein H\u00f6rbuch). Es kann jedoch ein zus\u00e4tzliches Medium zum Lesen in der B\u00fccherei ausgeliehen werden.<\/p>\n<p>Die Ausleihfrist betr\u00e4gt zwei Wochen. Auf Wunsch kann die Ausleihfrist zweimal verl\u00e4ngert werden, sofern keine Reservierung vorliegt. Bei einer Reservierung kann nur noch einmal verl\u00e4ngert werden.&nbsp;In den Herbst-, Winter-, und Osterferien gibt es Sonderleihfristen.&nbsp;\u00dcber die Sommerferien werden keine B\u00fccher und Medien ausgeliehen.<\/p>\n<p>Pr\u00e4senzexemplare und die Medien, die zum Informationsbestand geh\u00f6ren und nur in der B\u00fccherei benutzt werden sollen, sind von der Ausleihe ausgeschlossen. Diese sind mit einem roten Punkt markiert.<\/p>\n<p>Die Leser_innen werden gebeten, Besch\u00e4digungen in B\u00fcchern zu melden und keine B\u00fccher selber zu reparieren.&nbsp;F\u00fcr Sch\u00e4den und Verluste an den B\u00fcchern, die w\u00e4hrend der Ausleihe entstanden sind, haftet der entsprechende Benutzer_in. Bei Verlust und Besch\u00e4digung ist das Medium grunds\u00e4tzlich zu ersetzen oder ein entsprechender Entsch\u00e4digungspreis zu zahlen.<\/p>\n<p>F\u00fcr verlorengegangene Wertgegenst\u00e4nde \u00fcbernimmt die Schulb\u00fccherei keine Haftung.<\/p>\n<p>Die \u00d6ffnungszeiten der Schulbibliothek sind von Montag bis Freitag von 7.45 Uhr bis 13.05 Uhr.<\/p>\n<p>Zu Beginn eines jeden Schuljahres werden bei Klassenf\u00fchrungen die neuen Sch\u00fcler_innen \u00fcber die Schulb\u00fccherei, ihre Best\u00e4nde und die Abl\u00e4ufe informiert.&nbsp;<\/p>\n","protected":false},"excerpt":{"rendered":"<p>Die Schulbibliothek steht Lehrer_innen, Sch\u00fcler_innen und den P\u00e4dagogischen Mitarbeiter_innen der St.-Ursula Schule sowie dem Personal des St. Marien-Hortes und des Kindergartens innerhalb der festgelegten \u00d6ffnungszeiten zur Verf\u00fcgung. Gegen Vorlage des B\u00fcchereiausweises k\u00f6nnen Medien f\u00fcr die festgesetzte Leihfrist ausgeliehen werden. Maximale Ausleihe sind drei Medien pro Sch\u00fcler_in (zwei B\u00fccher und ein H\u00f6rbuch). Es kann jedoch ein zus\u00e4tzliches Medium zum Lesen in der B\u00fccherei ausgeliehen werden. Die Ausleihfrist betr\u00e4gt zwei Wochen. Auf Wunsch kann die Ausleihfrist zweimal verl\u00e4ngert werden, sofern keine Reservierung&#8230;<\/p>\n<p class=\"read-more\"><a class=\"btn btn-default\" href=\"https:\/\/wordpress.nibis.de\/stursula\/benutzungsordnung\/\">Weiterlesen<span class=\"screen-reader-text\"> Weiterlesen<\/span><\/a><\/p>\n","protected":false},"author":9194205,"featured_media":0,"parent":0,"menu_order":0,"comment_status":"closed","ping_status":"closed","template":"","meta":{"footnotes":""},"class_list":["post-2408","page","type-page","status-publish","hentry"],"_links":{"self":[{"href":"https:\/\/wordpress.nibis.de\/stursula\/wp-json\/wp\/v2\/pages\/2408","targetHints":{"allow":["GET"]}}],"collection":[{"href":"https:\/\/wordpress.nibis.de\/stursula\/wp-json\/wp\/v2\/pages"}],"about":[{"href":"https:\/\/wordpress.nibis.de\/stursula\/wp-json\/wp\/v2\/types\/page"}],"author":[{"embeddable":true,"href":"https:\/\/wordpress.nibis.de\/stursula\/wp-json\/wp\/v2\/users\/9194205"}],"replies":[{"embeddable":true,"href":"https:\/\/wordpress.nibis.de\/stursula\/wp-json\/wp\/v2\/comments?post=2408"}],"version-history":[{"count":1,"href":"https:\/\/wordpress.nibis.de\/stursula\/wp-json\/wp\/v2\/pages\/2408\/revisions"}],"predecessor-version":[{"id":2411,"href":"https:\/\/wordpress.nibis.de\/stursula\/wp-json\/wp\/v2\/pages\/2408\/revisions\/2411"}],"wp:attachment":[{"href":"https:\/\/wordpress.nibis.de\/stursula\/wp-json\/wp\/v2\/media?parent=2408"}],"curies":[{"name":"wp","href":"https:\/\/api.w.org\/{rel}","templated":true}]}}