{"id":2412,"date":"2023-07-12T15:52:39","date_gmt":"2023-07-12T13:52:39","guid":{"rendered":"https:\/\/wordpress.nibis.de\/stursula\/?page_id=2412"},"modified":"2024-05-28T09:25:42","modified_gmt":"2024-05-28T07:25:42","slug":"beratung","status":"publish","type":"page","link":"https:\/\/wordpress.nibis.de\/stursula\/beratung\/","title":{"rendered":"Beratung"},"content":{"rendered":"<p><strong>Beratung von Kindern, Eltern und Lehrern<\/strong><\/p>\n<p><a href=\"https:\/\/wordpress.nibis.de\/stursula\/files\/2023\/07\/flyer-beratung.pdf\"><img decoding=\"async\" class=\"size-full wp-image-1162 alignnone\" src=\"https:\/\/wordpress.nibis.de\/stursula\/files\/2023\/07\/beratung-bild2.png\" alt=\"beratung-bild2\" height=\"160\" \/><\/a><\/p>\n<p>In erster Linie sind die jeweiligen Klassen- und Fachlehrer die Gespr\u00e4chspartner und Berater bei auftretenden Problemen und Fragen.<br \/>\nDie Schulsozialarbeiterin erg\u00e4nzt dieses Angebot.<\/p>\n<p>Unsere <strong>Schulsozialarbeiterin<\/strong> hei\u00dft Cathleen Sch\u00e4fer.<\/p>\n<p>Ihre Sprechzeiten sind<br \/>\nam Dienstag von 9:00 Uhr bis 12:00 Uhr und<br \/>\nam Freitag von 9:00 Uhr bis 12:00 Uhr.<\/p>\n<p>Gerne k\u00f6nnen sie Frau Sch\u00e4fer anrufen oder ihr eine Mail schreiben, um ihr Anliegen anzusprechen und ggf. einen Termin zu vereinbaren.<\/p>\n<p>Tel: 0176 30039304<\/p>\n<p>Mail: &#x73;&#x63;&#x68;&#97;&#101;fe&#x72;&#x40;&#x61;&#x6c;&#98;&#97;tr&#x6f;&#x73;&#x2d;&#108;&#117;&#101;ne&#x62;&#x75;&#x72;&#103;&#46;de<\/p>\n","protected":false},"excerpt":{"rendered":"<p>Beratung von Kindern, Eltern und Lehrern In erster Linie sind die jeweiligen Klassen- und Fachlehrer die Gespr\u00e4chspartner und Berater bei auftretenden Problemen und Fragen. Die Schulsozialarbeiterin erg\u00e4nzt dieses Angebot. Unsere Schulsozialarbeiterin hei\u00dft Cathleen Sch\u00e4fer. Ihre Sprechzeiten sind am Dienstag von 9:00 Uhr bis 12:00 Uhr und am Freitag von 9:00 Uhr bis 12:00 Uhr. Gerne k\u00f6nnen sie Frau Sch\u00e4fer anrufen oder ihr eine Mail schreiben, um ihr Anliegen anzusprechen und ggf. einen Termin zu vereinbaren. Tel: 0176 30039304 Mail: s&#99;&#104;&#x61;&#x65;&#x66;er&#64;&#97;&#x6c;&#x62;&#x61;t&#114;&#111;&#115;&#x2d;&#x6c;&#x75;e&#110;&#101;&#x62;&#x75;&#x72;g&#46;&#100;&#101;<\/p>\n","protected":false},"author":9194205,"featured_media":0,"parent":0,"menu_order":0,"comment_status":"closed","ping_status":"closed","template":"","meta":{"footnotes":""},"class_list":["post-2412","page","type-page","status-publish","hentry"],"_links":{"self":[{"href":"https:\/\/wordpress.nibis.de\/stursula\/wp-json\/wp\/v2\/pages\/2412","targetHints":{"allow":["GET"]}}],"collection":[{"href":"https:\/\/wordpress.nibis.de\/stursula\/wp-json\/wp\/v2\/pages"}],"about":[{"href":"https:\/\/wordpress.nibis.de\/stursula\/wp-json\/wp\/v2\/types\/page"}],"author":[{"embeddable":true,"href":"https:\/\/wordpress.nibis.de\/stursula\/wp-json\/wp\/v2\/users\/9194205"}],"replies":[{"embeddable":true,"href":"https:\/\/wordpress.nibis.de\/stursula\/wp-json\/wp\/v2\/comments?post=2412"}],"version-history":[{"count":2,"href":"https:\/\/wordpress.nibis.de\/stursula\/wp-json\/wp\/v2\/pages\/2412\/revisions"}],"predecessor-version":[{"id":3026,"href":"https:\/\/wordpress.nibis.de\/stursula\/wp-json\/wp\/v2\/pages\/2412\/revisions\/3026"}],"wp:attachment":[{"href":"https:\/\/wordpress.nibis.de\/stursula\/wp-json\/wp\/v2\/media?parent=2412"}],"curies":[{"name":"wp","href":"https:\/\/api.w.org\/{rel}","templated":true}]}}