{"id":2414,"date":"2023-07-12T15:53:03","date_gmt":"2023-07-12T13:53:03","guid":{"rendered":"https:\/\/wordpress.nibis.de\/stursula\/?page_id=2414"},"modified":"2023-07-12T15:53:03","modified_gmt":"2023-07-12T13:53:03","slug":"book-buddy-3","status":"publish","type":"page","link":"https:\/\/wordpress.nibis.de\/stursula\/book-buddy-3\/","title":{"rendered":"Book Buddy"},"content":{"rendered":"<p><strong>B\u00fccherkumpel f\u00fcr Kinder <\/strong><\/p>\n<p>Das Projekt \u201eBook Buddy\u201c ist eine aus Kanada stammende Idee mit dem Ziel, durch Vorlesepatenschaften zwischen Grundschulkindern und Kindergartenkindern schon vor dem Schuleintritt Begeisterung f\u00fcr das Lesen zu wecken und zu f\u00f6rdern.<\/p>\n<p>An der St.-Ursula-Schule findet das Projekt seit 2007 in Kooperation mit&nbsp; der Kindertagesst\u00e4tte St. Marien statt. Teilnehmende bei Book Buddy sind in jedem Schuljahr jeweils zehn Drittkl\u00e4ssler_innen pro Klasse, die f\u00fcr ein Halbjahr zu B\u00fccherkumpeln f\u00fcr die Kinder werden, die im darauffolgenden Jahr zur Schule kommen.<\/p>\n<p>Jeden Mittwochmorgen wird das Projekt von einem festen Team der B\u00fccherei durchgef\u00fchrt. Die Sch\u00fcler_innen lesen jeweils im Zweierteam einer Kleingruppe von Kindergartenkindern vor. Im Anschluss an das Lesen wird gemeinsam zu dem Buch gemalt. Jedes Halbjahr wird das Projekt mit einem gemeinsamen Fest beendet.<\/p>\n<p>Unser Projekt ist ein freiwilliges Zusatzangebot das Lesef\u00f6rderung, Lesemotivation, St\u00e4rkung des Selbstvertrauens, Schulung der Aussprache und eigenst\u00e4ndiges Arbeiten umfasst. Die R\u00fcckmeldungen zeigen, dass die Teilnahme bei Book Buddy nicht nur viel Freude bereitet, sondern bei vielen Sch\u00fcler_innen eine neue Lesebegeisterung ausl\u00f6st.<\/p>\n<p><strong>10 Jahre Book Buddy am 07. Juni 2017<\/strong><\/p>\n<p style=\"text-align: justify\">Nach jedem Halbjahr findet im kleinen Rahmen eine Abschiedsfeier f\u00fcr die aktuellen Book <img loading=\"lazy\" decoding=\"async\" class=\"alignright\" src=\"https:\/\/wordpress.nibis.de\/stursula\/files\/2023\/07\/01.jpg\" width=\"208\" height=\"138\">Buddy Leser_innen statt, bei der ein Bilderbuchkino gezeigt wird. 2017 jedoch gab es am 07. Juni eine gro\u00dfe Geburtstagsfeier, denn es galt das 10-j\u00e4hrige Bestehen unseres B\u00fccherei-Projektes zu feiern.<\/p>\n<p>&nbsp;<\/p>\n","protected":false},"excerpt":{"rendered":"<p>B\u00fccherkumpel f\u00fcr Kinder Das Projekt \u201eBook Buddy\u201c ist eine aus Kanada stammende Idee mit dem Ziel, durch Vorlesepatenschaften zwischen Grundschulkindern und Kindergartenkindern schon vor dem Schuleintritt Begeisterung f\u00fcr das Lesen zu wecken und zu f\u00f6rdern. An der St.-Ursula-Schule findet das Projekt seit 2007 in Kooperation mit&nbsp; der Kindertagesst\u00e4tte St. Marien statt. Teilnehmende bei Book Buddy sind in jedem Schuljahr jeweils zehn Drittkl\u00e4ssler_innen pro Klasse, die f\u00fcr ein Halbjahr zu B\u00fccherkumpeln f\u00fcr die Kinder werden, die im darauffolgenden Jahr zur Schule&#8230;<\/p>\n<p class=\"read-more\"><a class=\"btn btn-default\" href=\"https:\/\/wordpress.nibis.de\/stursula\/book-buddy-3\/\">Weiterlesen<span class=\"screen-reader-text\"> Weiterlesen<\/span><\/a><\/p>\n","protected":false},"author":9194205,"featured_media":0,"parent":0,"menu_order":0,"comment_status":"closed","ping_status":"closed","template":"","meta":{"footnotes":""},"class_list":["post-2414","page","type-page","status-publish","hentry"],"_links":{"self":[{"href":"https:\/\/wordpress.nibis.de\/stursula\/wp-json\/wp\/v2\/pages\/2414","targetHints":{"allow":["GET"]}}],"collection":[{"href":"https:\/\/wordpress.nibis.de\/stursula\/wp-json\/wp\/v2\/pages"}],"about":[{"href":"https:\/\/wordpress.nibis.de\/stursula\/wp-json\/wp\/v2\/types\/page"}],"author":[{"embeddable":true,"href":"https:\/\/wordpress.nibis.de\/stursula\/wp-json\/wp\/v2\/users\/9194205"}],"replies":[{"embeddable":true,"href":"https:\/\/wordpress.nibis.de\/stursula\/wp-json\/wp\/v2\/comments?post=2414"}],"version-history":[{"count":1,"href":"https:\/\/wordpress.nibis.de\/stursula\/wp-json\/wp\/v2\/pages\/2414\/revisions"}],"predecessor-version":[{"id":2415,"href":"https:\/\/wordpress.nibis.de\/stursula\/wp-json\/wp\/v2\/pages\/2414\/revisions\/2415"}],"wp:attachment":[{"href":"https:\/\/wordpress.nibis.de\/stursula\/wp-json\/wp\/v2\/media?parent=2414"}],"curies":[{"name":"wp","href":"https:\/\/api.w.org\/{rel}","templated":true}]}}