{"id":2421,"date":"2023-07-12T15:54:20","date_gmt":"2023-07-12T13:54:20","guid":{"rendered":"https:\/\/wordpress.nibis.de\/stursula\/?page_id=2421"},"modified":"2025-10-08T10:36:47","modified_gmt":"2025-10-08T08:36:47","slug":"ehrenamtliche","status":"publish","type":"page","link":"https:\/\/wordpress.nibis.de\/stursula\/ehrenamtliche\/","title":{"rendered":"Ehrenamtliche"},"content":{"rendered":"<div><strong>Ehrenamtliche Helfer (P\u00e4dagogische Unterst\u00fctzung und Mentorleser)<\/strong><\/div>\n<ul style=\"list-style-type: none\">\n<li>Frau Germeshausen<\/li>\n<li>Frau Schmidt-Jorzig<\/li>\n<\/ul>\n<div><strong>Ehrenamtliche Helfer (Bibliothek)<\/strong><\/div>\n<ul style=\"list-style-type: none\">\n<li>Frau Jozic<\/li>\n<li>Frau Frerichs<\/li>\n<li>Frau Hargus<\/li>\n<li>Frau Br\u00fcggemann<\/li>\n<li>Herr Bayraktar<\/li>\n<li>Frau Winterberg<\/li>\n<li>Frau Windm\u00fcller (Bufdi)<\/li>\n<li><\/li>\n<\/ul>\n<ul style=\"list-style-type: none\">\n<li><\/li>\n<li><\/li>\n<\/ul>\n<p>Da die Gruppe der ehrenamtlichen Helferinnen und Helfer sich laufend ver\u00e4ndert, ist m\u00f6glicherweise nicht jeder hier genannt. Wer seinen Namen hier vermisst, m\u00f6ge bitte eine kurze <a href=\"ma&#105;&#108;&#116;&#111;&#x3a;&#x69;&#x6e;&#x66;&#x6f;&#64;s&#116;&#45;&#117;&#114;&#x73;&#x75;&#x6c;&#x61;&#x2d;sc&#104;&#117;&#108;&#101;&#x2e;&#x6c;&#x75;&#x65;&#x6e;ebu&#114;&#103;&#46;&#x64;&#x65;\">Mitteilung<\/a> an das Sekretariat senden.<\/p>\n","protected":false},"excerpt":{"rendered":"<p>Ehrenamtliche Helfer (P\u00e4dagogische Unterst\u00fctzung und Mentorleser) Frau Germeshausen Frau Schmidt-Jorzig Ehrenamtliche Helfer (Bibliothek) Frau Jozic Frau Frerichs Frau Hargus Frau Br\u00fcggemann Herr Bayraktar Frau Winterberg Frau Windm\u00fcller (Bufdi) Da die Gruppe der ehrenamtlichen Helferinnen und Helfer sich laufend ver\u00e4ndert, ist m\u00f6glicherweise nicht jeder hier genannt. Wer seinen Namen hier vermisst, m\u00f6ge bitte eine kurze Mitteilung an das Sekretariat senden.<\/p>\n","protected":false},"author":9194205,"featured_media":0,"parent":0,"menu_order":0,"comment_status":"closed","ping_status":"closed","template":"","meta":{"footnotes":""},"class_list":["post-2421","page","type-page","status-publish","hentry"],"_links":{"self":[{"href":"https:\/\/wordpress.nibis.de\/stursula\/wp-json\/wp\/v2\/pages\/2421","targetHints":{"allow":["GET"]}}],"collection":[{"href":"https:\/\/wordpress.nibis.de\/stursula\/wp-json\/wp\/v2\/pages"}],"about":[{"href":"https:\/\/wordpress.nibis.de\/stursula\/wp-json\/wp\/v2\/types\/page"}],"author":[{"embeddable":true,"href":"https:\/\/wordpress.nibis.de\/stursula\/wp-json\/wp\/v2\/users\/9194205"}],"replies":[{"embeddable":true,"href":"https:\/\/wordpress.nibis.de\/stursula\/wp-json\/wp\/v2\/comments?post=2421"}],"version-history":[{"count":3,"href":"https:\/\/wordpress.nibis.de\/stursula\/wp-json\/wp\/v2\/pages\/2421\/revisions"}],"predecessor-version":[{"id":3232,"href":"https:\/\/wordpress.nibis.de\/stursula\/wp-json\/wp\/v2\/pages\/2421\/revisions\/3232"}],"wp:attachment":[{"href":"https:\/\/wordpress.nibis.de\/stursula\/wp-json\/wp\/v2\/media?parent=2421"}],"curies":[{"name":"wp","href":"https:\/\/api.w.org\/{rel}","templated":true}]}}