{"id":2425,"date":"2023-07-12T15:54:57","date_gmt":"2023-07-12T13:54:57","guid":{"rendered":"https:\/\/wordpress.nibis.de\/stursula\/?page_id=2425"},"modified":"2025-05-14T14:00:32","modified_gmt":"2025-05-14T12:00:32","slug":"formulare","status":"publish","type":"page","link":"https:\/\/wordpress.nibis.de\/stursula\/formulare\/","title":{"rendered":"Formulare"},"content":{"rendered":"<p style=\"margin-bottom: 0px\"><strong><a href=\"https:\/\/service.hansestadt-lueneburg.de\/einschulung-gs-sus-2026\">Schulanmeldebogen<\/a><\/strong><\/p>\n<p>\u00a0<\/p>\n<p><a href=\"https:\/\/wordpress.nibis.de\/stursula\/files\/2023\/07\/Anmeldung-nicht-kath.-Kinder.pdf\">Personalbogen f\u00fcr das Losverfahren<\/a><\/p>\n<p><a href=\"https:\/\/wordpress.nibis.de\/stursula\/files\/2023\/07\/Infoblatt-Datenschutz.pdf\">Infoblatt Datenschutz<\/a><\/p>\n<p><a href=\"https:\/\/wordpress.nibis.de\/stursula\/files\/2023\/07\/entschuldigung.pdf\">Entschuldigung<\/a><\/p>\n<p><a href=\"https:\/\/wordpress.nibis.de\/stursula\/files\/2023\/07\/beurlaubung.pdf\">Beurlaubung<\/a><\/p>\n<p style=\"margin-bottom: 0px\"><a href=\"https:\/\/wordpress.nibis.de\/stursula\/files\/2024\/12\/Anmeldung-OGS-geschuetzt-Dez-24.docx\">Anmeldung Offene Ganztagsschule\u00a0(OGS)\u00a0und\u00a0Verl\u00e4ssliche\u00a0Grundschule\u00a0(VGS)<\/a><\/p>\n<p style=\"line-height: 1.2em;font-size: 10pt;font-style: italic;margin-top: 0px;padding-left: 10px;color: #009933\"><span style=\"color: #ff0000\">Das Formular wird dereit neu bearbeitet.<\/span> Sie k\u00f6nnen das Formular auf Ihrem PC ausf\u00fcllen und per Mail an die Schule schicken.(info (at) st-ursula-schule.lueneburg.de). Sie k\u00f6nnen es aber auch ausdrucken und in der Schule abgeben.<\/p>\n<p><a href=\"https:\/\/wordpress.nibis.de\/stursula\/files\/2024\/12\/2024_25_Informationen-zur-OGS_.pdf\">Informationen zur Offenen Ganztagsschule (OGS)\u00a0und Verl\u00e4sslichen Grundschule (VGS)<\/a><\/p>\n<p><a href=\"https:\/\/youtu.be\/Qcn2vMNNVqY\">Hort Anmeldung<\/a><\/p>\n<p><a href=\"https:\/\/wordpress.nibis.de\/stursula\/files\/2023\/07\/Kompass.pdf\">Kompass<\/a><\/p>\n\n\n<p><\/p>\n","protected":false},"excerpt":{"rendered":"<p>Schulanmeldebogen \u00a0 Personalbogen f\u00fcr das Losverfahren Infoblatt Datenschutz Entschuldigung Beurlaubung Anmeldung Offene Ganztagsschule\u00a0(OGS)\u00a0und\u00a0Verl\u00e4ssliche\u00a0Grundschule\u00a0(VGS) Das Formular wird dereit neu bearbeitet. Sie k\u00f6nnen das Formular auf Ihrem PC ausf\u00fcllen und per Mail an die Schule schicken.(info (at) st-ursula-schule.lueneburg.de). Sie k\u00f6nnen es aber auch ausdrucken und in der Schule abgeben. Informationen zur Offenen Ganztagsschule (OGS)\u00a0und Verl\u00e4sslichen Grundschule (VGS) Hort Anmeldung Kompass<\/p>\n","protected":false},"author":9194205,"featured_media":0,"parent":0,"menu_order":0,"comment_status":"closed","ping_status":"closed","template":"","meta":{"footnotes":""},"class_list":["post-2425","page","type-page","status-publish","hentry"],"_links":{"self":[{"href":"https:\/\/wordpress.nibis.de\/stursula\/wp-json\/wp\/v2\/pages\/2425","targetHints":{"allow":["GET"]}}],"collection":[{"href":"https:\/\/wordpress.nibis.de\/stursula\/wp-json\/wp\/v2\/pages"}],"about":[{"href":"https:\/\/wordpress.nibis.de\/stursula\/wp-json\/wp\/v2\/types\/page"}],"author":[{"embeddable":true,"href":"https:\/\/wordpress.nibis.de\/stursula\/wp-json\/wp\/v2\/users\/9194205"}],"replies":[{"embeddable":true,"href":"https:\/\/wordpress.nibis.de\/stursula\/wp-json\/wp\/v2\/comments?post=2425"}],"version-history":[{"count":17,"href":"https:\/\/wordpress.nibis.de\/stursula\/wp-json\/wp\/v2\/pages\/2425\/revisions"}],"predecessor-version":[{"id":3180,"href":"https:\/\/wordpress.nibis.de\/stursula\/wp-json\/wp\/v2\/pages\/2425\/revisions\/3180"}],"wp:attachment":[{"href":"https:\/\/wordpress.nibis.de\/stursula\/wp-json\/wp\/v2\/media?parent=2425"}],"curies":[{"name":"wp","href":"https:\/\/api.w.org\/{rel}","templated":true}]}}