{"id":2437,"date":"2023-07-12T15:56:48","date_gmt":"2023-07-12T13:56:48","guid":{"rendered":"https:\/\/wordpress.nibis.de\/stursula\/?page_id=2437"},"modified":"2023-07-12T15:56:48","modified_gmt":"2023-07-12T13:56:48","slug":"hort","status":"publish","type":"page","link":"https:\/\/wordpress.nibis.de\/stursula\/hort\/","title":{"rendered":"Hort"},"content":{"rendered":"<h6><strong>Hort St. Marien<\/strong><\/h6>\n<p>St.-Ursula-Weg 5<br \/>\nTelefon: 04131\/4 64 28<br \/>\n21335 L\u00fcneburg<br \/>\n<strong>Leitung: Monika Carpentiero<\/strong><\/p>\n<p>Der Hort befindet sich in kirchlicher Tr\u00e4gerschaft.<br \/>\nDas Hortgeb\u00e4ude und die Schule befinden sich auf demselben Grundst\u00fcck und teilen sich den Schulhof.<\/p>\n<p>Unser Hort ist eine sozialp\u00e4dagogische Tageseinrichtung f\u00fcr Kinder verschiedener Konfessionen und<br \/>\nNationalit\u00e4ten im Alter von 6-10 Jahren. Tr\u00e4ger ist die kath. Kirchengemeinde St. Marien.<\/p>\n<p>Zu unserer Einrichtung geh\u00f6ren 2 Gruppen. Pro Gruppe werden 19 und 20 Kinder von drei Fachkr\u00e4ften kompetent betreut.<\/p>\n<p><strong>\u00d6ffnungszeiten <\/strong><br \/>\nW\u00e4hrend der Schulzeit und in den Ferien haben wir von 8.00-17.00 Uhr ge\u00f6ffnet.<br \/>\n<strong>Schauen Sie doch mal rein!<\/strong><\/p>\n<p><strong>Anmeldung und Aufnahme neuer Hortkinder <\/strong><br \/>\nSie k\u00f6nnen Ihr Kind Mo.-Do. von 8:00 \u201311:00 Uhr im Hort im St.-Ursula-Weg anmelden. Einen Nachmittagstermin vereinbaren Sie bitte telefonisch.<br \/>\nDie Vergabe der Pl\u00e4tze nimmt der Kindergarten- und Hortausschuss vor.<br \/>\nWenn sie einen Hortplatz erhalten haben, informieren wir Sie umgehend. Vor der Einschulung werden Sie mit ihrem Kind zu einem Kennenlernnachmittag in den Hort eingeladen.<\/p>\n<p><strong>Was wir den Kindern bieten <\/strong><\/p>\n<ul>\n<li>M\u00f6glichkeit mit Kindern zu spielen, zu toben, sich zu streiten und zu vers\u00f6hnen, Konflikte auszutragen&#8230;)<\/li>\n<li>Interessensgruppen aus verschiedenen Bereichen (Schwimmen, Backen, Kochen, Waldtage&#8230;)<\/li>\n<li>M\u00f6glichkeiten des R\u00fcckzugs, der Ruhe und Entspannung<\/li>\n<li>Angebote und Interessensgruppen die sich an den Bed\u00fcrfnissen und W\u00fcnschen der Kinder orientieren<\/li>\n<li>Betreuung der Hausaufgaben<\/li>\n<li>Ein leckeres, gemeinsames Mittagessen (ab 1. August 2006: 50,- Euro)<\/li>\n<li>Anregungen den christlichen Glauben miteinander zu leben und sich mit Glaubens- und Sinnfragen auseinander zusetzen<\/li>\n<li>Attraktive Ferienangebote<\/li>\n<\/ul>\n<p>Ausf\u00fchrliche Informationen entnehmen sie bitte unserer Konzeption.<\/p>\n<p><strong>Kosten<\/strong><br \/>\nDie H\u00f6he der zu zahlenden Betreuungskosten richtet sich nach der H\u00f6he des Bruttojahreseinkommens der\/des Erziehungsberechtigten. Bei Geschwisterkindern gew\u00e4hren wir 30% Erm\u00e4\u00dfigung. Zus\u00e4tzlich zu den Betreuungskosten sind noch 46,02 Euro f\u00fcr die Mittagsverpflegung zu zahlen.<\/p>\n","protected":false},"excerpt":{"rendered":"<p>Hort St. Marien St.-Ursula-Weg 5 Telefon: 04131\/4 64 28 21335 L\u00fcneburg Leitung: Monika Carpentiero Der Hort befindet sich in kirchlicher Tr\u00e4gerschaft. Das Hortgeb\u00e4ude und die Schule befinden sich auf demselben Grundst\u00fcck und teilen sich den Schulhof. Unser Hort ist eine sozialp\u00e4dagogische Tageseinrichtung f\u00fcr Kinder verschiedener Konfessionen und Nationalit\u00e4ten im Alter von 6-10 Jahren. Tr\u00e4ger ist die kath. Kirchengemeinde St. Marien. Zu unserer Einrichtung geh\u00f6ren 2 Gruppen. Pro Gruppe werden 19 und 20 Kinder von drei Fachkr\u00e4ften kompetent betreut. \u00d6ffnungszeiten W\u00e4hrend&#8230;<\/p>\n<p class=\"read-more\"><a class=\"btn btn-default\" href=\"https:\/\/wordpress.nibis.de\/stursula\/hort\/\">Weiterlesen<span class=\"screen-reader-text\"> Weiterlesen<\/span><\/a><\/p>\n","protected":false},"author":9194205,"featured_media":0,"parent":0,"menu_order":0,"comment_status":"closed","ping_status":"closed","template":"","meta":{"footnotes":""},"class_list":["post-2437","page","type-page","status-publish","hentry"],"_links":{"self":[{"href":"https:\/\/wordpress.nibis.de\/stursula\/wp-json\/wp\/v2\/pages\/2437","targetHints":{"allow":["GET"]}}],"collection":[{"href":"https:\/\/wordpress.nibis.de\/stursula\/wp-json\/wp\/v2\/pages"}],"about":[{"href":"https:\/\/wordpress.nibis.de\/stursula\/wp-json\/wp\/v2\/types\/page"}],"author":[{"embeddable":true,"href":"https:\/\/wordpress.nibis.de\/stursula\/wp-json\/wp\/v2\/users\/9194205"}],"replies":[{"embeddable":true,"href":"https:\/\/wordpress.nibis.de\/stursula\/wp-json\/wp\/v2\/comments?post=2437"}],"version-history":[{"count":1,"href":"https:\/\/wordpress.nibis.de\/stursula\/wp-json\/wp\/v2\/pages\/2437\/revisions"}],"predecessor-version":[{"id":2438,"href":"https:\/\/wordpress.nibis.de\/stursula\/wp-json\/wp\/v2\/pages\/2437\/revisions\/2438"}],"wp:attachment":[{"href":"https:\/\/wordpress.nibis.de\/stursula\/wp-json\/wp\/v2\/media?parent=2437"}],"curies":[{"name":"wp","href":"https:\/\/api.w.org\/{rel}","templated":true}]}}