{"id":2439,"date":"2023-07-12T15:57:15","date_gmt":"2023-07-12T13:57:15","guid":{"rendered":"https:\/\/wordpress.nibis.de\/stursula\/?page_id=2439"},"modified":"2023-07-12T15:57:15","modified_gmt":"2023-07-12T13:57:15","slug":"impressum","status":"publish","type":"page","link":"https:\/\/wordpress.nibis.de\/stursula\/impressum\/","title":{"rendered":"Impressum"},"content":{"rendered":"<p>Impressum<\/p>\n<p>Verantwortlich im Sinn des Presserechts und des \u00a7 6 des Mediendienste-Staatsvertrags:<br \/>\nPatrick Schn\u00fcttgen, Schulleiter der St.-Ursula-Schule.<\/p>\n<p>Anschrift der Schule:<\/p>\n<p>St.-Ursula-Schule<br \/>\nSt.-Ursula-Weg 5<br \/>\n21335 L\u00fcneburg<br \/>\nTelefon: 0 41 31 &#8211; 309 79 30<br \/>\nTelefax: 0 41 31 &#8211; 309 79 44<br \/>\ne-mail: &#105;&#x6e;&#102;&#x6f;&#64;&#x73;&#116;&#x2d;&#117;&#x72;&#115;&#x75;&#108;&#x61;&#45;&#x73;&#99;&#x68;&#117;&#x6c;&#101;&#x2e;&#108;&#x75;&#101;&#x6e;e&#x62;u&#x72;g&#x2e;d&#x65;<\/p>\n<p>Mit Urteil vom 12. Mai 1998 hat das Landgericht Hamburg entschieden, dass man durch die Ausbringung eines Links die Inhalte der gelinkten Seiten ggf. mit zu verantworten hat.<\/p>\n<p>Haftungshinweis:<\/p>\n<p>Trotz sorgf\u00e4ltiger inhaltlicher Kontrolle \u00fcbernehmen wir dar\u00fcberhinaus keine Haftung f\u00fcr die Inhalte externer Links. F\u00fcr den Inhalt der verlinkten Seiten sind ausschlie\u00dflich deren Betreiber verantwortlich.<\/p>\n<p>Wichtig:<\/p>\n<p>Zur Wahrung der Pers\u00f6nlichkeitsrechte am eigenen Bild, wird jede Person, die einer Einstellung ihres Fotos auf dieser und\/oder den angeschlossenen Seiten widerspricht, um Nachricht gebeten. Dieses Bild wird dann umgehend entfernt.<\/p>\n","protected":false},"excerpt":{"rendered":"<p>Impressum Verantwortlich im Sinn des Presserechts und des \u00a7 6 des Mediendienste-Staatsvertrags: Patrick Schn\u00fcttgen, Schulleiter der St.-Ursula-Schule. Anschrift der Schule: St.-Ursula-Schule St.-Ursula-Weg 5 21335 L\u00fcneburg Telefon: 0 41 31 &#8211; 309 79 30 Telefax: 0 41 31 &#8211; 309 79 44 e-mail: in&#102;&#111;&#64;&#x73;&#x74;&#x2d;&#x75;&#x72;su&#108;&#97;&#45;&#x73;&#x63;&#x68;&#x75;&#x6c;e&#46;&#108;&#117;&#101;&#x6e;&#x65;&#x62;&#x75;&#x72;g&#46;&#100;&#101; Mit Urteil vom 12. Mai 1998 hat das Landgericht Hamburg entschieden, dass man durch die Ausbringung eines Links die Inhalte der gelinkten Seiten ggf. mit zu verantworten hat. Haftungshinweis: Trotz sorgf\u00e4ltiger inhaltlicher Kontrolle \u00fcbernehmen wir dar\u00fcberhinaus keine&#8230;<\/p>\n<p class=\"read-more\"><a class=\"btn btn-default\" href=\"https:\/\/wordpress.nibis.de\/stursula\/impressum\/\">Weiterlesen<span class=\"screen-reader-text\"> Weiterlesen<\/span><\/a><\/p>\n","protected":false},"author":9194205,"featured_media":0,"parent":0,"menu_order":0,"comment_status":"closed","ping_status":"closed","template":"","meta":{"footnotes":""},"class_list":["post-2439","page","type-page","status-publish","hentry"],"_links":{"self":[{"href":"https:\/\/wordpress.nibis.de\/stursula\/wp-json\/wp\/v2\/pages\/2439","targetHints":{"allow":["GET"]}}],"collection":[{"href":"https:\/\/wordpress.nibis.de\/stursula\/wp-json\/wp\/v2\/pages"}],"about":[{"href":"https:\/\/wordpress.nibis.de\/stursula\/wp-json\/wp\/v2\/types\/page"}],"author":[{"embeddable":true,"href":"https:\/\/wordpress.nibis.de\/stursula\/wp-json\/wp\/v2\/users\/9194205"}],"replies":[{"embeddable":true,"href":"https:\/\/wordpress.nibis.de\/stursula\/wp-json\/wp\/v2\/comments?post=2439"}],"version-history":[{"count":1,"href":"https:\/\/wordpress.nibis.de\/stursula\/wp-json\/wp\/v2\/pages\/2439\/revisions"}],"predecessor-version":[{"id":2442,"href":"https:\/\/wordpress.nibis.de\/stursula\/wp-json\/wp\/v2\/pages\/2439\/revisions\/2442"}],"wp:attachment":[{"href":"https:\/\/wordpress.nibis.de\/stursula\/wp-json\/wp\/v2\/media?parent=2439"}],"curies":[{"name":"wp","href":"https:\/\/api.w.org\/{rel}","templated":true}]}}