{"id":2443,"date":"2023-07-12T15:57:31","date_gmt":"2023-07-12T13:57:31","guid":{"rendered":"https:\/\/wordpress.nibis.de\/stursula\/?page_id=2443"},"modified":"2023-07-12T15:57:31","modified_gmt":"2023-07-12T13:57:31","slug":"kindergarten","status":"publish","type":"page","link":"https:\/\/wordpress.nibis.de\/stursula\/kindergarten\/","title":{"rendered":"Kindergarten"},"content":{"rendered":"<p><strong>Kath. Kindertagesst\u00e4tte St. Marien<\/strong><br \/>\nwww.kita-stmarien-lueneburg.de<\/p>\n<p><img decoding=\"async\" style=\"float: right;border: none\" src=\"https:\/\/wordpress.nibis.de\/stursula\/files\/2023\/07\/kindergarten-st-marien.png\" hspace=\"10\" height=\"260\"><br \/>\nJohannisstr. 36a<br \/>\n21335 L\u00fcneburg<br \/>\nTel. 04131 &#8211; 4 79 02<br \/>\nLeitung: Christine Hiller<\/p>\n<p>152 Pl\u00e4tze f\u00fcr 1-6-j\u00e4hrige Kinder<br \/>\nFr\u00fchdienst, 7.00 &#8211; 8.00 Uhr<br \/>\nvormittags, 8.00 &#8211; 13.00 Uhr<br \/>\n2\/3 mit Essen, 8.00 &#8211; 14.00 Uhr<br \/>\nganztags mit Essen, 8.00 &#8211; 16.00 Uhr<br \/>\nnachmittags, 13.15 &#8211; 17.15 Uhr<br \/>\nSp\u00e4tdienst, 16.00 &#8211; 17.00 Uhr<\/p>\n<p>Weitere Angebote<br \/>\n\u00b7 Musikschule f\u00fcr angemeldete Kinder<br \/>\n\u00b7 Fr\u00fchenglisch f\u00fcr Vorschulkinder<\/p>\n<p>Anmeldungen<br \/>\nt\u00e4glich von 9.00 &#8211; 12.00 Uhr<\/p>\n","protected":false},"excerpt":{"rendered":"<p>Kath. Kindertagesst\u00e4tte St. Marien www.kita-stmarien-lueneburg.de Johannisstr. 36a 21335 L\u00fcneburg Tel. 04131 &#8211; 4 79 02 Leitung: Christine Hiller 152 Pl\u00e4tze f\u00fcr 1-6-j\u00e4hrige Kinder Fr\u00fchdienst, 7.00 &#8211; 8.00 Uhr vormittags, 8.00 &#8211; 13.00 Uhr 2\/3 mit Essen, 8.00 &#8211; 14.00 Uhr ganztags mit Essen, 8.00 &#8211; 16.00 Uhr nachmittags, 13.15 &#8211; 17.15 Uhr Sp\u00e4tdienst, 16.00 &#8211; 17.00 Uhr Weitere Angebote \u00b7 Musikschule f\u00fcr angemeldete Kinder \u00b7 Fr\u00fchenglisch f\u00fcr Vorschulkinder Anmeldungen t\u00e4glich von 9.00 &#8211; 12.00 Uhr<\/p>\n","protected":false},"author":9194205,"featured_media":0,"parent":0,"menu_order":0,"comment_status":"closed","ping_status":"closed","template":"","meta":{"footnotes":""},"class_list":["post-2443","page","type-page","status-publish","hentry"],"_links":{"self":[{"href":"https:\/\/wordpress.nibis.de\/stursula\/wp-json\/wp\/v2\/pages\/2443","targetHints":{"allow":["GET"]}}],"collection":[{"href":"https:\/\/wordpress.nibis.de\/stursula\/wp-json\/wp\/v2\/pages"}],"about":[{"href":"https:\/\/wordpress.nibis.de\/stursula\/wp-json\/wp\/v2\/types\/page"}],"author":[{"embeddable":true,"href":"https:\/\/wordpress.nibis.de\/stursula\/wp-json\/wp\/v2\/users\/9194205"}],"replies":[{"embeddable":true,"href":"https:\/\/wordpress.nibis.de\/stursula\/wp-json\/wp\/v2\/comments?post=2443"}],"version-history":[{"count":1,"href":"https:\/\/wordpress.nibis.de\/stursula\/wp-json\/wp\/v2\/pages\/2443\/revisions"}],"predecessor-version":[{"id":2444,"href":"https:\/\/wordpress.nibis.de\/stursula\/wp-json\/wp\/v2\/pages\/2443\/revisions\/2444"}],"wp:attachment":[{"href":"https:\/\/wordpress.nibis.de\/stursula\/wp-json\/wp\/v2\/media?parent=2443"}],"curies":[{"name":"wp","href":"https:\/\/api.w.org\/{rel}","templated":true}]}}