{"id":2447,"date":"2023-07-12T15:58:15","date_gmt":"2023-07-12T13:58:15","guid":{"rendered":"https:\/\/wordpress.nibis.de\/stursula\/?page_id=2447"},"modified":"2025-12-16T09:45:52","modified_gmt":"2025-12-16T08:45:52","slug":"kollegium","status":"publish","type":"page","link":"https:\/\/wordpress.nibis.de\/stursula\/kollegium\/","title":{"rendered":"Kollegium"},"content":{"rendered":"\n<div style=\"margin-bottom: 20px\">\n<p>Unser Schulleiter Herr <strong>Patrick Schn\u00fcttgen<\/strong> und die Konrektorin Frau <strong>Anke Axmann-K\u00fchl<\/strong> sind Ihre Ansprechpartner der Schulleitung.<\/p>\n<p>Das Lehrer-Kollegium besteht aus folgenden Lehrkr\u00e4ften (alphabetisch, nach Nachnamen):<\/p>\n<\/div>\n<div class=\"clear\">\n<p>\u00a0<\/p>\n<\/div>\n<div style=\"margin-top: 20px;margin-right: 5px;float: left;text-align: left;max-width: 350px\">\n<p><strong>Ahlers, Britta<\/strong><br \/>Chorleitung<br \/><img decoding=\"async\" class=\"wp-image-2463  alignnone\" src=\"https:\/\/wordpress.nibis.de\/stursula\/files\/2023\/07\/bild-ahlers-100.jpg\" alt=\"Britta Ahlers\" \/><\/p>\n<p><strong>Axmann-K\u00fchl, Anke<\/strong><br \/>Konrektorin, Klassenlehrerin, Pr\u00e4ventionsbeauftragte, Erste-Hilfe-Beauftragte, Mitglied im Schulvorstand<br \/><img decoding=\"async\" class=\"size-full wp-image-647 alignnone\" src=\"https:\/\/wordpress.nibis.de\/stursula\/files\/2023\/07\/bild-axmann-100.jpg\" alt=\"Frau Axmann\" \/><\/p>\n<p><strong>Benjes, Elke<\/strong><br \/>Klassenlehrerin, <br \/>Fachkonferenzleitung \u201cDeutsch\u201d<br \/>Gleichstellungsbeauftragte<br \/><img decoding=\"async\" class=\"size-full wp-image-648 alignnone\" src=\"https:\/\/wordpress.nibis.de\/stursula\/files\/2023\/07\/bild-benjes-100.jpg\" alt=\"Frau Benjes\" width=\"100\" \/><\/p>\n<p><strong>D\u00fcckerhoff, Yvonne<\/strong><br \/>Klassenlehrerin, Fachkonferenzleitung Sachunterricht, SchuBZ Kontaktperson, Mitglied im Schulvorstand, Homepage<br \/><img decoding=\"async\" class=\"size-full wp-image-649 alignnone\" src=\"https:\/\/wordpress.nibis.de\/stursula\/files\/2023\/07\/bild-dueckerhoff-100.jpg\" alt=\"Frau D\u00fcckerhoff\" \/><\/p>\n<p><strong>Erwig, Maike<\/strong><br \/>Klassenlehrerin, Mitglied im Schulvorstand, Fachkonferenzleitung Religion<br \/><img decoding=\"async\" class=\"wp-image-2459  alignnone\" src=\"https:\/\/wordpress.nibis.de\/stursula\/files\/2023\/07\/bild-erwig-100.jpg\" alt=\"\" \/><\/p>\n<p>\u00a0<\/p>\n<p><strong>Haglage, Zaklina<\/strong><br \/>Fachkonferenzleitung Sachunterricht<br \/><img decoding=\"async\" class=\"size-full wp-image-651 alignnone\" src=\"https:\/\/wordpress.nibis.de\/stursula\/files\/2023\/07\/bild-haglage-100.jpg\" alt=\"bild-haglage\" \/><\/p>\n<p><strong>Kraft, Uta<\/strong><\/p>\n<p>Klassenlehrerin, <br \/>Fachkonferenzleitung Mathematik<br \/>Wettbewerbsbeauftragte<br \/><img decoding=\"async\" class=\"size-full wp-image-652 alignnone\" src=\"https:\/\/wordpress.nibis.de\/stursula\/files\/2023\/07\/bild-kraft-100.jpg\" alt=\"\" \/><\/p>\n<p><strong>Landman, Ina<\/strong><\/p>\n<p>F\u00f6rderung im Bereich Ergotherapie, Raum der Stille<\/p>\n<p>\u00a0<\/p>\n<p><strong>Niklaus, Tatjana<\/strong><br \/>F\u00f6rderschullehrerin<\/p>\n<\/div>\n<div style=\"margin-top: 40px;margin-left: 5px;float: right;text-align: left;max-width: 350px\"><strong>Rosenbach, Angelika<\/strong><br \/>Klassenlehrerin, Fachkonferenzleitung \u201eEnglisch\u201c, Ansprechperson f\u00fcr die Sch\u00fclervertretung<br \/><img decoding=\"async\" class=\"wp-image-2462  alignnone\" src=\"https:\/\/wordpress.nibis.de\/stursula\/files\/2023\/07\/bild-rosenbach-100.jpg\" alt=\"\" \/><br \/><br \/><strong>Schmidt, Claudia<\/strong><br \/>F\u00f6rderschullehrerin<br \/><img decoding=\"async\" class=\"wp-image-2464  alignnone\" src=\"https:\/\/wordpress.nibis.de\/stursula\/files\/2023\/07\/bild-schmidt-100.jpg\" alt=\"\" \/><br \/><br \/><strong>Schn\u00fcttgen, Patrick<\/strong><br \/>Schulleiter, Vorsitzender des Schulvorstandes<br \/><img decoding=\"async\" class=\"size-full wp-image-654 alignnone\" src=\"https:\/\/wordpress.nibis.de\/stursula\/files\/2023\/07\/bild-schnuettgen-100.jpg\" alt=\"\" \/>\u00a0\u00a0<br \/><br \/>\n<p><strong>Thiemann, Birgit<\/strong><br \/>Klassenlehrerin, Fachkonferenzleitung \u201eMusik\u201c, Mobilit\u00e4tsbeauftragte, Personalr\u00e4tin<br \/><img decoding=\"async\" class=\"size-full wp-image-657 alignnone\" src=\"https:\/\/wordpress.nibis.de\/stursula\/files\/2023\/07\/bild-thiemann-100.jpg\" alt=\"\" \/><\/p>\n<p><strong>Timm, Maren<\/strong><br \/>Klassenlehrerin, Fachkonferenzleitung Sport, Sportf\u00f6rderlehrerin<br \/><img decoding=\"async\" class=\"size-full wp-image-658 alignnone\" src=\"https:\/\/wordpress.nibis.de\/stursula\/files\/2023\/07\/bild-timm-100.jpg\" alt=\"\" \/><\/p>\n<p><strong>Werner, Simone<\/strong><br \/>Klassenlehrerin<\/p>\n<p><img decoding=\"async\" class=\"wp-image-2461  alignnone\" src=\"https:\/\/wordpress.nibis.de\/stursula\/files\/2023\/07\/bild-werner-100.jpg\" alt=\"\" \/><\/p>\n<p><strong>Lorkowski, D\u00f6rte<br \/><\/strong>Klassenlehrerin<br \/>Deutschfachkonferenzleitung<br \/>Datenschutzbeauftragte<\/p>\n<p><strong>Lorenz, Tatjana <\/strong><br \/>Anw\u00e4rterin<\/p>\n<p><strong>Twesten, Janna<\/strong><br \/>Anw\u00e4rterin<\/p>\n<\/div>\n<div style=\"clear: both\">\n<p>\u00a0<\/p>\n<\/div>\n<div style=\"margin-top: 10px\">\n<p>M\u00f6chten Sie zu einer\/einem der Kolleginnen\/Kollegen Kontakt aufnehmen, schreiben Sie<br \/>eine E-mail an das Sekretariat, sofern Sie keine pers\u00f6nlichen Kontaktdaten getauscht haben.<\/p>\n<\/div>\n<p>\u00a0<\/p>\n","protected":false},"excerpt":{"rendered":"<p>Unser Schulleiter Herr Patrick Schn\u00fcttgen und die Konrektorin Frau Anke Axmann-K\u00fchl sind Ihre Ansprechpartner der Schulleitung. Das Lehrer-Kollegium besteht aus folgenden Lehrkr\u00e4ften (alphabetisch, nach Nachnamen): \u00a0 Ahlers, BrittaChorleitung Axmann-K\u00fchl, AnkeKonrektorin, Klassenlehrerin, Pr\u00e4ventionsbeauftragte, Erste-Hilfe-Beauftragte, Mitglied im Schulvorstand Benjes, ElkeKlassenlehrerin, Fachkonferenzleitung \u201cDeutsch\u201dGleichstellungsbeauftragte D\u00fcckerhoff, YvonneKlassenlehrerin, Fachkonferenzleitung Sachunterricht, SchuBZ Kontaktperson, Mitglied im Schulvorstand, Homepage Erwig, MaikeKlassenlehrerin, Mitglied im Schulvorstand, Fachkonferenzleitung Religion \u00a0 Haglage, ZaklinaFachkonferenzleitung Sachunterricht Kraft, Uta Klassenlehrerin, Fachkonferenzleitung MathematikWettbewerbsbeauftragte Landman, Ina F\u00f6rderung im Bereich Ergotherapie, Raum der Stille \u00a0 Niklaus, TatjanaF\u00f6rderschullehrerin Rosenbach, AngelikaKlassenlehrerin,&#8230;<\/p>\n<p class=\"read-more\"><a class=\"btn btn-default\" href=\"https:\/\/wordpress.nibis.de\/stursula\/kollegium\/\">Weiterlesen<span class=\"screen-reader-text\"> Weiterlesen<\/span><\/a><\/p>\n","protected":false},"author":9194205,"featured_media":0,"parent":0,"menu_order":0,"comment_status":"closed","ping_status":"closed","template":"","meta":{"footnotes":""},"class_list":["post-2447","page","type-page","status-publish","hentry"],"_links":{"self":[{"href":"https:\/\/wordpress.nibis.de\/stursula\/wp-json\/wp\/v2\/pages\/2447","targetHints":{"allow":["GET"]}}],"collection":[{"href":"https:\/\/wordpress.nibis.de\/stursula\/wp-json\/wp\/v2\/pages"}],"about":[{"href":"https:\/\/wordpress.nibis.de\/stursula\/wp-json\/wp\/v2\/types\/page"}],"author":[{"embeddable":true,"href":"https:\/\/wordpress.nibis.de\/stursula\/wp-json\/wp\/v2\/users\/9194205"}],"replies":[{"embeddable":true,"href":"https:\/\/wordpress.nibis.de\/stursula\/wp-json\/wp\/v2\/comments?post=2447"}],"version-history":[{"count":11,"href":"https:\/\/wordpress.nibis.de\/stursula\/wp-json\/wp\/v2\/pages\/2447\/revisions"}],"predecessor-version":[{"id":3285,"href":"https:\/\/wordpress.nibis.de\/stursula\/wp-json\/wp\/v2\/pages\/2447\/revisions\/3285"}],"wp:attachment":[{"href":"https:\/\/wordpress.nibis.de\/stursula\/wp-json\/wp\/v2\/media?parent=2447"}],"curies":[{"name":"wp","href":"https:\/\/api.w.org\/{rel}","templated":true}]}}