{"id":2454,"date":"2023-07-12T15:59:15","date_gmt":"2023-07-12T13:59:15","guid":{"rendered":"https:\/\/wordpress.nibis.de\/stursula\/?page_id=2454"},"modified":"2023-07-13T16:30:33","modified_gmt":"2023-07-13T14:30:33","slug":"kooperationspartner","status":"publish","type":"page","link":"https:\/\/wordpress.nibis.de\/stursula\/kooperationspartner\/","title":{"rendered":"Kooperationspartner"},"content":{"rendered":"<p><img loading=\"lazy\" decoding=\"async\" class=\"alignright size-full wp-image-726\" src=\"https:\/\/wordpress.nibis.de\/stursula\/files\/2023\/07\/pfarrgemeinde-st-marien.png\" alt=\"pfarrgemeinde-st-marien\" width=\"168\" height=\"124\"><strong>Katholische Kirchengemeinde St. Marien<\/strong><\/p>\n<p>Mit dieser Gemeinde pflegen wir eine enge Zusammenarbeit. Gemeinsame Gottesdienste und Schulgottesdienst, Feste oder Andachten sind nur Beispiele f\u00fcr ein gewinnbringendes Miteinander.<\/p>\n<p>Unter dem folgenden Link kommen Sie auf die Homepage der <a href=\"https:\/\/www.katholische-kirche-lueneburg.de\/\">Kirchengemeinde.<\/a><\/p>\n<p>&nbsp;<\/p>\n<p><strong>Die L\u00fcnef\u00fcchse&nbsp;<\/strong><\/p>\n<p>Mit <img loading=\"lazy\" decoding=\"async\" class=\"wp-image-1280  alignright\" src=\"https:\/\/wordpress.nibis.de\/stursula\/files\/2023\/07\/Bes-Begabungen_klein-e1689169344189.jpg\" alt=\"Bes.Begabungen_gross\" width=\"126\" height=\"97\">drei weiteren Grundschulen in <strong><img loading=\"lazy\" decoding=\"async\" class=\"wp-image-1277 alignleft\" src=\"https:\/\/wordpress.nibis.de\/stursula\/files\/2023\/07\/Luenefuechse.jpg\" alt=\"Luenefuechse\" width=\"151\" height=\"97\"><\/strong>L\u00fcneburg (Grundschule am Sandberg, Grundschule im Roten Felde, Heiligengeistschule) und dem Gymnasium Wilhelm-Raabe-Schule bildet die St.-Ursula-Schule den Schulverbund \u201eL\u00fcnef\u00fcchse\u201c, der sein Augenmerk besonders auf die F\u00f6rderung begabter Kinder richtet. Mehr zu den Angeboten und Zielen finden Sie auf der <a href=\"https:\/\/luenefuechse.de\/\">Homepage des Verbundes<\/a>.<\/p>\n","protected":false},"excerpt":{"rendered":"<p>Katholische Kirchengemeinde St. Marien Mit dieser Gemeinde pflegen wir eine enge Zusammenarbeit. Gemeinsame Gottesdienste und Schulgottesdienst, Feste oder Andachten sind nur Beispiele f\u00fcr ein gewinnbringendes Miteinander. Unter dem folgenden Link kommen Sie auf die Homepage der Kirchengemeinde. &nbsp; Die L\u00fcnef\u00fcchse&nbsp; Mit drei weiteren Grundschulen in L\u00fcneburg (Grundschule am Sandberg, Grundschule im Roten Felde, Heiligengeistschule) und dem Gymnasium Wilhelm-Raabe-Schule bildet die St.-Ursula-Schule den Schulverbund \u201eL\u00fcnef\u00fcchse\u201c, der sein Augenmerk besonders auf die F\u00f6rderung begabter Kinder richtet. Mehr zu den Angeboten und Zielen&#8230;<\/p>\n<p class=\"read-more\"><a class=\"btn btn-default\" href=\"https:\/\/wordpress.nibis.de\/stursula\/kooperationspartner\/\">Weiterlesen<span class=\"screen-reader-text\"> Weiterlesen<\/span><\/a><\/p>\n","protected":false},"author":9194205,"featured_media":0,"parent":0,"menu_order":0,"comment_status":"closed","ping_status":"closed","template":"","meta":{"footnotes":""},"class_list":["post-2454","page","type-page","status-publish","hentry"],"_links":{"self":[{"href":"https:\/\/wordpress.nibis.de\/stursula\/wp-json\/wp\/v2\/pages\/2454","targetHints":{"allow":["GET"]}}],"collection":[{"href":"https:\/\/wordpress.nibis.de\/stursula\/wp-json\/wp\/v2\/pages"}],"about":[{"href":"https:\/\/wordpress.nibis.de\/stursula\/wp-json\/wp\/v2\/types\/page"}],"author":[{"embeddable":true,"href":"https:\/\/wordpress.nibis.de\/stursula\/wp-json\/wp\/v2\/users\/9194205"}],"replies":[{"embeddable":true,"href":"https:\/\/wordpress.nibis.de\/stursula\/wp-json\/wp\/v2\/comments?post=2454"}],"version-history":[{"count":3,"href":"https:\/\/wordpress.nibis.de\/stursula\/wp-json\/wp\/v2\/pages\/2454\/revisions"}],"predecessor-version":[{"id":2741,"href":"https:\/\/wordpress.nibis.de\/stursula\/wp-json\/wp\/v2\/pages\/2454\/revisions\/2741"}],"wp:attachment":[{"href":"https:\/\/wordpress.nibis.de\/stursula\/wp-json\/wp\/v2\/media?parent=2454"}],"curies":[{"name":"wp","href":"https:\/\/api.w.org\/{rel}","templated":true}]}}