{"id":2460,"date":"2023-07-12T16:00:13","date_gmt":"2023-07-12T14:00:13","guid":{"rendered":"https:\/\/wordpress.nibis.de\/stursula\/?page_id=2460"},"modified":"2023-07-13T16:28:16","modified_gmt":"2023-07-13T14:28:16","slug":"lesenacht","status":"publish","type":"page","link":"https:\/\/wordpress.nibis.de\/stursula\/lesenacht\/","title":{"rendered":"Lesenacht"},"content":{"rendered":"<p><a href=\"https:\/\/wordpress.nibis.de\/stursula\/files\/2023\/07\/hands-3457909_1920.jpg\"><img loading=\"lazy\" decoding=\"async\" class=\"wp-image-3733 alignleft\" title=\"Bild von congerdesign auf Pixabay \" src=\"https:\/\/wordpress.nibis.de\/stursula\/files\/2023\/07\/hands-3457909_1920.jpg\" alt=\"\" width=\"424\" height=\"222\"><\/a>Was tut sich da zu ungew\u00f6hnlicher Zeit an der St. Ursula Schule, wenn kleine Wesen mit Kuscheltieren, Kopfkissen und Co. hinter der Glast\u00fcr verschwinden?!<\/p>\n<p>Und wenn sie hier gemeinsam in kleinen Gruppen den spannenden Abenteuern von Mini-Helden und Heldinnen, lustigen Nannys, gruseligen Hexen, magischen Trolls oder Hobbits folgen&#8230;<\/p>\n<p>Sp\u00e4ter dann ganz, ganz m\u00fcde aber sehr entspannt, inspiriert und gl\u00fccklich von ihren Eltern wieder abgeholt werden?<\/p>\n<p>Es ist mal wieder LESENACHT!<\/p>\n<p><a href=\"https:\/\/wordpress.nibis.de\/stursula\/files\/2023\/07\/Leseratte.jpg\"><img loading=\"lazy\" decoding=\"async\" class=\"size-full wp-image-3731 alignleft\" src=\"https:\/\/wordpress.nibis.de\/stursula\/files\/2023\/07\/Leseratte.jpg\" alt=\"\" width=\"105\" height=\"55\"><\/a><\/p>\n<p>Diese liebevoll organisierte Veranstaltung unserer B\u00fccherei erfreut sich gro\u00dfer Beliebtheit &#8211; so hatten wir zur letzten Lesenacht rekordverd\u00e4chtige 124 Anmeldungen!<\/p>\n<p>Wenn auch Sie uns einmal als Vorleser\/in unterst\u00fctzen m\u00f6chten, freuen wir uns \u00fcber eine Nachricht an das B\u00fcchereiteam!<\/p>\n<p>Wann ist die <a href=\"https:\/\/wordpress.nibis.de\/stursula\/aktuelles\/\">n\u00e4chste Lesenacht<\/a>?<\/p>\n","protected":false},"excerpt":{"rendered":"<p>Was tut sich da zu ungew\u00f6hnlicher Zeit an der St. Ursula Schule, wenn kleine Wesen mit Kuscheltieren, Kopfkissen und Co. hinter der Glast\u00fcr verschwinden?! Und wenn sie hier gemeinsam in kleinen Gruppen den spannenden Abenteuern von Mini-Helden und Heldinnen, lustigen Nannys, gruseligen Hexen, magischen Trolls oder Hobbits folgen&#8230; Sp\u00e4ter dann ganz, ganz m\u00fcde aber sehr entspannt, inspiriert und gl\u00fccklich von ihren Eltern wieder abgeholt werden? Es ist mal wieder LESENACHT! Diese liebevoll organisierte Veranstaltung unserer B\u00fccherei erfreut sich gro\u00dfer Beliebtheit&#8230;<\/p>\n<p class=\"read-more\"><a class=\"btn btn-default\" href=\"https:\/\/wordpress.nibis.de\/stursula\/lesenacht\/\">Weiterlesen<span class=\"screen-reader-text\"> Weiterlesen<\/span><\/a><\/p>\n","protected":false},"author":9194205,"featured_media":0,"parent":0,"menu_order":0,"comment_status":"closed","ping_status":"closed","template":"","meta":{"footnotes":""},"class_list":["post-2460","page","type-page","status-publish","hentry"],"_links":{"self":[{"href":"https:\/\/wordpress.nibis.de\/stursula\/wp-json\/wp\/v2\/pages\/2460","targetHints":{"allow":["GET"]}}],"collection":[{"href":"https:\/\/wordpress.nibis.de\/stursula\/wp-json\/wp\/v2\/pages"}],"about":[{"href":"https:\/\/wordpress.nibis.de\/stursula\/wp-json\/wp\/v2\/types\/page"}],"author":[{"embeddable":true,"href":"https:\/\/wordpress.nibis.de\/stursula\/wp-json\/wp\/v2\/users\/9194205"}],"replies":[{"embeddable":true,"href":"https:\/\/wordpress.nibis.de\/stursula\/wp-json\/wp\/v2\/comments?post=2460"}],"version-history":[{"count":2,"href":"https:\/\/wordpress.nibis.de\/stursula\/wp-json\/wp\/v2\/pages\/2460\/revisions"}],"predecessor-version":[{"id":2738,"href":"https:\/\/wordpress.nibis.de\/stursula\/wp-json\/wp\/v2\/pages\/2460\/revisions\/2738"}],"wp:attachment":[{"href":"https:\/\/wordpress.nibis.de\/stursula\/wp-json\/wp\/v2\/media?parent=2460"}],"curies":[{"name":"wp","href":"https:\/\/api.w.org\/{rel}","templated":true}]}}