{"id":2464,"date":"2023-07-12T16:01:15","date_gmt":"2023-07-12T14:01:15","guid":{"rendered":"https:\/\/wordpress.nibis.de\/stursula\/?page_id=2464"},"modified":"2024-12-18T12:06:42","modified_gmt":"2024-12-18T11:06:42","slug":"ogs-formulare","status":"publish","type":"page","link":"https:\/\/wordpress.nibis.de\/stursula\/ogs-formulare\/","title":{"rendered":"OGS-Formulare"},"content":{"rendered":"\n<p><\/p>\n\n\n<p style=\"margin-bottom: 0px\"><a href=\"https:\/\/wordpress.nibis.de\/stursula\/files\/2024\/12\/Anmeldung-OGS-geschuetzt-Dez-24.docx\">Anmeldung Offene Ganztagsschule\u00a0(OGS)\u00a0und\u00a0Verl\u00e4ssliche\u00a0Grundschule\u00a0(VGS)<\/a><\/p>\n<p style=\"line-height: 1.2em;font-size: 10pt;font-style: italic;margin-top: 0px;padding-left: 10px;color: #009933\">Sie k\u00f6nnen das Formular auf Ihrem PC ausf\u00fcllen und per Mail verschicken an <a href=\"&#109;&#x61;&#105;&#x6c;t&#x6f;:&#105;&#x6e;&#102;&#x6f;&#64;&#x73;t&#45;&#x75;&#114;&#x73;u&#x6c;a&#45;&#x73;&#99;&#x68;u&#x6c;e&#46;&#x6c;&#117;&#x65;n&#x65;b&#117;&#x72;&#103;&#x2e;d&#x65;\">info (at) st-ursula-schule.lueneburg.de<\/a> senden. Alternativ k\u00f6nnen Sie den Bogen auch ausdrucken und in der Schule abgeben.<\/p>\n<p><a href=\"https:\/\/wordpress.nibis.de\/stursula\/files\/2024\/12\/2024_25_Informationen-zur-OGS_.pdf\">Informationen zur Offenen Ganztagsschule (OGS)\u00a0und Verl\u00e4sslichen Ganztagsschule (VGS)<\/a><\/p>\n\n\n<p><\/p>\n","protected":false},"excerpt":{"rendered":"<p>Anmeldung Offene Ganztagsschule\u00a0(OGS)\u00a0und\u00a0Verl\u00e4ssliche\u00a0Grundschule\u00a0(VGS) Sie k\u00f6nnen das Formular auf Ihrem PC ausf\u00fcllen und per Mail verschicken an info (at) st-ursula-schule.lueneburg.de senden. Alternativ k\u00f6nnen Sie den Bogen auch ausdrucken und in der Schule abgeben. Informationen zur Offenen Ganztagsschule (OGS)\u00a0und Verl\u00e4sslichen Ganztagsschule (VGS)<\/p>\n","protected":false},"author":9194205,"featured_media":0,"parent":0,"menu_order":0,"comment_status":"closed","ping_status":"closed","template":"","meta":{"footnotes":""},"class_list":["post-2464","page","type-page","status-publish","hentry"],"_links":{"self":[{"href":"https:\/\/wordpress.nibis.de\/stursula\/wp-json\/wp\/v2\/pages\/2464","targetHints":{"allow":["GET"]}}],"collection":[{"href":"https:\/\/wordpress.nibis.de\/stursula\/wp-json\/wp\/v2\/pages"}],"about":[{"href":"https:\/\/wordpress.nibis.de\/stursula\/wp-json\/wp\/v2\/types\/page"}],"author":[{"embeddable":true,"href":"https:\/\/wordpress.nibis.de\/stursula\/wp-json\/wp\/v2\/users\/9194205"}],"replies":[{"embeddable":true,"href":"https:\/\/wordpress.nibis.de\/stursula\/wp-json\/wp\/v2\/comments?post=2464"}],"version-history":[{"count":8,"href":"https:\/\/wordpress.nibis.de\/stursula\/wp-json\/wp\/v2\/pages\/2464\/revisions"}],"predecessor-version":[{"id":3119,"href":"https:\/\/wordpress.nibis.de\/stursula\/wp-json\/wp\/v2\/pages\/2464\/revisions\/3119"}],"wp:attachment":[{"href":"https:\/\/wordpress.nibis.de\/stursula\/wp-json\/wp\/v2\/media?parent=2464"}],"curies":[{"name":"wp","href":"https:\/\/api.w.org\/{rel}","templated":true}]}}