{"id":2466,"date":"2023-07-12T16:01:42","date_gmt":"2023-07-12T14:01:42","guid":{"rendered":"https:\/\/wordpress.nibis.de\/stursula\/?page_id=2466"},"modified":"2024-09-20T12:41:19","modified_gmt":"2024-09-20T10:41:19","slug":"presseberichte","status":"publish","type":"page","link":"https:\/\/wordpress.nibis.de\/stursula\/presseberichte\/","title":{"rendered":"Presseberichte"},"content":{"rendered":"<h2><strong>Mathematik zum Anfassen<\/strong><\/h2>\n<p><a href=\"https:\/\/wordpress.nibis.de\/stursula\/files\/2023\/07\/2018-10-29-LZ-Kinder-lassen-Geister-leuchten.pdf\">2018-10-29-LZ-Kinder lassen Geister leuchten<\/a><\/p>\n<h5>Einen Kurzfilm von der Er\u00f6ffnungsveranstaltung k\u00f6nnen Sie <strong><a href=\"https:\/\/www.lzplay.de\/index.php\/2018\/02\/11\/wo-zahlen-spass-machen\/\">hier<\/a><\/strong> einsehen.<\/h5>\n<p><a href=\"https:\/\/wordpress.nibis.de\/stursula\/files\/2023\/07\/H_Desktop_18_02_21-Sch\u00c3\u00bcler-erkunden-die-Welt-der-Mathematik-HAHU-Seite-25.png\"><img loading=\"lazy\" decoding=\"async\" class=\"aligncenter wp-image-3026 size-large\" src=\"https:\/\/wordpress.nibis.de\/stursula\/files\/2023\/07\/H_Desktop_18_02_21-Schueler-erkunden-die-Welt-der-Mathematik-HAHU-Seite-25.jpg\" alt=\"\" width=\"660\" height=\"568\" \/><\/a><\/p>\n<p><a href=\"https:\/\/wordpress.nibis.de\/stursula\/files\/2023\/07\/H_Desktop_2018-02-12-LZ-Wo-Zahlen-Spass-machen.jpg\"><img loading=\"lazy\" decoding=\"async\" class=\"aligncenter size-large wp-image-3025\" src=\"https:\/\/wordpress.nibis.de\/stursula\/files\/2023\/07\/H_Desktop_2018-02-12-LZ-Wo-Zahlen-Spass-machen.jpg\" alt=\"\" width=\"644\" height=\"1024\" \/><\/a><\/p>\n<h2><strong>10 Jahre &#8222;Book Buddy&#8220;<\/strong><a href=\"https:\/\/wordpress.nibis.de\/stursula\/files\/2023\/07\/Book-Buddy.jpg\"><img loading=\"lazy\" decoding=\"async\" class=\"aligncenter wp-image-3030 size-large\" src=\"https:\/\/wordpress.nibis.de\/stursula\/files\/2023\/07\/Book-Buddy.jpg\" alt=\"\" width=\"660\" height=\"928\" \/><\/a><\/h2>\n<p><a href=\"https:\/\/wordpress.nibis.de\/stursula\/files\/2023\/07\/raum_fuers_lesen_onlineversion.pdf\">Raum f\u00fcrs Lesen, Nieders\u00e4chsisches Kultusministerium, M\u00e4rz 2016<br \/><img loading=\"lazy\" decoding=\"async\" class=\"alignnone size-medium wp-image-389\" src=\"https:\/\/wordpress.nibis.de\/stursula\/files\/2023\/07\/raum-fuers-lesen.png\" alt=\"raum-fuers-lesen\" width=\"250\" height=\"250\" \/><\/a><\/p>\n<p><strong>Landeszeitung<\/strong><br \/><img loading=\"lazy\" decoding=\"async\" class=\"alignnone wp-image-388 size-full\" src=\"https:\/\/wordpress.nibis.de\/stursula\/files\/2023\/07\/presse-schueler-helfen.jpg\" alt=\"presse-schueler-helfen\" width=\"600\" height=\"664\" \/><\/p>\n\n\n<div data-wp-interactive=\"core\/file\" class=\"wp-block-file\"><object data-wp-bind--hidden=\"!state.hasPdfPreview\" hidden class=\"wp-block-file__embed\" data=\"https:\/\/wordpress.nibis.de\/stursula\/files\/2024\/05\/2024_05_13__LZ_Kinder-fuer-das-Leben-begeistern-1.pdf\" type=\"application\/pdf\" style=\"width:100%;height:600px\" aria-label=\"Einbettung von Einbettung von 2024_05_13__LZ_Kinder f\u00fcr das Leben begeistern..\"><\/object><a id=\"wp-block-file--media-442da892-8a89-475e-ba83-cf8b2219ee13\" href=\"https:\/\/wordpress.nibis.de\/stursula\/files\/2024\/05\/2024_05_13__LZ_Kinder-fuer-das-Leben-begeistern-1.pdf\">2024_05_13__LZ_Kinder f\u00fcr das Leben begeistern<\/a><a href=\"https:\/\/wordpress.nibis.de\/stursula\/files\/2024\/05\/2024_05_13__LZ_Kinder-fuer-das-Leben-begeistern-1.pdf\" class=\"wp-block-file__button\" download aria-describedby=\"wp-block-file--media-442da892-8a89-475e-ba83-cf8b2219ee13\">Herunterladen<\/a><\/div>\n\n\n\n<div data-wp-interactive=\"core\/file\" class=\"wp-block-file\"><object data-wp-bind--hidden=\"!state.hasPdfPreview\" hidden class=\"wp-block-file__embed\" data=\"https:\/\/wordpress.nibis.de\/stursula\/files\/2023\/11\/2023_11_16_LZ_Schueler-erlaufen-fast-20.000-Euro-2.pdf\" type=\"application\/pdf\" style=\"width:100%;height:600px\" aria-label=\"Einbettung von Einbettung von 2023_11_16_LZ_Sch\u00fcler erlaufen fast 20.000 Euro..\"><\/object><a id=\"wp-block-file--media-fa0ca1c6-7a52-472e-938c-a6fe8a0ecfc6\" href=\"https:\/\/wordpress.nibis.de\/stursula\/files\/2023\/11\/2023_11_16_LZ_Schueler-erlaufen-fast-20.000-Euro-2.pdf\">2023_11_16_LZ_Sch\u00fcler erlaufen fast 20.000 Euro<\/a><a href=\"https:\/\/wordpress.nibis.de\/stursula\/files\/2023\/11\/2023_11_16_LZ_Schueler-erlaufen-fast-20.000-Euro-2.pdf\" class=\"wp-block-file__button\" download aria-describedby=\"wp-block-file--media-fa0ca1c6-7a52-472e-938c-a6fe8a0ecfc6\">Herunterladen<\/a><\/div>\n\n\n\n<div data-wp-interactive=\"core\/file\" class=\"wp-block-file\"><object data-wp-bind--hidden=\"!state.hasPdfPreview\" hidden class=\"wp-block-file__embed\" data=\"https:\/\/wordpress.nibis.de\/stursula\/files\/2023\/10\/2018-10-29-LZ-Kinder-lassen-Geister-leuchten.pdf\" type=\"application\/pdf\" style=\"width:100%;height:600px\" aria-label=\"Einbettung von Einbettung von 2018-10-29-LZ-Kinder-lassen-Geister-leuchten..\"><\/object><a id=\"wp-block-file--media-959dc654-0c1c-4dc1-90db-3e0a7bc70acb\" href=\"https:\/\/wordpress.nibis.de\/stursula\/files\/2023\/10\/2018-10-29-LZ-Kinder-lassen-Geister-leuchten.pdf\">2018-10-29-LZ-Kinder-lassen-Geister-leuchten<\/a><a href=\"https:\/\/wordpress.nibis.de\/stursula\/files\/2023\/10\/2018-10-29-LZ-Kinder-lassen-Geister-leuchten.pdf\" class=\"wp-block-file__button\" download aria-describedby=\"wp-block-file--media-959dc654-0c1c-4dc1-90db-3e0a7bc70acb\">Herunterladen<\/a><\/div>\n\n\n\n<div data-wp-interactive=\"core\/file\" class=\"wp-block-file\"><object data-wp-bind--hidden=\"!state.hasPdfPreview\" hidden class=\"wp-block-file__embed\" data=\"https:\/\/wordpress.nibis.de\/stursula\/files\/2023\/10\/2018-11-12-LZ-Bastelstunde-im-Museum.pdf\" type=\"application\/pdf\" style=\"width:100%;height:600px\" aria-label=\"Einbettung von Einbettung von 2018-11-12-LZ-Bastelstunde-im-Museum..\"><\/object><a id=\"wp-block-file--media-ea492331-0120-4073-b089-df2f48e256de\" href=\"https:\/\/wordpress.nibis.de\/stursula\/files\/2023\/10\/2018-11-12-LZ-Bastelstunde-im-Museum.pdf\">2018-11-12-LZ-Bastelstunde-im-Museum<\/a><a href=\"https:\/\/wordpress.nibis.de\/stursula\/files\/2023\/10\/2018-11-12-LZ-Bastelstunde-im-Museum.pdf\" class=\"wp-block-file__button\" download aria-describedby=\"wp-block-file--media-ea492331-0120-4073-b089-df2f48e256de\">Herunterladen<\/a><\/div>\n\n\n\n<div data-wp-interactive=\"core\/file\" class=\"wp-block-file\"><object data-wp-bind--hidden=\"!state.hasPdfPreview\" hidden class=\"wp-block-file__embed\" data=\"https:\/\/wordpress.nibis.de\/stursula\/files\/2023\/10\/2019_02_26_LZ_Die-besondere-Neugier-eines-Neunjaehrigen.pdf\" type=\"application\/pdf\" style=\"width:100%;height:600px\" aria-label=\"Einbettung von Einbettung von 2019_02_26_LZ_Die-besondere-Neugier-eines-Neunjaehrigen..\"><\/object><a id=\"wp-block-file--media-49686883-c99e-4719-8aa8-da4ca8b9a6ff\" href=\"https:\/\/wordpress.nibis.de\/stursula\/files\/2023\/10\/2019_02_26_LZ_Die-besondere-Neugier-eines-Neunjaehrigen.pdf\">2019_02_26_LZ_Die-besondere-Neugier-eines-Neunjaehrigen<\/a><a href=\"https:\/\/wordpress.nibis.de\/stursula\/files\/2023\/10\/2019_02_26_LZ_Die-besondere-Neugier-eines-Neunjaehrigen.pdf\" class=\"wp-block-file__button\" download aria-describedby=\"wp-block-file--media-49686883-c99e-4719-8aa8-da4ca8b9a6ff\">Herunterladen<\/a><\/div>\n\n\n\n<div data-wp-interactive=\"core\/file\" class=\"wp-block-file\"><object data-wp-bind--hidden=\"!state.hasPdfPreview\" hidden class=\"wp-block-file__embed\" data=\"https:\/\/wordpress.nibis.de\/stursula\/files\/2023\/10\/2019_09_03_LZ_Eine-grosse-Portion-Glueck.pdf\" type=\"application\/pdf\" style=\"width:100%;height:600px\" aria-label=\"Einbettung von Einbettung von 2019_09_03_LZ_Eine-grosse-Portion-Glueck..\"><\/object><a id=\"wp-block-file--media-96d5abd2-268b-4841-bd12-a33e4f15e967\" href=\"https:\/\/wordpress.nibis.de\/stursula\/files\/2023\/10\/2019_09_03_LZ_Eine-grosse-Portion-Glueck.pdf\">2019_09_03_LZ_Eine-grosse-Portion-Glueck<\/a><a href=\"https:\/\/wordpress.nibis.de\/stursula\/files\/2023\/10\/2019_09_03_LZ_Eine-grosse-Portion-Glueck.pdf\" class=\"wp-block-file__button\" download aria-describedby=\"wp-block-file--media-96d5abd2-268b-4841-bd12-a33e4f15e967\">Herunterladen<\/a><\/div>\n\n\n\n<div data-wp-interactive=\"core\/file\" class=\"wp-block-file\"><object data-wp-bind--hidden=\"!state.hasPdfPreview\" hidden class=\"wp-block-file__embed\" data=\"https:\/\/wordpress.nibis.de\/stursula\/files\/2023\/10\/2019_12_05_LZ_Lichtblicke-fuer-Kinder.pdf\" type=\"application\/pdf\" style=\"width:100%;height:600px\" aria-label=\"Einbettung von Einbettung von 2019_12_05_LZ_Lichtblicke-fuer-Kinder..\"><\/object><a id=\"wp-block-file--media-4229ad18-9835-40a8-8c4d-adc3307e3f9d\" href=\"https:\/\/wordpress.nibis.de\/stursula\/files\/2023\/10\/2019_12_05_LZ_Lichtblicke-fuer-Kinder.pdf\">2019_12_05_LZ_Lichtblicke-fuer-Kinder<\/a><a href=\"https:\/\/wordpress.nibis.de\/stursula\/files\/2023\/10\/2019_12_05_LZ_Lichtblicke-fuer-Kinder.pdf\" class=\"wp-block-file__button\" download aria-describedby=\"wp-block-file--media-4229ad18-9835-40a8-8c4d-adc3307e3f9d\">Herunterladen<\/a><\/div>\n\n\n\n<div data-wp-interactive=\"core\/file\" class=\"wp-block-file\"><object data-wp-bind--hidden=\"!state.hasPdfPreview\" hidden class=\"wp-block-file__embed\" data=\"https:\/\/wordpress.nibis.de\/stursula\/files\/2023\/10\/2020_01_16_LZ_Ein-Auto-das-macht-was-Kinder-wollen.pdf\" type=\"application\/pdf\" style=\"width:100%;height:600px\" aria-label=\"Einbettung von Einbettung von 2020_01_16_LZ_Ein-Auto-das-macht-was-Kinder-wollen..\"><\/object><a id=\"wp-block-file--media-70909236-9263-4c80-82aa-e61375fa9ab5\" href=\"https:\/\/wordpress.nibis.de\/stursula\/files\/2023\/10\/2020_01_16_LZ_Ein-Auto-das-macht-was-Kinder-wollen.pdf\">2020_01_16_LZ_Ein-Auto-das-macht-was-Kinder-wollen<\/a><a href=\"https:\/\/wordpress.nibis.de\/stursula\/files\/2023\/10\/2020_01_16_LZ_Ein-Auto-das-macht-was-Kinder-wollen.pdf\" class=\"wp-block-file__button\" download aria-describedby=\"wp-block-file--media-70909236-9263-4c80-82aa-e61375fa9ab5\">Herunterladen<\/a><\/div>\n\n\n\n<div data-wp-interactive=\"core\/file\" class=\"wp-block-file\"><object data-wp-bind--hidden=\"!state.hasPdfPreview\" hidden class=\"wp-block-file__embed\" data=\"https:\/\/wordpress.nibis.de\/stursula\/files\/2023\/10\/2020_05_08_LZ_Viel-Zeit-fuer-Unterricht-bleibt-nicht.pdf\" type=\"application\/pdf\" style=\"width:100%;height:600px\" aria-label=\"Einbettung von Einbettung von 2020_05_08_LZ_Viel-Zeit-fuer-Unterricht-bleibt-nicht..\"><\/object><a id=\"wp-block-file--media-01e04242-a4de-4f12-8c1a-e05d577a1a77\" href=\"https:\/\/wordpress.nibis.de\/stursula\/files\/2023\/10\/2020_05_08_LZ_Viel-Zeit-fuer-Unterricht-bleibt-nicht.pdf\">2020_05_08_LZ_Viel-Zeit-fuer-Unterricht-bleibt-nicht<\/a><a href=\"https:\/\/wordpress.nibis.de\/stursula\/files\/2023\/10\/2020_05_08_LZ_Viel-Zeit-fuer-Unterricht-bleibt-nicht.pdf\" class=\"wp-block-file__button\" download aria-describedby=\"wp-block-file--media-01e04242-a4de-4f12-8c1a-e05d577a1a77\">Herunterladen<\/a><\/div>\n\n\n\n<div data-wp-interactive=\"core\/file\" class=\"wp-block-file\"><object data-wp-bind--hidden=\"!state.hasPdfPreview\" hidden class=\"wp-block-file__embed\" data=\"https:\/\/wordpress.nibis.de\/stursula\/files\/2023\/10\/2022_03_26_LZ_Wir-wollen-Frieden-fuer-alle.pdf\" type=\"application\/pdf\" style=\"width:100%;height:600px\" aria-label=\"Einbettung von Einbettung von 2022_03_26_LZ_Wir-wollen-Frieden-fuer-alle..\"><\/object><a id=\"wp-block-file--media-4d49d934-4a83-4c42-bfec-accb4b76f50c\" href=\"https:\/\/wordpress.nibis.de\/stursula\/files\/2023\/10\/2022_03_26_LZ_Wir-wollen-Frieden-fuer-alle.pdf\">2022_03_26_LZ_Wir-wollen-Frieden-fuer-alle<\/a><a href=\"https:\/\/wordpress.nibis.de\/stursula\/files\/2023\/10\/2022_03_26_LZ_Wir-wollen-Frieden-fuer-alle.pdf\" class=\"wp-block-file__button\" download aria-describedby=\"wp-block-file--media-4d49d934-4a83-4c42-bfec-accb4b76f50c\">Herunterladen<\/a><\/div>\n\n\n\n<div data-wp-interactive=\"core\/file\" class=\"wp-block-file\"><object data-wp-bind--hidden=\"!state.hasPdfPreview\" hidden class=\"wp-block-file__embed\" data=\"https:\/\/wordpress.nibis.de\/stursula\/files\/2023\/10\/2023_10_13_LZ_Lauf-fuer-eine-saubere-Sache-2.pdf\" type=\"application\/pdf\" style=\"width:100%;height:600px\" aria-label=\"Einbettung von Einbettung von 2023_10_13_LZ_Lauf-fuer-eine-saubere-Sache-2..\"><\/object><a id=\"wp-block-file--media-888b4108-0a82-402c-85de-7babad204bd6\" href=\"https:\/\/wordpress.nibis.de\/stursula\/files\/2023\/10\/2023_10_13_LZ_Lauf-fuer-eine-saubere-Sache-2.pdf\">2023_10_13_LZ_Lauf-fuer-eine-saubere-Sache-2<\/a><a href=\"https:\/\/wordpress.nibis.de\/stursula\/files\/2023\/10\/2023_10_13_LZ_Lauf-fuer-eine-saubere-Sache-2.pdf\" class=\"wp-block-file__button\" download aria-describedby=\"wp-block-file--media-888b4108-0a82-402c-85de-7babad204bd6\">Herunterladen<\/a><\/div>\n\n\n\n<div data-wp-interactive=\"core\/file\" class=\"wp-block-file\"><object data-wp-bind--hidden=\"!state.hasPdfPreview\" hidden class=\"wp-block-file__embed\" data=\"https:\/\/wordpress.nibis.de\/stursula\/files\/2023\/10\/2023_05_13_LZ_Musikalische-Reise-in-die-Tiefsee.pdf\" type=\"application\/pdf\" style=\"width:100%;height:600px\" aria-label=\"Einbettung von Einbettung von 2023_05_13_LZ_Musikalische-Reise-in-die-Tiefsee..\"><\/object><a id=\"wp-block-file--media-1846a74e-6d75-445d-90a9-df06cb9da8e1\" href=\"https:\/\/wordpress.nibis.de\/stursula\/files\/2023\/10\/2023_05_13_LZ_Musikalische-Reise-in-die-Tiefsee.pdf\">2023_05_13_LZ_Musikalische-Reise-in-die-Tiefsee<\/a><a href=\"https:\/\/wordpress.nibis.de\/stursula\/files\/2023\/10\/2023_05_13_LZ_Musikalische-Reise-in-die-Tiefsee.pdf\" class=\"wp-block-file__button\" download aria-describedby=\"wp-block-file--media-1846a74e-6d75-445d-90a9-df06cb9da8e1\">Herunterladen<\/a><\/div>\n\n\n\n<div data-wp-interactive=\"core\/file\" class=\"wp-block-file\"><object data-wp-bind--hidden=\"!state.hasPdfPreview\" hidden class=\"wp-block-file__embed\" data=\"https:\/\/wordpress.nibis.de\/stursula\/files\/2023\/10\/2023_06_20_LZ_Das-weltgroesste-Schachturnier.pdf\" type=\"application\/pdf\" style=\"width:100%;height:600px\" aria-label=\"Einbettung von Einbettung von 2023_06_20_LZ_Das-weltgroesste-Schachturnier..\"><\/object><a id=\"wp-block-file--media-8ff045b5-18c2-4092-98b6-2defa5202cb6\" href=\"https:\/\/wordpress.nibis.de\/stursula\/files\/2023\/10\/2023_06_20_LZ_Das-weltgroesste-Schachturnier.pdf\">2023_06_20_LZ_Das-weltgroesste-Schachturnier<\/a><a href=\"https:\/\/wordpress.nibis.de\/stursula\/files\/2023\/10\/2023_06_20_LZ_Das-weltgroesste-Schachturnier.pdf\" class=\"wp-block-file__button\" download aria-describedby=\"wp-block-file--media-8ff045b5-18c2-4092-98b6-2defa5202cb6\">Herunterladen<\/a><\/div>\n\n\n\n<div data-wp-interactive=\"core\/file\" class=\"wp-block-file\"><object data-wp-bind--hidden=\"!state.hasPdfPreview\" hidden class=\"wp-block-file__embed\" data=\"https:\/\/wordpress.nibis.de\/stursula\/files\/2023\/10\/2023_07_04_LZ_Ufo-landet-neben-Dixi-Klos.pdf\" type=\"application\/pdf\" style=\"width:100%;height:600px\" aria-label=\"Einbettung von Einbettung von 2023_07_04_LZ_Ufo-landet-neben-Dixi-Klos..\"><\/object><a id=\"wp-block-file--media-32dd78ae-3711-4821-862c-201e6bd6a522\" href=\"https:\/\/wordpress.nibis.de\/stursula\/files\/2023\/10\/2023_07_04_LZ_Ufo-landet-neben-Dixi-Klos.pdf\">2023_07_04_LZ_Ufo-landet-neben-Dixi-Klos<\/a><a href=\"https:\/\/wordpress.nibis.de\/stursula\/files\/2023\/10\/2023_07_04_LZ_Ufo-landet-neben-Dixi-Klos.pdf\" class=\"wp-block-file__button\" download aria-describedby=\"wp-block-file--media-32dd78ae-3711-4821-862c-201e6bd6a522\">Herunterladen<\/a><\/div>\n\n\n","protected":false},"excerpt":{"rendered":"<p>Mathematik zum Anfassen 2018-10-29-LZ-Kinder lassen Geister leuchten Einen Kurzfilm von der Er\u00f6ffnungsveranstaltung k\u00f6nnen Sie hier einsehen. 10 Jahre &#8222;Book Buddy&#8220; Raum f\u00fcrs Lesen, Nieders\u00e4chsisches Kultusministerium, M\u00e4rz 2016 Landeszeitung<\/p>\n","protected":false},"author":9194205,"featured_media":0,"parent":0,"menu_order":0,"comment_status":"closed","ping_status":"closed","template":"","meta":{"footnotes":""},"class_list":["post-2466","page","type-page","status-publish","hentry"],"_links":{"self":[{"href":"https:\/\/wordpress.nibis.de\/stursula\/wp-json\/wp\/v2\/pages\/2466","targetHints":{"allow":["GET"]}}],"collection":[{"href":"https:\/\/wordpress.nibis.de\/stursula\/wp-json\/wp\/v2\/pages"}],"about":[{"href":"https:\/\/wordpress.nibis.de\/stursula\/wp-json\/wp\/v2\/types\/page"}],"author":[{"embeddable":true,"href":"https:\/\/wordpress.nibis.de\/stursula\/wp-json\/wp\/v2\/users\/9194205"}],"replies":[{"embeddable":true,"href":"https:\/\/wordpress.nibis.de\/stursula\/wp-json\/wp\/v2\/comments?post=2466"}],"version-history":[{"count":7,"href":"https:\/\/wordpress.nibis.de\/stursula\/wp-json\/wp\/v2\/pages\/2466\/revisions"}],"predecessor-version":[{"id":3067,"href":"https:\/\/wordpress.nibis.de\/stursula\/wp-json\/wp\/v2\/pages\/2466\/revisions\/3067"}],"wp:attachment":[{"href":"https:\/\/wordpress.nibis.de\/stursula\/wp-json\/wp\/v2\/media?parent=2466"}],"curies":[{"name":"wp","href":"https:\/\/api.w.org\/{rel}","templated":true}]}}