{"id":2468,"date":"2023-07-12T16:02:09","date_gmt":"2023-07-12T14:02:09","guid":{"rendered":"https:\/\/wordpress.nibis.de\/stursula\/?page_id=2468"},"modified":"2023-07-13T16:23:45","modified_gmt":"2023-07-13T14:23:45","slug":"projekte-wettbewerbe","status":"publish","type":"page","link":"https:\/\/wordpress.nibis.de\/stursula\/projekte-wettbewerbe\/","title":{"rendered":"Projekte, Wettbewerbe"},"content":{"rendered":"<p><strong><img loading=\"lazy\" decoding=\"async\" class=\"size-medium wp-image-619 alignright\" src=\"https:\/\/wordpress.nibis.de\/stursula\/files\/2023\/07\/projekte-bild1-250.jpg\" alt=\"Projekte\" width=\"300\" height=\"200\">Projekte<\/strong><br \/>\nProjektarbeit bietet Kindern und Lehrerinnen die M\u00f6glichkeit, an einem Thema f\u00e4cher\u00fcbergreifend intensiv zu arbeiten. Dies kann auch innerhalb des Klassenunterrichtes \u00fcber einen bestimmten Zeitraum geschehen. Es kann auch ein Erkundungsgang oder eine Klassenreise darin enthalten sein. Solche Projekte entstehen anlassbezogen in Absprache mit Klassenlehrerin und Fachlehrerinnen.<\/p>\n<p>Alle zwei Jahre findet an der St.-Ursula-Schule eine Projektwoche statt. Zu einem \u00fcbergeordneten Thema werden verschiedene Angebote gemacht, unter denen die Kinder vor dem Beginn der Arbeit eine Wahl treffen.<\/p>\n<p><img loading=\"lazy\" decoding=\"async\" class=\"alignright size-medium wp-image-620\" src=\"https:\/\/wordpress.nibis.de\/stursula\/files\/2023\/07\/projekte-bild2-250.jpg\" alt=\"Projekte\" width=\"300\" height=\"200\">Die Projekte sind klassen\u00fcbergreifend und jahrgangs\u00fcbergreifend und m\u00f6chten vor allem Gelegenheit zum praktischen Erkunden bieten. Nach vier Tagen gemeinsamer Arbeit werden am f\u00fcnften Tag die Ergebnisse der Arbeitsgruppen in der Schulgemeinschaft vorgestellt.<\/p>\n<p>Die Mithilfe von Eltern und anderen Personen, die \u00fcber Fachwissen zu unseren Projekten verf\u00fcgen, ist ausdr\u00fccklich erw\u00fcnscht. Wir freuen uns, wenn Sie uns ansprechen.<\/p>\n<p><strong>Das Projekt \u201cbook-buddy\u201d<\/strong><br \/>\nDrittkl\u00e4ssler lesen Vorschulkindern einmal vierzehnt\u00e4gig vor \u2013 f\u00fcr uns ein einfaches aber sehr effektvolles Modell f\u00fcr eine weitere, enge Kooperation mit dem Kindergarten.<\/p>\n<p><strong>K\u00fcrbiswettbewerb der St.-Ursula-Schule 2016<\/strong><strong><img loading=\"lazy\" decoding=\"async\" class=\"alignright wp-image-1557\" src=\"https:\/\/wordpress.nibis.de\/stursula\/files\/2023\/07\/kuerbis-2-250.jpg\" width=\"300\" height=\"224\"><\/strong><br \/>\nIm Fr\u00fchjahr 2016 hat Frau Koch K\u00fcrbispflanzen f\u00fcr die Klassen 1-3 mitgebracht und gefragt, welche Klassen bei dem Wettbewerb mitmachen wollen. In der Garten-AG wurden die K\u00fcrbisse gepflanzt. Frau Koch hatte Schilder f\u00fcr die Klassen gebaut, an denen die K\u00fcrbisse wachsen konnten. Die Art hei\u00dft Geele Reuzen. Das ist holl\u00e4ndisch und hei\u00dft \u00fcbersetzt Gelber Riese. Er soll sehr schmackhaft sein und er kann sehr gro\u00df werden, wie sein Name schon sagt.<\/p>\n<p><a href=\"https:\/\/wordpress.nibis.de\/stursula\/files\/2023\/07\/Kuerbiswettbewerb_2016.pdf\" target=\"_blank\" rel=\"noopener\">Hier erfahren sie mehr zum K\u00fcrbiswettbewerb<\/a>.<\/p>\n","protected":false},"excerpt":{"rendered":"<p>Projekte Projektarbeit bietet Kindern und Lehrerinnen die M\u00f6glichkeit, an einem Thema f\u00e4cher\u00fcbergreifend intensiv zu arbeiten. Dies kann auch innerhalb des Klassenunterrichtes \u00fcber einen bestimmten Zeitraum geschehen. Es kann auch ein Erkundungsgang oder eine Klassenreise darin enthalten sein. Solche Projekte entstehen anlassbezogen in Absprache mit Klassenlehrerin und Fachlehrerinnen. Alle zwei Jahre findet an der St.-Ursula-Schule eine Projektwoche statt. Zu einem \u00fcbergeordneten Thema werden verschiedene Angebote gemacht, unter denen die Kinder vor dem Beginn der Arbeit eine Wahl treffen. Die Projekte sind&#8230;<\/p>\n<p class=\"read-more\"><a class=\"btn btn-default\" href=\"https:\/\/wordpress.nibis.de\/stursula\/projekte-wettbewerbe\/\">Weiterlesen<span class=\"screen-reader-text\"> Weiterlesen<\/span><\/a><\/p>\n","protected":false},"author":9194205,"featured_media":0,"parent":0,"menu_order":0,"comment_status":"closed","ping_status":"closed","template":"","meta":{"footnotes":""},"class_list":["post-2468","page","type-page","status-publish","hentry"],"_links":{"self":[{"href":"https:\/\/wordpress.nibis.de\/stursula\/wp-json\/wp\/v2\/pages\/2468","targetHints":{"allow":["GET"]}}],"collection":[{"href":"https:\/\/wordpress.nibis.de\/stursula\/wp-json\/wp\/v2\/pages"}],"about":[{"href":"https:\/\/wordpress.nibis.de\/stursula\/wp-json\/wp\/v2\/types\/page"}],"author":[{"embeddable":true,"href":"https:\/\/wordpress.nibis.de\/stursula\/wp-json\/wp\/v2\/users\/9194205"}],"replies":[{"embeddable":true,"href":"https:\/\/wordpress.nibis.de\/stursula\/wp-json\/wp\/v2\/comments?post=2468"}],"version-history":[{"count":5,"href":"https:\/\/wordpress.nibis.de\/stursula\/wp-json\/wp\/v2\/pages\/2468\/revisions"}],"predecessor-version":[{"id":2734,"href":"https:\/\/wordpress.nibis.de\/stursula\/wp-json\/wp\/v2\/pages\/2468\/revisions\/2734"}],"wp:attachment":[{"href":"https:\/\/wordpress.nibis.de\/stursula\/wp-json\/wp\/v2\/media?parent=2468"}],"curies":[{"name":"wp","href":"https:\/\/api.w.org\/{rel}","templated":true}]}}