{"id":2477,"date":"2023-07-12T16:04:43","date_gmt":"2023-07-12T14:04:43","guid":{"rendered":"https:\/\/wordpress.nibis.de\/stursula\/?page_id=2477"},"modified":"2023-09-21T10:33:42","modified_gmt":"2023-09-21T08:33:42","slug":"sponsoren","status":"publish","type":"page","link":"https:\/\/wordpress.nibis.de\/stursula\/sponsoren\/","title":{"rendered":"Sponsoren"},"content":{"rendered":"<p>Ohne Sponsoren w\u00e4ren viele Projekte an der St.-Ursula-Schule nicht umsetzbar. Wir m\u00f6chten uns an dieser Stelle daher ganz herzlich bei allen bedanken, die unsere Schule finanziell unterst\u00fctzen oder unterst\u00fctzt haben. Neben den Sponsoren dieser Auflistung gibt es weitere anonyme Sponsoren. Sollten wir in dieser Auflistung jemanden vergessen haben, entschuldigen wir uns daf\u00fcr. Bitte senden Sie uns f\u00fcr diesen Fall <a href=\"&#x6d;&#97;i&#x6c;&#116;o&#x3a;&#105;n&#x66;&#111;&#64;&#x73;&#116;-&#x75;&#114;s&#x75;&#108;a&#x2d;&#115;c&#x68;&#117;l&#x65;&#46;l&#x75;&#101;n&#x65;&#98;u&#x72;&#103;&#46;&#x64;&#101;\">eine kurze Mitteilung<\/a>.<\/p>\n<p><strong>Haupt-Unterst\u00fctzer bei der Einrichtung des Neubaus:<\/strong><\/p>\n<p><strong>Modelleisenbahnprojekt<\/strong><br \/>\nLionsClub L\u00fcneburg<\/p>\n<p><em><strong>Stuhlpatenschaften<\/strong>: <\/em><br \/>\nLapLaser<br \/>\nVolksbank L\u00fcneburger Heide EG<br \/>\nRound Table 70<br \/>\nAnwaltskanzlei Abraham, Ebert &amp; Kollegen<br \/>\nIngenieurb\u00fcro Uhden GmbH&amp;Co KG<br \/>\nSieb &amp; Meyer<br \/>\nL\u00fcneburger Haustechnik<br \/>\nelativum gmbh<br \/>\nThelma Doran (Irland)<br \/>\nFamilie Weissmann<br \/>\nFamilie Trabandt<br \/>\nFamilie Schreiber<br \/>\nDesmond Doran (Irland)<br \/>\nFamilie Gade<br \/>\nFamilie Blankenburg<br \/>\nFamilie Ruprecht<br \/>\nFamilie Hermann<br \/>\nFamilie Metzen<br \/>\nMaev Doran (Belgien)<br \/>\nFamilie Block<br \/>\nFamilie Ahrens-Imhorst<\/p>\n<p><em><strong>Werkraum<\/strong>: <\/em><br \/>\nFred Zander Stiftung<br \/>\nHandelskammer L\u00fcneburg<\/p>\n<p><em><strong>Raum der Stille<\/strong>: <\/em><br \/>\nBonifatiuswerk<\/p>\n<p><strong><em>Ausstattung moderne Medien: <\/em><\/strong><br \/>\nFirma Telcoland<br \/>\nLegamaster<br \/>\nSparkassenstiftung L\u00fcneburg<\/p>\n<p><em><strong>Experimentierk\u00e4sten<\/strong>:<\/em><br \/>\nFirma Fuller<br \/>\nPanasonic Europe<br \/>\nSieb &amp; Meyer<\/p>\n<p><em><strong>Ausstattung Schulgarten<\/strong>:<\/em><br \/>\nFirma Gardena<\/p>\n<p><em><strong>Wanderausstellung &#8222;Mathematikum<\/strong>&#8222;:<\/em><br \/>\nSieb&amp;Meyer<\/p>\n<p><em><strong>Sicherheitswesten f\u00fcr die Erstkl\u00e4ssler<\/strong>:<\/em><br \/>\nRound Table L\u00fcneburg<\/p>\n<p><em><strong>Zuwendung Klassenfahrt<\/strong>:<\/em><br \/>\nSparda-Bank-Hamburg<\/p>\n","protected":false},"excerpt":{"rendered":"<p>Ohne Sponsoren w\u00e4ren viele Projekte an der St.-Ursula-Schule nicht umsetzbar. Wir m\u00f6chten uns an dieser Stelle daher ganz herzlich bei allen bedanken, die unsere Schule finanziell unterst\u00fctzen oder unterst\u00fctzt haben. Neben den Sponsoren dieser Auflistung gibt es weitere anonyme Sponsoren. Sollten wir in dieser Auflistung jemanden vergessen haben, entschuldigen wir uns daf\u00fcr. Bitte senden Sie uns f\u00fcr diesen Fall eine kurze Mitteilung. Haupt-Unterst\u00fctzer bei der Einrichtung des Neubaus: Modelleisenbahnprojekt LionsClub L\u00fcneburg Stuhlpatenschaften: LapLaser Volksbank L\u00fcneburger Heide EG Round Table 70&#8230;<\/p>\n<p class=\"read-more\"><a class=\"btn btn-default\" href=\"https:\/\/wordpress.nibis.de\/stursula\/sponsoren\/\">Weiterlesen<span class=\"screen-reader-text\"> Weiterlesen<\/span><\/a><\/p>\n","protected":false},"author":9194205,"featured_media":0,"parent":0,"menu_order":0,"comment_status":"closed","ping_status":"closed","template":"","meta":{"footnotes":""},"class_list":["post-2477","page","type-page","status-publish","hentry"],"_links":{"self":[{"href":"https:\/\/wordpress.nibis.de\/stursula\/wp-json\/wp\/v2\/pages\/2477","targetHints":{"allow":["GET"]}}],"collection":[{"href":"https:\/\/wordpress.nibis.de\/stursula\/wp-json\/wp\/v2\/pages"}],"about":[{"href":"https:\/\/wordpress.nibis.de\/stursula\/wp-json\/wp\/v2\/types\/page"}],"author":[{"embeddable":true,"href":"https:\/\/wordpress.nibis.de\/stursula\/wp-json\/wp\/v2\/users\/9194205"}],"replies":[{"embeddable":true,"href":"https:\/\/wordpress.nibis.de\/stursula\/wp-json\/wp\/v2\/comments?post=2477"}],"version-history":[{"count":3,"href":"https:\/\/wordpress.nibis.de\/stursula\/wp-json\/wp\/v2\/pages\/2477\/revisions"}],"predecessor-version":[{"id":2813,"href":"https:\/\/wordpress.nibis.de\/stursula\/wp-json\/wp\/v2\/pages\/2477\/revisions\/2813"}],"wp:attachment":[{"href":"https:\/\/wordpress.nibis.de\/stursula\/wp-json\/wp\/v2\/media?parent=2477"}],"curies":[{"name":"wp","href":"https:\/\/api.w.org\/{rel}","templated":true}]}}