{"id":2481,"date":"2023-07-12T16:05:21","date_gmt":"2023-07-12T14:05:21","guid":{"rendered":"https:\/\/wordpress.nibis.de\/stursula\/?page_id=2481"},"modified":"2025-10-08T10:42:24","modified_gmt":"2025-10-08T08:42:24","slug":"ueber-uns","status":"publish","type":"page","link":"https:\/\/wordpress.nibis.de\/stursula\/ueber-uns\/","title":{"rendered":"\u00dcber uns"},"content":{"rendered":"<p>Die Schulbibliothek in der St.-Ursula-Schule l\u00e4uft eigenst\u00e4ndig und wird vom F\u00f6rderverein der Schule unterst\u00fctzt. Das Team besteht aus einer Leiterin und zehn ehrenamtlichen Mitarbeiterinnen. Die Bibliothek ist an jedem Schultag von 8:00 bis 13:00 Uhr durchgehend ge\u00f6ffnet.<\/p>\n<p>Knapp 5.000 Medien stehen den Kindern hier auf 130 m\u00b2 zur Verf\u00fcgung. Zwischen zwei Lernateliers befindet sich das Selbstlernzentrum mit Bibliothek und PC-Raum.<\/p>\n<p><a href=\"https:\/\/wordpress.nibis.de\/stursula\/files\/2023\/07\/books-3482286_1920.jpg\"><img loading=\"lazy\" decoding=\"async\" class=\"alignleft wp-image-3645\" title=\"Bild von Ich bin dann mal raus hier auf Pixabay \" src=\"https:\/\/wordpress.nibis.de\/stursula\/files\/2023\/07\/books-3482286_1920.jpg\" alt=\"\" width=\"308\" height=\"207\" \/><\/a>Die M\u00f6blierung ist kinderfreundlich gestaltet: Die Regale sind nicht h\u00f6her als 1,40 m, au\u00dferdem gibt es gem\u00fctliche Sitzs\u00e4cke zum Schm\u00f6kern sowie Arbeitspl\u00e4tze am Tisch.<\/p>\n<p>Die Schulbibliothek stellt Sach- und Fachb\u00fccher sowie Romane zur Verf\u00fcgung, aber auch Zeitschriften, Comics und CDs. Unsere Kinderliteratur reicht vom anspruchsvollen Bilderbuch \u00fcber die Klassiker bis hin zu den brandaktuellen Neuerscheinungen. So unterst\u00fctzt sie das Lesen f\u00fcr den Unterricht und die Freizeitlekt\u00fcre und ist zus\u00e4tzlich ein beliebter Treffpunkt in den Pausen und Freistunden.<\/p>\n<p><a href=\"https:\/\/wordpress.nibis.de\/stursula\/files\/2023\/07\/book-5211268_1920.jpg\"><img loading=\"lazy\" decoding=\"async\" class=\"alignright wp-image-3647\" title=\"Bild von Hermann Kollinger auf Pixabay \" src=\"https:\/\/wordpress.nibis.de\/stursula\/files\/2023\/07\/book-5211268_1920.jpg\" alt=\"\" width=\"319\" height=\"217\" \/><\/a>Gerne kommen ganze Klassen in die Bibliothek um ein Sachthema zu erarbeiten. Der Sachbuchbestand orientiert sich an den Kerncurricula des Sachunterrichts aller vier Klassenstufen, so dass zu jedem wichtigen Thema Recherchematerial in der Bibliothek zu finden ist. Dabei stehen die Mitarbeiterinnen nicht nur den Kindern beim Recherchieren und Nutzen von Sachb\u00fcchern zur Seite. Auf Anfrage der Lehrer_innen stellt das B\u00fcchereiteam auch gern Projektkisten zu den Unterrichtsinhalten zusammen.<\/p>\n<p>Auch durch zahlreiche Veranstaltungen im Schuljahr wie zum Beispiel die <a href=\"https:\/\/wordpress.nibis.de\/stursula\/bibliothek\/lesenacht\/\"><strong>Lesenacht<\/strong><\/a> erhalten die Kinder neue Anregungen. Lehrer_innen k\u00f6nnen sich beim j\u00e4hrlich stattfindenden B\u00fcchereinachmittag f\u00fcr Lehrkr\u00e4fte \u00fcber Neuheiten der Kinder- und Jugendliteratur und weitere Angebote der Bibliothek informieren. Auch beim j\u00e4hrlichen <a href=\"https:\/\/www.vorlesetag.de\"><strong>bundesweiten Vorlesetag<\/strong><\/a> ist die Schulbibliothek dabei. Zudem bieten wir Klassenf\u00fchrungen, B\u00fcchertische, Bilderbuchkino und verschiedene Projekte an. Au\u00dferdem halten wir engen Kontakt zum Kindergarten mit unserem Lesef\u00f6rderprogramm <strong><a href=\"https:\/\/wordpress.nibis.de\/stursula\/files\/2023\/07\/Book-Buddy.pdf\">BookBuddy<\/a>.<\/strong><\/p>\n<p>Die St-Ursula-Schulbibliothek wurde ausgezeichnet im Heft der Akademie f\u00fcr Lesef\u00f6rderung &#8222;Zeit f\u00fcrs Lesen&#8220;<\/p>\n<p><strong>Nieders\u00e4chsisches Kultusministerium <a href=\"https:\/\/wordpress.nibis.de\/stursula\/files\/2023\/07\/raum_fuers_lesen_onlineversion.pdf\"><u><span style=\"color: #0066cc\">mehr<\/span><\/u><\/a><\/strong><br \/>\nNiedersachsen auf dem Weg zur Leseschule &#8222;Raum f\u00fcrs Lesen&#8220;<\/p>\n<p><span style=\"margin: 0px;font-family: 'Calibri','sans-serif'\"><span style=\"color: #000000;font-size: medium\">\u00a0<\/span><\/span><\/p>\n<p><span style=\"margin: 0px;font-family: 'Calibri','sans-serif'\">\u00a0<\/span><\/p>\n<p><span style=\"margin: 0px;font-family: 'Calibri','sans-serif'\">\u00a0<\/span><\/p>\n","protected":false},"excerpt":{"rendered":"<p>Die Schulbibliothek in der St.-Ursula-Schule l\u00e4uft eigenst\u00e4ndig und wird vom F\u00f6rderverein der Schule unterst\u00fctzt. Das Team besteht aus einer Leiterin und zehn ehrenamtlichen Mitarbeiterinnen. Die Bibliothek ist an jedem Schultag von 8:00 bis 13:00 Uhr durchgehend ge\u00f6ffnet. Knapp 5.000 Medien stehen den Kindern hier auf 130 m\u00b2 zur Verf\u00fcgung. Zwischen zwei Lernateliers befindet sich das Selbstlernzentrum mit Bibliothek und PC-Raum. Die M\u00f6blierung ist kinderfreundlich gestaltet: Die Regale sind nicht h\u00f6her als 1,40 m, au\u00dferdem gibt es gem\u00fctliche Sitzs\u00e4cke zum Schm\u00f6kern&#8230;<\/p>\n<p class=\"read-more\"><a class=\"btn btn-default\" href=\"https:\/\/wordpress.nibis.de\/stursula\/ueber-uns\/\">Weiterlesen<span class=\"screen-reader-text\"> Weiterlesen<\/span><\/a><\/p>\n","protected":false},"author":9194205,"featured_media":0,"parent":0,"menu_order":0,"comment_status":"closed","ping_status":"closed","template":"","meta":{"footnotes":""},"class_list":["post-2481","page","type-page","status-publish","hentry"],"_links":{"self":[{"href":"https:\/\/wordpress.nibis.de\/stursula\/wp-json\/wp\/v2\/pages\/2481","targetHints":{"allow":["GET"]}}],"collection":[{"href":"https:\/\/wordpress.nibis.de\/stursula\/wp-json\/wp\/v2\/pages"}],"about":[{"href":"https:\/\/wordpress.nibis.de\/stursula\/wp-json\/wp\/v2\/types\/page"}],"author":[{"embeddable":true,"href":"https:\/\/wordpress.nibis.de\/stursula\/wp-json\/wp\/v2\/users\/9194205"}],"replies":[{"embeddable":true,"href":"https:\/\/wordpress.nibis.de\/stursula\/wp-json\/wp\/v2\/comments?post=2481"}],"version-history":[{"count":5,"href":"https:\/\/wordpress.nibis.de\/stursula\/wp-json\/wp\/v2\/pages\/2481\/revisions"}],"predecessor-version":[{"id":3235,"href":"https:\/\/wordpress.nibis.de\/stursula\/wp-json\/wp\/v2\/pages\/2481\/revisions\/3235"}],"wp:attachment":[{"href":"https:\/\/wordpress.nibis.de\/stursula\/wp-json\/wp\/v2\/media?parent=2481"}],"curies":[{"name":"wp","href":"https:\/\/api.w.org\/{rel}","templated":true}]}}