{"id":15,"date":"2024-10-21T07:55:15","date_gmt":"2024-10-21T05:55:15","guid":{"rendered":"https:\/\/wordpress.nibis.de\/vortragsreihe\/?page_id=15"},"modified":"2024-12-17T15:34:36","modified_gmt":"2024-12-17T14:34:36","slug":"multiprofessionelle-zusammenarbeit","status":"publish","type":"page","link":"https:\/\/wordpress.nibis.de\/vortragsreihe\/multiprofessionelle-zusammenarbeit\/","title":{"rendered":"Multiprofessionelle Zusammenarbeit in der Schule effektiv gestalten"},"content":{"rendered":"\n<h2 class=\"has-text-align-center wp-block-heading\">Donnerstag, 21. November 2024<br>10:00 Uhr &#8211; 12:00 Uhr<\/h2>\n\n\n\n<hr class=\"wp-block-separator\" \/>\n\n\n\n<h2 class=\"has-text-align-center wp-block-heading\"><a href=\"https:\/\/wordpress.nibis.de\/vortragsreihe\/multiprofessionelle-zusammenarbeit-doku\/\" target=\"_blank\" rel=\"noreferrer noopener\">Dokumentation des Vortrags<\/a><\/h2>\n\n\n\n<hr class=\"wp-block-separator\" \/>\n\n\n\n<p><img loading=\"lazy\" decoding=\"async\" class=\"size-full wp-image-16 alignleft\" src=\"https:\/\/wordpress.nibis.de\/vortragsreihe\/files\/2024\/10\/Steinert.png\" alt=\"\" width=\"170\" height=\"262\" \/>In dieser Veranstaltung erfahren Sie, wie Sie die Zusammenarbeit in multiprofessionellen Teams erfolgreich f\u00f6rdern und gestalten k\u00f6nnen. Wie arbeiten verschiedene Berufsgruppen \u2013 Lehrkr\u00e4fte, Schulsozialarbeiterinnen, Sonderp\u00e4dagoginnen und andere \u2013 effektiv auf Augenh\u00f6he zusammen, um optimale Lern- und Entwicklungsbedingungen f\u00fcr Sch\u00fcler*innen zu schaffen.<\/p>\n<p>Der Vortrag bietet theoretische Grundlagen sowie interaktive Phasen in Breakout-R\u00e4umen, um konkrete Strategien f\u00fcr Ihre Schule zu erarbeiten. Sie werden Best-Practice-Beispiele kennenlernen und praxisnah L\u00f6sungen f\u00fcr h\u00e4ufige Herausforderungen entwickeln, wie z. B. die Organisation von Teamzeiten, klare Aufgabenverteilungen und Kommunikationswege.<\/p>\n<p><b>Referent Wilfried W. Steinert <\/b>ist Theologe und P\u00e4dagoge und freiberuflich t\u00e4tig als Bildungsexperte in Fortbildung und Beratung; Coaching von Schulentwicklungsprozessen sowie Prozessbegleitung, Moderation und Dokumentation kommunaler inklusiver Prozesse.<\/p>\n<p>\u00a0<\/p>\n<p>\u00a0<\/p>\n<p>\u00a0<\/p>\n","protected":false},"excerpt":{"rendered":"<p>Donnerstag, 21. November 202410:00 Uhr &#8211; 12:00 Uhr Dokumentation des Vortrags In dieser Veranstaltung erfahren Sie, wie Sie die Zusammenarbeit in multiprofessionellen Teams erfolgreich f\u00f6rdern und gestalten k\u00f6nnen. Wie arbeiten verschiedene Berufsgruppen \u2013 Lehrkr\u00e4fte, Schulsozialarbeiterinnen, Sonderp\u00e4dagoginnen und andere \u2013 effektiv auf Augenh\u00f6he zusammen, um optimale Lern- und Entwicklungsbedingungen f\u00fcr Sch\u00fcler*innen zu schaffen. Der Vortrag bietet theoretische Grundlagen sowie interaktive Phasen in Breakout-R\u00e4umen, um konkrete Strategien f\u00fcr Ihre Schule zu erarbeiten. Sie werden Best-Practice-Beispiele kennenlernen und praxisnah L\u00f6sungen f\u00fcr h\u00e4ufige Herausforderungen&#8230;<\/p>\n<p class=\"read-more\"><a class=\"btn btn-default\" href=\"https:\/\/wordpress.nibis.de\/vortragsreihe\/multiprofessionelle-zusammenarbeit\/\">Weiterlesen<span class=\"screen-reader-text\"> Weiterlesen<\/span><\/a><\/p>\n","protected":false},"author":9193395,"featured_media":0,"parent":0,"menu_order":0,"comment_status":"closed","ping_status":"closed","template":"","meta":{"footnotes":""},"class_list":["post-15","page","type-page","status-publish","hentry"],"_links":{"self":[{"href":"https:\/\/wordpress.nibis.de\/vortragsreihe\/wp-json\/wp\/v2\/pages\/15","targetHints":{"allow":["GET"]}}],"collection":[{"href":"https:\/\/wordpress.nibis.de\/vortragsreihe\/wp-json\/wp\/v2\/pages"}],"about":[{"href":"https:\/\/wordpress.nibis.de\/vortragsreihe\/wp-json\/wp\/v2\/types\/page"}],"author":[{"embeddable":true,"href":"https:\/\/wordpress.nibis.de\/vortragsreihe\/wp-json\/wp\/v2\/users\/9193395"}],"replies":[{"embeddable":true,"href":"https:\/\/wordpress.nibis.de\/vortragsreihe\/wp-json\/wp\/v2\/comments?post=15"}],"version-history":[{"count":24,"href":"https:\/\/wordpress.nibis.de\/vortragsreihe\/wp-json\/wp\/v2\/pages\/15\/revisions"}],"predecessor-version":[{"id":163,"href":"https:\/\/wordpress.nibis.de\/vortragsreihe\/wp-json\/wp\/v2\/pages\/15\/revisions\/163"}],"wp:attachment":[{"href":"https:\/\/wordpress.nibis.de\/vortragsreihe\/wp-json\/wp\/v2\/media?parent=15"}],"curies":[{"name":"wp","href":"https:\/\/api.w.org\/{rel}","templated":true}]}}