{"id":2,"date":"2024-10-17T09:11:07","date_gmt":"2024-10-17T07:11:07","guid":{"rendered":"https:\/\/wordpress.nibis.de\/vortragsreihe\/?page_id=2"},"modified":"2026-02-19T11:12:24","modified_gmt":"2026-02-19T10:12:24","slug":"beispiel-seite","status":"publish","type":"page","link":"https:\/\/wordpress.nibis.de\/vortragsreihe\/","title":{"rendered":"Online-Vortragsreihe f\u00fcr Schulleitungen zu Themen aus dem Bereich Bildung f\u00fcr nachhaltige Entwicklung (BNE)"},"content":{"rendered":"\n<p>Im Rahmen dieser Vortragsreihe erhalten interessierte Schulleitungsmitglieder Einblicke und Inputs zu ausgew\u00e4hlten Themenschwerpunkten aus dem Bereich BNE.<\/p>\n\n\n\n<p>Renommierte Expertinnen und Experten bieten wertvolle Impulse zu aktuellen Fragestellungen rund um BNE. Nach jedem Vortrag haben die Teilnehmenden die M\u00f6glichkeit, sich direkt mit den Referierenden auszutauschen und ihre Fragen und Anliegen zu diskutieren.<\/p>\n\n\n\n<p>Die Reihe richtet sich an alle Mitglieder der Schulleitung sowie erweiterte Schulleitungen. Die Anmeldung zu den Terminen erfolgt \u00fcber das NLC. Sie finden die jeweiligen Anmeldelinks in der Programm\u00fcbersicht. Eine Anmeldung erfolgt zu allen Terminen separat.<\/p>\n\n\n\n<p>Die Vortr\u00e4ge werden aufgezeichnet und anschlie\u00dfend auf dieser Seite zur Verf\u00fcgung gestellt.<br>F\u00fcr Weitere Informationen zu den einzelnen Vortr\u00e4gen klicken Sie auf die Links in der Tabelle.<\/p>\n\n\n\n<p>Die Termine werden sukzessive ver\u00f6ffentlicht.<\/p>\n\n\n\n<div class=\"wp-block-columns is-layout-flex wp-container-core-columns-is-layout-abceabcf wp-block-columns-is-layout-flex\">\n<div class=\"wp-block-column is-layout-flow wp-block-column-is-layout-flow\" style=\"--col-width:100%;flex-basis:100%\">\n<figure class=\"wp-block-table is-style-regular\"><table><tbody><tr><td><strong>Datum<\/strong><\/td><td><strong>Angebot<\/strong><\/td><td><strong>Referierende <\/strong>                       <br><\/td><\/tr><tr><td>03. November 2025                        <br>14:00 -16:00 Uhr                      <\/td><td><a href=\"https:\/\/wordpress.nibis.de\/vortragsreihe\/strukturwandel-braucht-kulturwandel-aeusserer-wandel-braucht-inneren-wandel-haltungsbildung-in-schulischen-transformationsprozessen\/\"><strong>Strukturwandel braucht Kulturwandel <\/strong><br><strong>\u00e4u\u00dferer Wandel braucht inneren <\/strong><br><strong>Wandel: Haltungsbildung in schulischen Transformationsprozessen<\/strong><\/a><\/td><td>Timo Holthoff               <br>               <\/td><\/tr><tr><td>08. Dezember 2025<br>14:00 &#8211; 16:00 Uhr<\/td><td><a href=\"https:\/\/wordpress.nibis.de\/vortragsreihe\/agiles-projektmanagement-fuer-schulleitungenstruktur-finden-teams-mitnehmen-wandel-gut-steuern\/\"><strong>Agiles Projektmanagement f\u00fcr Schulleitungen: Struktur finden \u2013 Teams mitnehmen \u2013 Wandel gut steuern<\/strong><\/a><\/td><td>Joana Kompa<\/td><\/tr><tr><td>23. Februar 2026<br>14:00 &#8211; 16:00 Uhr<\/td><td><strong><a href=\"https:\/\/wordpress.nibis.de\/vortragsreihe\/bne-demokratiebildung-gemeinsam-schule-gestalten\/\">BNE &amp; Demokratiebildung &#8211; gemeinsam Schule gestalten<\/a><\/strong><\/td><td>Prof. Dr. Mandy Singer-Brodowski<\/td><\/tr><tr><td>04. M\u00e4rz 2026<br>15:30 &#8211; 17:00 Uhr<\/td><td><strong><a href=\"https:\/\/wordpress.nibis.de\/vortragsreihe\/der-frei-day-als-impuls-fuer-ganzheitliche-schulentwicklung\/\">Der FREI DAY als Impuls f\u00fcr ganzheitliche Schulentwicklung<\/a><\/strong><\/td><td>Laura Blum<\/td><\/tr><tr><td>09. M\u00e4rz 2026<br>14:00 &#8211; 16:00 Uhr<\/td><td><a href=\"https:\/\/wordpress.nibis.de\/vortragsreihe\/?page_id=274\"><strong>BNE und politische Bildung als Demokratischer Bildungsauftrag. Mythen, Prinzipien und empirische Erkenntnisse&#8220;&nbsp;<\/strong><\/a><\/td><td>Prof. Dr. Steve Kenner<\/td><\/tr><\/tbody><\/table><\/figure>\n<\/div>\n<\/div>\n\n\n\n<p><\/p>\n","protected":false},"excerpt":{"rendered":"<p>Im Rahmen dieser Vortragsreihe erhalten interessierte Schulleitungsmitglieder Einblicke und Inputs zu ausgew\u00e4hlten Themenschwerpunkten aus dem Bereich BNE. Renommierte Expertinnen und Experten bieten wertvolle Impulse zu aktuellen Fragestellungen rund um BNE. Nach jedem Vortrag haben die Teilnehmenden die M\u00f6glichkeit, sich direkt mit den Referierenden auszutauschen und ihre Fragen und Anliegen zu diskutieren. Die Reihe richtet sich an alle Mitglieder der Schulleitung sowie erweiterte Schulleitungen. Die Anmeldung zu den Terminen erfolgt \u00fcber das NLC. Sie finden die jeweiligen Anmeldelinks in der Programm\u00fcbersicht&#8230;.<\/p>\n<p class=\"read-more\"><a class=\"btn btn-default\" href=\"https:\/\/wordpress.nibis.de\/vortragsreihe\/\">Weiterlesen<span class=\"screen-reader-text\"> Weiterlesen<\/span><\/a><\/p>\n","protected":false},"author":9194477,"featured_media":0,"parent":0,"menu_order":0,"comment_status":"closed","ping_status":"open","template":"","meta":{"footnotes":""},"class_list":["post-2","page","type-page","status-publish","hentry"],"_links":{"self":[{"href":"https:\/\/wordpress.nibis.de\/vortragsreihe\/wp-json\/wp\/v2\/pages\/2","targetHints":{"allow":["GET"]}}],"collection":[{"href":"https:\/\/wordpress.nibis.de\/vortragsreihe\/wp-json\/wp\/v2\/pages"}],"about":[{"href":"https:\/\/wordpress.nibis.de\/vortragsreihe\/wp-json\/wp\/v2\/types\/page"}],"author":[{"embeddable":true,"href":"https:\/\/wordpress.nibis.de\/vortragsreihe\/wp-json\/wp\/v2\/users\/9194477"}],"replies":[{"embeddable":true,"href":"https:\/\/wordpress.nibis.de\/vortragsreihe\/wp-json\/wp\/v2\/comments?post=2"}],"version-history":[{"count":29,"href":"https:\/\/wordpress.nibis.de\/vortragsreihe\/wp-json\/wp\/v2\/pages\/2\/revisions"}],"predecessor-version":[{"id":289,"href":"https:\/\/wordpress.nibis.de\/vortragsreihe\/wp-json\/wp\/v2\/pages\/2\/revisions\/289"}],"wp:attachment":[{"href":"https:\/\/wordpress.nibis.de\/vortragsreihe\/wp-json\/wp\/v2\/media?parent=2"}],"curies":[{"name":"wp","href":"https:\/\/api.w.org\/{rel}","templated":true}]}}