{"id":248,"date":"2026-02-03T12:43:07","date_gmt":"2026-02-03T11:43:07","guid":{"rendered":"https:\/\/wordpress.nibis.de\/vortragsreihe\/?page_id=248"},"modified":"2026-02-26T08:10:23","modified_gmt":"2026-02-26T07:10:23","slug":"bne-demokratiebildung-gemeinsam-schule-gestalten","status":"publish","type":"page","link":"https:\/\/wordpress.nibis.de\/vortragsreihe\/bne-demokratiebildung-gemeinsam-schule-gestalten\/","title":{"rendered":"BNE &amp; Demokratiebildung &#8211; gemeinsam Schule gestalten"},"content":{"rendered":"\n<hr class=\"wp-block-separator has-alpha-channel-opacity\" \/>\n\n\n\n<h2 class=\"wp-block-heading has-text-align-center\"><a href=\"https:\/\/wordpress.nibis.de\/vortragsreihe\/bne-demokratiebildung-gemeinsam-schule-gestalten-dokumentation\/\">Dokumentation des Vortrags<\/a><\/h2>\n\n\n\n<hr class=\"wp-block-separator has-alpha-channel-opacity\" \/>\n\n\n\n<p>Wie k\u00f6nnen Schulen Bildung f\u00fcr nachhaltige Entwicklung und Demokratiebildung so umsetzen, dass sie tr\u00e4gt \u2013 fachlich fundiert, demokratisch legitimiert und von der gesamten Schulgemeinschaft mitgetragen wird?<\/p>\n\n\n\n<p>In ihrem interaktiven Vortrag zeigt Mandy Singer-Brodowski, wie BNE und Demokratiebildung als gemeinsame Schulentwicklungsaufgabe verstanden und gestaltet werden k\u00f6nnen.<\/p>\n\n\n\n<p>Ausgehend vom Beutelsbacher Konsens geht es darum, Lern- und Aushandlungsr\u00e4ume zu er\u00f6ffnen, in denen unterschiedliche Perspektiven sichtbar werden und reflektiert bearbeitet werden k\u00f6nnen \u2013 ohne \u00dcberw\u00e4ltigung, aber mit klarer demokratischer Haltung. Im Fokus steht die Frage, wie Schulen Themen nachhaltiger Entwicklung politisch bildend aufgreifen und zugleich Partizipation als gelebte Praxis erfahrbar machen, damit nachhaltiges und demokratisches Leben erfahrbar wird und ge\u00fcbt werden kann.&nbsp;<\/p>\n\n\n\n<p>Der Vortrag verbindet wissenschaftliche Impulse mit dialogischen Elementen und l\u00e4dt dazu ein, Kollegium, Lernende und weitere Mitglieder der Schulgemeinschaft aktiv in Entwicklungsprozesse einzubeziehen. BNE und Demokratiebildung werden dabei als gemeinsame Gestaltungsaufgabe verstanden \u2013 als Haltung, die Schule als demokratischen Lern- und Lebensort pr\u00e4gt.<\/p>\n\n\n\n<p><strong>Referent:innen:<\/strong>&nbsp;<\/p>\n\n\n\n<p><strong>Prof. Dr. Mandy Singer-Brodowski<\/strong>&nbsp;\u2014 Professorin f\u00fcr&nbsp;<em>Bildung f\u00fcr nachhaltige Entwicklung<\/em>&nbsp;an der Universit\u00e4t Regensburg; Forschungsschwerpunkte: BNE-Implementierung und&nbsp;<em>transformative Lernprozesse<\/em>. Ihre Perspektive hilft Leitungsteams, BNE als Organisationsaufgabe jenseits einzelner Projekte zu verankern.&#8220;<\/p>\n\n\n\n<p><\/p>\n","protected":false},"excerpt":{"rendered":"<p>Dokumentation des Vortrags Wie k\u00f6nnen Schulen Bildung f\u00fcr nachhaltige Entwicklung und Demokratiebildung so umsetzen, dass sie tr\u00e4gt \u2013 fachlich fundiert, demokratisch legitimiert und von der gesamten Schulgemeinschaft mitgetragen wird? In ihrem interaktiven Vortrag zeigt Mandy Singer-Brodowski, wie BNE und Demokratiebildung als gemeinsame Schulentwicklungsaufgabe verstanden und gestaltet werden k\u00f6nnen. Ausgehend vom Beutelsbacher Konsens geht es darum, Lern- und Aushandlungsr\u00e4ume zu er\u00f6ffnen, in denen unterschiedliche Perspektiven sichtbar werden und reflektiert bearbeitet werden k\u00f6nnen \u2013 ohne \u00dcberw\u00e4ltigung, aber mit klarer demokratischer Haltung. Im&#8230;<\/p>\n<p class=\"read-more\"><a class=\"btn btn-default\" href=\"https:\/\/wordpress.nibis.de\/vortragsreihe\/bne-demokratiebildung-gemeinsam-schule-gestalten\/\">Weiterlesen<span class=\"screen-reader-text\"> Weiterlesen<\/span><\/a><\/p>\n","protected":false},"author":9193395,"featured_media":0,"parent":0,"menu_order":0,"comment_status":"closed","ping_status":"closed","template":"","meta":{"footnotes":""},"class_list":["post-248","page","type-page","status-publish","hentry"],"_links":{"self":[{"href":"https:\/\/wordpress.nibis.de\/vortragsreihe\/wp-json\/wp\/v2\/pages\/248","targetHints":{"allow":["GET"]}}],"collection":[{"href":"https:\/\/wordpress.nibis.de\/vortragsreihe\/wp-json\/wp\/v2\/pages"}],"about":[{"href":"https:\/\/wordpress.nibis.de\/vortragsreihe\/wp-json\/wp\/v2\/types\/page"}],"author":[{"embeddable":true,"href":"https:\/\/wordpress.nibis.de\/vortragsreihe\/wp-json\/wp\/v2\/users\/9193395"}],"replies":[{"embeddable":true,"href":"https:\/\/wordpress.nibis.de\/vortragsreihe\/wp-json\/wp\/v2\/comments?post=248"}],"version-history":[{"count":4,"href":"https:\/\/wordpress.nibis.de\/vortragsreihe\/wp-json\/wp\/v2\/pages\/248\/revisions"}],"predecessor-version":[{"id":319,"href":"https:\/\/wordpress.nibis.de\/vortragsreihe\/wp-json\/wp\/v2\/pages\/248\/revisions\/319"}],"wp:attachment":[{"href":"https:\/\/wordpress.nibis.de\/vortragsreihe\/wp-json\/wp\/v2\/media?parent=248"}],"curies":[{"name":"wp","href":"https:\/\/api.w.org\/{rel}","templated":true}]}}